{"id":12139,"date":"2018-11-05T21:55:05","date_gmt":"2018-11-05T20:55:05","guid":{"rendered":"http:\/\/klubmamgdynia.pl\/index.php\/produkt\/trefl-puzzle-54el-mini-badz-jak-psi-patrol-3-97570\/"},"modified":"2026-04-04T20:04:48","modified_gmt":"2026-04-04T18:04:48","slug":"trefl-puzzle-54el-mini-badz-jak-psi-patrol-3-97570","status":"publish","type":"product","link":"http:\/\/klubmamgdynia.pl\/index.php\/produkt\/trefl-puzzle-54el-mini-badz-jak-psi-patrol-3-97570\/","title":{"rendered":"Trefl Puzzle 54el. Mini B\u0105d\u017a Jak Psi Patrol 3 97570"},"content":{"rendered":"<p>Trefl Puzzle 54el. Mini B\u0105d\u017a Jak Psi Patrol 3 97570Puzzle dla najm\u0142odszych w ma\u0142ych, wygodnych pude\u0142eczkach, kt\u00f3re swobodnie zmieszcz\u0105 si\u0119 w dzieci\u0119cym plecaczku i na p\u00f3\u0142ce z zabawkami. Ka\u017cda uk\u0142adanka to inny obrazek, z\u0142o\u017cony z 54 element\u00f3w.                            <\/p>\n<p>Wiemy, jak wa\u017cne jest bezpiecze\u0144stwo Twojego dziecka. Dok\u0142adamy wszelkich stara\u0144, aby nasze puzzle by\u0142y nie tylko atrakcyjne i stymuluj\u0105ce rozw\u00f3j na ka\u017cdym etapie jego edukacji, lecz tak\u017ce spe\u0142nia\u0142y najwy\u017csze normy bezpiecze\u0144stwa.\u00a0                            <\/p>\n<p>Uk\u0142adanie puzzli uczy dziecko\u00a0cierpliwo\u015bci, zr\u0119czno\u015bci manualnej i spostrzegawczo\u015bci potrzebnej, by dopasowa\u0107 do siebie pasuj\u0105ce elementy. To tak\u017ce doskona\u0142y trening wspomagaj\u0105cy\u00a0koordynacj\u0119 wzrokowo &#8211; ruchow\u0105, a tak\u017ce okazja do kreatywnego sp\u0119dzania czasu z maluszkiem.\u00a0<\/p>\n<h2>Trefl Puzzle 54el. Mini B\u0105d\u017a Jak Psi Patrol 3 97570 Trefl<\/h2>\n<p>quizy online, test spos\u00f3b na alcybiadesa, ma\u0142y ksi\u0105\u017c\u0119 cytaty o przyja\u017ani, wierszyki o marzannie, zaproszenie na urodziny, zagadki o zwierz\u0119tach le\u015bnych dla dzieci, znajd\u017a r\u00f3\u017cnice do druku, kolorowanki disney, kolorowanka flamingi, dobranoc pch\u0142y na noc, co kupi\u0107 na roczek dla ch\u0142opca, renata to nie imi\u0119, narodziny dziecka cytaty, jak narysowa\u0107 konia, dzie\u0144 pluszowego misia, quizy ma\u0142y ksi\u0105\u017c\u0119, \u0142atwe laurki<\/p>\n<p>yyyyy<\/p>\n<p>&nbsp;<\/p>\n","protected":false},"excerpt":{"rendered":"<p>Trefl Puzzle 54el. Mini B\u0105d\u017a Jak Psi Patrol 3 97570Puzzle dla najm\u0142odszych w ma\u0142ych, wygodnych pude\u0142eczkach, kt\u00f3re swobodnie zmieszcz\u0105 si\u0119 w dzieci\u0119cym plecaczku i na p\u00f3\u0142ce z zabawkami. Ka\u017cda uk\u0142adanka to inny obrazek, z\u0142o\u017cony z 54 element\u00f3w. Wiemy, jak wa\u017cne jest bezpiecze\u0144stwo Twojego dziecka. Dok\u0142adamy wszelkich stara\u0144, aby nasze puzzle by\u0142y nie tylko atrakcyjne i [&hellip;]<\/p>\n","protected":false},"featured_media":12140,"comment_status":"closed","ping_status":"open","template":"","meta":[],"product_cat":[90,104],"product_tag":[831,781,626,655,803,672],"class_list":["post-12139","product","type-product","status-publish","has-post-thumbnail","hentry","product_cat-puzzle","product_cat-trefl","product_tag-bruno","product_tag-cytaty-o-wychowaniu-dzieci","product_tag-jacek","product_tag-najlepsze-zagadki","product_tag-szlaczki-do-druku","product_tag-trudne-zagadki-z-odpowiedziami"],"_links":{"self":[{"href":"http:\/\/klubmamgdynia.pl\/index.php\/wp-json\/wp\/v2\/product\/12139","targetHints":{"allow":["GET"]}}],"collection":[{"href":"http:\/\/klubmamgdynia.pl\/index.php\/wp-json\/wp\/v2\/product"}],"about":[{"href":"http:\/\/klubmamgdynia.pl\/index.php\/wp-json\/wp\/v2\/types\/product"}],"replies":[{"embeddable":true,"href":"http:\/\/klubmamgdynia.pl\/index.php\/wp-json\/wp\/v2\/comments?post=12139"}],"wp:featuredmedia":[{"embeddable":true,"href":"http:\/\/klubmamgdynia.pl\/index.php\/wp-json\/wp\/v2\/media\/12140"}],"wp:attachment":[{"href":"http:\/\/klubmamgdynia.pl\/index.php\/wp-json\/wp\/v2\/media?parent=12139"}],"wp:term":[{"taxonomy":"product_cat","embeddable":true,"href":"http:\/\/klubmamgdynia.pl\/index.php\/wp-json\/wp\/v2\/product_cat?post=12139"},{"taxonomy":"product_tag","embeddable":true,"href":"http:\/\/klubmamgdynia.pl\/index.php\/wp-json\/wp\/v2\/product_tag?post=12139"}],"curies":[{"name":"wp","href":"https:\/\/api.w.org\/{rel}","templated":true}]}}