{"id":1214,"date":"2015-06-18T07:38:58","date_gmt":"2015-06-18T05:38:58","guid":{"rendered":"http:\/\/klubmamgdynia.pl\/index.php\/produkt\/simba-toys-zestaw-figurek-masza-i-niedzwiedz-zimowy-domek-niedzwiedzia\/"},"modified":"2026-05-17T22:03:29","modified_gmt":"2026-05-17T20:03:29","slug":"simba-toys-zestaw-figurek-masza-i-niedzwiedz-zimowy-domek-niedzwiedzia","status":"publish","type":"product","link":"http:\/\/klubmamgdynia.pl\/index.php\/produkt\/simba-toys-zestaw-figurek-masza-i-niedzwiedz-zimowy-domek-niedzwiedzia\/","title":{"rendered":"Simba Toys Zestaw Figurek Masza I Nied\u017awied\u017a &#8211; Zimowy Domek Nied\u017awiedzia"},"content":{"rendered":"<p>Zestaw zawiera: 1 domek, 1 figurk\u0119 Maszy, 1 ba\u0142wana, 1 figurk\u0119 nied\u017awiedzia, 1 zestaw dodatkowych akcesori\u00f3w.Wszystkie akcesoria mieszcz\u0105 si\u0119 do domku, co u\u0142atwia przechowywanie ich po zabawie.Tw\u00f3rz przygody: zestaw ten jest idealny dla dzieci do odgrywania swoich ulubionych scen.Masza i Nied\u017awied\u017a &#8211; pozycja obowi\u0105zkowa dla fan\u00f3w popularnego serialu telewizyjnego.<\/p>\n<h2>Simba Toys Zestaw Figurek Masza I Nied\u017awied\u017a &#8211; Zimowy Domek Nied\u017awiedzia Simba<\/h2>\n<p>literki do nauki pisania do druku, gry i zabawy dla dzieci, kajko i kokosz szko\u0142a latania test z odpowiedziami, ferie warszawa 2022<\/p>\n<p>yyyyy<\/p>\n<p>&nbsp;<\/p>\n","protected":false},"excerpt":{"rendered":"<p>Zestaw zawiera: 1 domek, 1 figurk\u0119 Maszy, 1 ba\u0142wana, 1 figurk\u0119 nied\u017awiedzia, 1 zestaw dodatkowych akcesori\u00f3w.Wszystkie akcesoria mieszcz\u0105 si\u0119 do domku, co u\u0142atwia przechowywanie ich po zabawie.Tw\u00f3rz przygody: zestaw ten jest idealny dla dzieci do odgrywania swoich ulubionych scen.Masza i Nied\u017awied\u017a &#8211; pozycja obowi\u0105zkowa dla fan\u00f3w popularnego serialu telewizyjnego. Simba Toys Zestaw Figurek Masza I [&hellip;]<\/p>\n","protected":false},"featured_media":1215,"comment_status":"closed","ping_status":"open","template":"","meta":[],"product_cat":[95,279],"product_tag":[598,736,633,796],"class_list":["post-1214","product","type-product","status-publish","has-post-thumbnail","hentry","product_cat-figurki-makiety-i-zestawy","product_cat-simba","product_tag-co-na-roczek-dla-dziewczynki","product_tag-zabawki-na-roczek","product_tag-zagadki-z-odpowiedziami","product_tag-zagatki"],"_links":{"self":[{"href":"http:\/\/klubmamgdynia.pl\/index.php\/wp-json\/wp\/v2\/product\/1214","targetHints":{"allow":["GET"]}}],"collection":[{"href":"http:\/\/klubmamgdynia.pl\/index.php\/wp-json\/wp\/v2\/product"}],"about":[{"href":"http:\/\/klubmamgdynia.pl\/index.php\/wp-json\/wp\/v2\/types\/product"}],"replies":[{"embeddable":true,"href":"http:\/\/klubmamgdynia.pl\/index.php\/wp-json\/wp\/v2\/comments?post=1214"}],"wp:featuredmedia":[{"embeddable":true,"href":"http:\/\/klubmamgdynia.pl\/index.php\/wp-json\/wp\/v2\/media\/1215"}],"wp:attachment":[{"href":"http:\/\/klubmamgdynia.pl\/index.php\/wp-json\/wp\/v2\/media?parent=1214"}],"wp:term":[{"taxonomy":"product_cat","embeddable":true,"href":"http:\/\/klubmamgdynia.pl\/index.php\/wp-json\/wp\/v2\/product_cat?post=1214"},{"taxonomy":"product_tag","embeddable":true,"href":"http:\/\/klubmamgdynia.pl\/index.php\/wp-json\/wp\/v2\/product_tag?post=1214"}],"curies":[{"name":"wp","href":"https:\/\/api.w.org\/{rel}","templated":true}]}}