{"id":12141,"date":"2010-11-11T08:42:31","date_gmt":"2010-11-11T07:42:31","guid":{"rendered":"http:\/\/klubmamgdynia.pl\/index.php\/produkt\/hasbro-swinka-peppa-spiewa-f2187\/"},"modified":"2026-04-07T01:41:19","modified_gmt":"2026-04-06T23:41:19","slug":"hasbro-swinka-peppa-spiewa-f2187","status":"publish","type":"product","link":"http:\/\/klubmamgdynia.pl\/index.php\/produkt\/hasbro-swinka-peppa-spiewa-f2187\/","title":{"rendered":"Hasbro \u015awinka Peppa \u015apiewa F2187"},"content":{"rendered":"<p>Hasbro \u015awinka Peppa \u015apiewaj\u0105ca F2187\u00a0&#8211; \u015aPIEWA CHRUMKASTYCZNE PIOSENKI I M\u00d3WI: \u015awinka Peppa \u015apiewaj\u0105ca pluszowa Peppa \u015bpiewa 3 piosenki inspirowane bajk\u0105, wypowiada 3 zabawne frazy,<br \/>\n&#8211; JEST TAKA MI\u0118KKA I PRZYTULNA: Ta pluszowa lalka \u015awinka Peppa \u015apiewaj\u0105ca pluszowa Peppa ma 28 cm wysoko\u015bci i jest ubrana w b\u0142yszcz\u0105c\u0105 czerwon\u0105 sukienk\u0119 z urocz\u0105 kokardk\u0105. Jest mi\u0119kka i milutka, a dzieci mog\u0105 si\u0119 do niej przytula\u0107 podczas \u015bpiewania.<br \/>\n&#8211; ROZMIAR ODPOWIEDNI DLA MA\u0141YCH R\u0104CZEK: Po naci\u015bni\u0119ciu na brzuszek przedszkolaki mog\u0105 us\u0142ysze\u0107, jak Peppa \u015bpiewa, chichocze i oczywi\u015bcie chrumka.<br \/>\n&#8211; INSPIROWANA SERIALEM ANIMOWANYM: Dzi\u0119ki tej uroczej pluszowej zabawce ze \u015awink\u0105 Pepp\u0105 dzieci mog\u0105 odgrywa\u0107 sceny z ulubionych odcink\u00f3w lub wymy\u015bla\u0107 muzyczne historie.<br \/>\n&#8211; CHRUMFASTYCZNY PREZENT DLA PRZEDSZKOLAK\u00d3W: Dzieci i fani \u015awinki Peppy w wieku od 3 lat pokochaj\u0105 t\u0119 pluszow\u0105 lalk\u0119, kt\u00f3ra \u015bwietnie sprawdzi si\u0119 jako                            <\/p>\n<p>\u015awinka Peppa uwielbia \u015bpiewa\u0107, a dzi\u0119ki pluszowej zabawce \u015awinka Peppa \u015apiewaj\u0105ca pluszowa Peppa dzieci mog\u0105 \u015bpiewa\u0107 razem z ni\u0105! Zainspirowana uznanym serialem animowanym Entertainment One UK ta 28-centymetrowa lalka \u015awinka Peppa jest mi\u0119kka i przytulna, a w zestawie znajduje si\u0119 mikrofon do \u015bpiewania. Chcesz us\u0142ysze\u0107 jej piosenki? To proste! Naci\u015bnij jej brzuszek, aby us\u0142ysze\u0107, jak \u015bpiewa, m\u00f3wi, \u015bmieje si\u0119 (prycha!) lub chrumka! \u015apiewa 3 piosenki i wypowiada 3 frazy, kt\u00f3re przedszkolaki mog\u0105 pami\u0119ta\u0107 z serialu telewizyjnego. Dzieci w wieku od 3 lat b\u0119d\u0105 z rado\u015bci\u0105 odgrywa\u0107 sceny z serialu lub wymy\u015bla\u0107 w\u0142asne muzyczne przygody tej uroczej, pluszowej lalki! Hasbro i wszystkie powi\u0105zane terminy s\u0105 znakami towarowymi firmy Hasbro.Zawiera 1 lalk\u0119.Wiek: od 3 lat.Wymagane 3 baterie guzikowe (do\u0142\u0105czono).<br \/>\nM\u00f3wi tylko po angielsku.<\/p>\n<h2>Hasbro \u015awinka Peppa \u015apiewa F2187 Hasbro<\/h2>\n<p>upominek dla nastolatk\u00f3w, dzie\u0144 pluszowego misia, prezent na roczek, zima z\u0142a tekst, bajka do czytania na dobranoc<\/p>\n<p>yyyyy<\/p>\n<p>&nbsp;<\/p>\n","protected":false},"excerpt":{"rendered":"<p>Hasbro \u015awinka Peppa \u015apiewaj\u0105ca F2187\u00a0&#8211; \u015aPIEWA CHRUMKASTYCZNE PIOSENKI I M\u00d3WI: \u015awinka Peppa \u015apiewaj\u0105ca pluszowa Peppa \u015bpiewa 3 piosenki inspirowane bajk\u0105, wypowiada 3 zabawne frazy, &#8211; JEST TAKA MI\u0118KKA I PRZYTULNA: Ta pluszowa lalka \u015awinka Peppa \u015apiewaj\u0105ca pluszowa Peppa ma 28 cm wysoko\u015bci i jest ubrana w b\u0142yszcz\u0105c\u0105 czerwon\u0105 sukienk\u0119 z urocz\u0105 kokardk\u0105. Jest mi\u0119kka i [&hellip;]<\/p>\n","protected":false},"featured_media":12142,"comment_status":"closed","ping_status":"open","template":"","meta":[],"product_cat":[129,42],"product_tag":[839,630,870,621,757,733],"class_list":["post-12141","product","type-product","status-publish","has-post-thumbnail","hentry","product_cat-hasbro","product_cat-maskotki","product_tag-bajki-na-dobranoc-do-czytania","product_tag-podchwytliwe-zagadki-z-odpowiedziami","product_tag-prezent-dla-chlopca-na-roczek","product_tag-prezenty-roczek","product_tag-test-z-lektury-ania-z-zielonego-wzgorza-klasa-6-z-odpowiedziami","product_tag-zarty-na-prima-aprilis"],"_links":{"self":[{"href":"http:\/\/klubmamgdynia.pl\/index.php\/wp-json\/wp\/v2\/product\/12141","targetHints":{"allow":["GET"]}}],"collection":[{"href":"http:\/\/klubmamgdynia.pl\/index.php\/wp-json\/wp\/v2\/product"}],"about":[{"href":"http:\/\/klubmamgdynia.pl\/index.php\/wp-json\/wp\/v2\/types\/product"}],"replies":[{"embeddable":true,"href":"http:\/\/klubmamgdynia.pl\/index.php\/wp-json\/wp\/v2\/comments?post=12141"}],"wp:featuredmedia":[{"embeddable":true,"href":"http:\/\/klubmamgdynia.pl\/index.php\/wp-json\/wp\/v2\/media\/12142"}],"wp:attachment":[{"href":"http:\/\/klubmamgdynia.pl\/index.php\/wp-json\/wp\/v2\/media?parent=12141"}],"wp:term":[{"taxonomy":"product_cat","embeddable":true,"href":"http:\/\/klubmamgdynia.pl\/index.php\/wp-json\/wp\/v2\/product_cat?post=12141"},{"taxonomy":"product_tag","embeddable":true,"href":"http:\/\/klubmamgdynia.pl\/index.php\/wp-json\/wp\/v2\/product_tag?post=12141"}],"curies":[{"name":"wp","href":"https:\/\/api.w.org\/{rel}","templated":true}]}}