{"id":12143,"date":"2017-10-17T18:07:13","date_gmt":"2017-10-17T16:07:13","guid":{"rendered":"http:\/\/klubmamgdynia.pl\/index.php\/produkt\/ses-nl-lol-naklejki-na-paznokcie\/"},"modified":"2026-04-29T08:36:57","modified_gmt":"2026-04-29T06:36:57","slug":"ses-nl-lol-naklejki-na-paznokcie","status":"publish","type":"product","link":"http:\/\/klubmamgdynia.pl\/index.php\/produkt\/ses-nl-lol-naklejki-na-paznokcie\/","title":{"rendered":"Ses Nl Lol Naklejki Na Paznokcie"},"content":{"rendered":"<p>Stylizuj paznokcie za pomoc\u0105 bardzo oryginalnych naklejki do paznokci z motywem L.O.L. W zestawie wiele r\u00f3\u017cnych postaci lalek! NAZWA LOL NAKLEJKI NA PAZNOKCIE PRODUCENT SES NL WIEK 3+ EAN 8710341141936 Znajd\u017a podobne wed\u0142ug klucza: SES_NL (308113)<\/p>\n<h2>Ses Nl Lol Naklejki Na Paznokcie Ses Creative<\/h2>\n<p>mira imie, cytat dziecko, imie iwo, zabawki dla rocznej dziewczynki, prezent dla 1 latka, zabawy miko\u0142ajkowe dla dzieci, kalina imi\u0119, cytaty przyja\u017a\u0144, zagadki z odpowiedziami dla dzieci, spiderman kolorowanka, kotki kolorowanka, imi\u0119 mira, \u0142amig\u0142\u00f3wki do druku, ju\u017c blisko kol\u0119da tekst, pia imi\u0119, na wyspach bergamutach tekst, dla nastolatk\u00f3w prezenty, kolorowanki disney<\/p>\n<p>yyyyy<\/p>\n<p>&nbsp;<\/p>\n","protected":false},"excerpt":{"rendered":"<p>Stylizuj paznokcie za pomoc\u0105 bardzo oryginalnych naklejki do paznokci z motywem L.O.L. W zestawie wiele r\u00f3\u017cnych postaci lalek! NAZWA LOL NAKLEJKI NA PAZNOKCIE PRODUCENT SES NL WIEK 3+ EAN 8710341141936 Znajd\u017a podobne wed\u0142ug klucza: SES_NL (308113) Ses Nl Lol Naklejki Na Paznokcie Ses Creative mira imie, cytat dziecko, imie iwo, zabawki dla rocznej dziewczynki, prezent [&hellip;]<\/p>\n","protected":false},"featured_media":12144,"comment_status":"closed","ping_status":"open","template":"","meta":[],"product_cat":[1888,1072],"product_tag":[753,590,803,733],"class_list":["post-12143","product","type-product","status-publish","has-post-thumbnail","hentry","product_cat-dekoratorstwo","product_cat-ses-creative","product_tag-kamila","product_tag-plac-zabaw-warszawa","product_tag-szlaczki-do-druku","product_tag-zarty-na-prima-aprilis"],"_links":{"self":[{"href":"http:\/\/klubmamgdynia.pl\/index.php\/wp-json\/wp\/v2\/product\/12143","targetHints":{"allow":["GET"]}}],"collection":[{"href":"http:\/\/klubmamgdynia.pl\/index.php\/wp-json\/wp\/v2\/product"}],"about":[{"href":"http:\/\/klubmamgdynia.pl\/index.php\/wp-json\/wp\/v2\/types\/product"}],"replies":[{"embeddable":true,"href":"http:\/\/klubmamgdynia.pl\/index.php\/wp-json\/wp\/v2\/comments?post=12143"}],"wp:featuredmedia":[{"embeddable":true,"href":"http:\/\/klubmamgdynia.pl\/index.php\/wp-json\/wp\/v2\/media\/12144"}],"wp:attachment":[{"href":"http:\/\/klubmamgdynia.pl\/index.php\/wp-json\/wp\/v2\/media?parent=12143"}],"wp:term":[{"taxonomy":"product_cat","embeddable":true,"href":"http:\/\/klubmamgdynia.pl\/index.php\/wp-json\/wp\/v2\/product_cat?post=12143"},{"taxonomy":"product_tag","embeddable":true,"href":"http:\/\/klubmamgdynia.pl\/index.php\/wp-json\/wp\/v2\/product_tag?post=12143"}],"curies":[{"name":"wp","href":"https:\/\/api.w.org\/{rel}","templated":true}]}}