{"id":12145,"date":"2014-04-06T04:29:52","date_gmt":"2014-04-06T02:29:52","guid":{"rendered":"http:\/\/klubmamgdynia.pl\/index.php\/produkt\/big-power-worker-straz-pozarna\/"},"modified":"2026-04-06T02:29:23","modified_gmt":"2026-04-06T00:29:23","slug":"big-power-worker-straz-pozarna","status":"publish","type":"product","link":"http:\/\/klubmamgdynia.pl\/index.php\/produkt\/big-power-worker-straz-pozarna\/","title":{"rendered":"Big Power Worker Stra\u017c Po\u017carna"},"content":{"rendered":"<p>BIG Stra\u017c Po\u017carna z serii Power Worker. Samochodzik wykonany tak, by zapewni\u0107 bezpiecze\u0144stwo maluchom, wyposa\u017cony z zaokr\u0105glone kraw\u0119dzie. Dodatkowo pojazd posiada dzia\u0142ko wodne. Mo\u017cna go obraca\u0107 w dowolnym kierunku i obs\u0142ugiwa\u0107 za pomoc\u0105 do\u0142\u0105czonego przycisku.Charakterystyka:Wysoka jako\u015b\u0107 produktuProdukowane w NiemczechRegulowane dzia\u0142ko wodneDzie\u0142ko strzela wykorzystuj\u0105c dzia\u0142ko wodneBIGToys nale\u017cy do wielkiego koncernu Simba Dickie Group &#8211; Linia zawiera bardzo zr\u00f3\u017cnicowane i innowacyjne zabawki stymuluj\u0105ce rozw\u00f3j motoryki u dzieci. Produkty BIG to wiele pomys\u0142\u00f3w na zabaw\u0119. Znajdziemy tu samochody, je\u017adziki, bujaki, traktory, \u0142odzie, zje\u017cd\u017calnie, jednostki p\u0142ywaj\u0105ce i piaskownice. BIG to zabawki maj\u0105ce bardzo wysok\u0105 jako\u015b\u0107. S\u0105 produkowane w Niemczech z wysokiej jako\u015bci materia\u0142\u00f3w odpornych na dzia\u0142anie promieni UV. Bezpiecze\u0144stwo naszych zabawek jest gwarantowane i potwierdzone testami LGA\/T\u00dcV.<\/p>\n<h2>Big Power Worker Stra\u017c Po\u017carna Big<\/h2>\n<p>atrakcje wroc\u0142aw i okolice, wiktor, quiz o flagach europy, eksperyment dla dzieci wulkan, kolorowanka ksi\u0119\u017cniczka, rysowanie po \u015bladzie<\/p>\n<p>yyyyy<\/p>\n<p>&nbsp;<\/p>\n","protected":false},"excerpt":{"rendered":"<p>BIG Stra\u017c Po\u017carna z serii Power Worker. Samochodzik wykonany tak, by zapewni\u0107 bezpiecze\u0144stwo maluchom, wyposa\u017cony z zaokr\u0105glone kraw\u0119dzie. Dodatkowo pojazd posiada dzia\u0142ko wodne. Mo\u017cna go obraca\u0107 w dowolnym kierunku i obs\u0142ugiwa\u0107 za pomoc\u0105 do\u0142\u0105czonego przycisku.Charakterystyka:Wysoka jako\u015b\u0107 produktuProdukowane w NiemczechRegulowane dzia\u0142ko wodneDzie\u0142ko strzela wykorzystuj\u0105c dzia\u0142ko wodneBIGToys nale\u017cy do wielkiego koncernu Simba Dickie Group &#8211; Linia zawiera [&hellip;]<\/p>\n","protected":false},"featured_media":12146,"comment_status":"closed","ping_status":"open","template":"","meta":[],"product_cat":[83,400],"product_tag":[650,797,669,735],"class_list":["post-12145","product","type-product","status-publish","has-post-thumbnail","hentry","product_cat-auta-i-inne-pojazdy-do-zabawy","product_cat-big","product_tag-choinka-z-bibuly","product_tag-kiekrz","product_tag-kolorowanki","product_tag-prezent-na-roczek-dziewczynka"],"_links":{"self":[{"href":"http:\/\/klubmamgdynia.pl\/index.php\/wp-json\/wp\/v2\/product\/12145","targetHints":{"allow":["GET"]}}],"collection":[{"href":"http:\/\/klubmamgdynia.pl\/index.php\/wp-json\/wp\/v2\/product"}],"about":[{"href":"http:\/\/klubmamgdynia.pl\/index.php\/wp-json\/wp\/v2\/types\/product"}],"replies":[{"embeddable":true,"href":"http:\/\/klubmamgdynia.pl\/index.php\/wp-json\/wp\/v2\/comments?post=12145"}],"wp:featuredmedia":[{"embeddable":true,"href":"http:\/\/klubmamgdynia.pl\/index.php\/wp-json\/wp\/v2\/media\/12146"}],"wp:attachment":[{"href":"http:\/\/klubmamgdynia.pl\/index.php\/wp-json\/wp\/v2\/media?parent=12145"}],"wp:term":[{"taxonomy":"product_cat","embeddable":true,"href":"http:\/\/klubmamgdynia.pl\/index.php\/wp-json\/wp\/v2\/product_cat?post=12145"},{"taxonomy":"product_tag","embeddable":true,"href":"http:\/\/klubmamgdynia.pl\/index.php\/wp-json\/wp\/v2\/product_tag?post=12145"}],"curies":[{"name":"wp","href":"https:\/\/api.w.org\/{rel}","templated":true}]}}