{"id":12147,"date":"2017-09-23T21:56:38","date_gmt":"2017-09-23T19:56:38","guid":{"rendered":"http:\/\/klubmamgdynia.pl\/index.php\/produkt\/hasbro-swinka-peppa-rodzinny-samochod-f2184\/"},"modified":"2026-04-25T10:55:52","modified_gmt":"2026-04-25T08:55:52","slug":"hasbro-swinka-peppa-rodzinny-samochod-f2184","status":"publish","type":"product","link":"http:\/\/klubmamgdynia.pl\/index.php\/produkt\/hasbro-swinka-peppa-rodzinny-samochod-f2184\/","title":{"rendered":"Hasbro \u015awinka Peppa Rodzinny samoch\u00f3d F2184"},"content":{"rendered":"<p>Hasbro \u015awinka Peppa Rodzinny samoch\u00f3d F2184- FANI \u015aWINKI PEPPY wiedz\u0105, \u017ce Peppa i jej rodzina uwielbiaj\u0105 podr\u00f3\u017cowa\u0107 swoim czerwonym samochodem. Dzieci b\u0119d\u0105 zachwycone zabawkowym Rodzinnym samochodem \u015awinki Peppy zainspirowanym kultowym pojazdem z bajki o \u015awince Peppie.<br \/>\n&#8211; PO NACI\u015aNI\u0118CIU KIEROWNICY PRZEDSZKOLAK us\u0142yszy muzyk\u0119 z motywu przewodniego bajki, d\u017awi\u0119ki klaksonu i \u015bmiech Peppy.<br \/>\n&#8211; CZERWONY SAMOCH\u00d3D MA OBRACAJ\u0104CE SI\u0118 KO\u0141A, dzi\u0119ki czemu je\u017adzi, oraz otwierany i zamykany baga\u017cnik. W zestawie znajduj\u0105 si\u0119 figurki Mamy \u015awinki i Peppy oraz miejsce na 2 kolejne.<br \/>\n&#8211; CHRUMFASTYCZNY PREZENT NA KA\u017bD\u0104 OKAZJ\u0118: Zabawkowy samoch\u00f3d \u015awinki Peppy to wspania\u0142y prezent dla dzieci w wieku od 3 lat<br \/>\n&#8211; SZUKAJ INNYCH ZABAWEK FIRMY HASBRO ZE \u015aWINK\u0104 PEPP\u0104: Zabawk\u0119 mo\u017cna nawet zaczepi\u0107 z ty\u0142u Kampera \u015awinki Peppy. (Sprzedawany oddzielnie.\u00a0                            <\/p>\n<p>Rodzina \u015awinek uwielbia podr\u00f3\u017cowa\u0107 razem &#8211; cz\u0119sto wybieraj\u0105 si\u0119 na przeja\u017cd\u017ck\u0119 swoim niezawodnym czerwonym samochodem. Zabawka \u015awinka Peppa Rodzinny samoch\u00f3d jest inspirowana pojazdem z popularnej bajki. W zestawie znajduj\u0105 si\u0119 figurki \u015awinki Peppy i Mamy \u015awinki, kt\u00f3re mo\u017cna umie\u015bci\u0107 w samochodzie. Dzieci mog\u0105 wyobrazi\u0107 sobie, \u017ce jad\u0105 kupi\u0107 ciasteczka dla Taty \u015awinki i m\u0142odszego brata Georgea! Ten zabawkowy pojazd to wspania\u0142y prezent dla przedszkolak\u00f3w i fan\u00f3w \u015awinki Peppy w wieku od 3 lat. Ma obrotowe k\u00f3\u0142ka oraz otwierany i zamykany baga\u017cnik. A kiedy dzieci nacisn\u0105 kierownic\u0119, us\u0142ysz\u0105 muzyk\u0119 z bajki, odg\u0142osy klaksonu, a tak\u017ce \u015bmiech i chrumkni\u0119cia. Przeja\u017cd\u017cka czerwonym samochodem rodziny \u015awinek to zawsze \u015bwietna zabawa! \u00a9 2021 ABD Ltd\/Ent. One UK Ltd. Hasbro i wszystkie powi\u0105zane terminy s\u0105 znakami towarowymi firmy Hasbro.Zestaw zawiera 1 model pojazdu i 2 figurkiWiek: od 3 lat. Wymagane 3 baterie guzikowe (do\u0142\u0105czono).<br \/>\nM\u00f3wi tylko po angielsku.<\/p>\n<h2>Hasbro \u015awinka Peppa Rodzinny samoch\u00f3d F2184 Hasbro<\/h2>\n<p>najlepsze zagadki, test z lektury dynastia mizio\u0142k\u00f3w, ko\u0142ysanki dla dzieci tekst, piosenka na dzie\u0144 nauczyciela przedszkole, \u015bmieszne zagadki dla dzieci, prezenty dla nastolatk\u00f3w, kolorowanka spiderman, lol do druku, alfons, kolorowanka do malowania farbami, proste zagadki, zagadki o psach, olaf znaczenie imienia, rebusy i krzy\u017c\u00f3wki dla dzieci do druku<\/p>\n<p>yyyyy<\/p>\n<p>&nbsp;<\/p>\n","protected":false},"excerpt":{"rendered":"<p>Hasbro \u015awinka Peppa Rodzinny samoch\u00f3d F2184- FANI \u015aWINKI PEPPY wiedz\u0105, \u017ce Peppa i jej rodzina uwielbiaj\u0105 podr\u00f3\u017cowa\u0107 swoim czerwonym samochodem. Dzieci b\u0119d\u0105 zachwycone zabawkowym Rodzinnym samochodem \u015awinki Peppy zainspirowanym kultowym pojazdem z bajki o \u015awince Peppie. &#8211; PO NACI\u015aNI\u0118CIU KIEROWNICY PRZEDSZKOLAK us\u0142yszy muzyk\u0119 z motywu przewodniego bajki, d\u017awi\u0119ki klaksonu i \u015bmiech Peppy. &#8211; CZERWONY SAMOCH\u00d3D [&hellip;]<\/p>\n","protected":false},"featured_media":12148,"comment_status":"closed","ping_status":"open","template":"","meta":[],"product_cat":[95,129],"product_tag":[729,718,601],"class_list":["post-12147","product","type-product","status-publish","has-post-thumbnail","hentry","product_cat-figurki-makiety-i-zestawy","product_cat-hasbro","product_tag-madre-bajki-dla-dzieci-do-czytania","product_tag-prezent-na-roczek-dla-chrzesniaka","product_tag-zagadki-co-to-jest"],"_links":{"self":[{"href":"http:\/\/klubmamgdynia.pl\/index.php\/wp-json\/wp\/v2\/product\/12147","targetHints":{"allow":["GET"]}}],"collection":[{"href":"http:\/\/klubmamgdynia.pl\/index.php\/wp-json\/wp\/v2\/product"}],"about":[{"href":"http:\/\/klubmamgdynia.pl\/index.php\/wp-json\/wp\/v2\/types\/product"}],"replies":[{"embeddable":true,"href":"http:\/\/klubmamgdynia.pl\/index.php\/wp-json\/wp\/v2\/comments?post=12147"}],"wp:featuredmedia":[{"embeddable":true,"href":"http:\/\/klubmamgdynia.pl\/index.php\/wp-json\/wp\/v2\/media\/12148"}],"wp:attachment":[{"href":"http:\/\/klubmamgdynia.pl\/index.php\/wp-json\/wp\/v2\/media?parent=12147"}],"wp:term":[{"taxonomy":"product_cat","embeddable":true,"href":"http:\/\/klubmamgdynia.pl\/index.php\/wp-json\/wp\/v2\/product_cat?post=12147"},{"taxonomy":"product_tag","embeddable":true,"href":"http:\/\/klubmamgdynia.pl\/index.php\/wp-json\/wp\/v2\/product_tag?post=12147"}],"curies":[{"name":"wp","href":"https:\/\/api.w.org\/{rel}","templated":true}]}}