{"id":12151,"date":"2016-01-27T03:46:54","date_gmt":"2016-01-27T02:46:54","guid":{"rendered":"http:\/\/klubmamgdynia.pl\/index.php\/produkt\/alvi-baby-maxchen-spiworek-3-cz-tkanina-specjalna-diamond-aqua-r-62-68\/"},"modified":"2026-04-30T17:46:43","modified_gmt":"2026-04-30T15:46:43","slug":"alvi-baby-maxchen-spiworek-3-cz-tkanina-specjalna-diamond-aqua-r-62-68","status":"publish","type":"product","link":"http:\/\/klubmamgdynia.pl\/index.php\/produkt\/alvi-baby-maxchen-spiworek-3-cz-tkanina-specjalna-diamond-aqua-r-62-68\/","title":{"rendered":"Alvi Baby-Maxchen \u015bpiworek 3-cz. Tkanina Specjalna Diamond Aqua r.62\/68"},"content":{"rendered":"<p>Alvi Baby-M\u00e4xchen\u00ae jest idealn\u0105 podstaw\u0105 do bezpiecznego i zdrowego snu dziecka. Zosta\u0142 on opracowany w latach wsp\u00f3\u0142pracy z po\u0142o\u017cnymi, lekarzami i personelem piel\u0119gniarskim i przetestowany w klinikach. Tkanina Baby-M\u00e4xchen\u00ae Sepcial z przytulnego mi\u0119kkiego bawe\u0142nianego d\u017cerseju sk\u0142ada si\u0119, jak wszystkie Alvi Baby-M\u00e4xchen\u00ae, z trzech \u015bpiwor\u00f3w: lekko usztywnionego zewn\u0119trznego \u015bpiworka w rosn\u0105cym, podw\u00f3jnym rozmiarze z zamkiem obwodowym i dw\u00f3ch \u015bpiwork\u00f3w wewn\u0119trznych z d\u0142ugimi r\u0119kawami i mankietami z dzianiny. Inteligentny system mo\u017ce by\u0107 dostosowany do ka\u017cdej temperatury: w gor\u0105ce letnie noce wewn\u0119trzny \u015bpiworek mo\u017ce by\u0107 r\u00f3wnie\u017c u\u017cywany solo. Szczeg\u00f3\u0142y dotycz\u0105ce produktu: Trzycz\u0119\u015bciowy zestaw \u015bpiwork\u00f3w &#8211; ro\u015bnie ponad dwa rozmiary. Wyci\u0119cie na szyj\u0119 i rami\u0119 regulowane za pomoc\u0105 systemu przycisk\u00f3w Du\u017ca swoboda ruch\u00f3w dzi\u0119ki specjalnemu kszta\u0142towi gruszki w \u015bpiworku wewn\u0119trznym i zewn\u0119trznym. Suwak okr\u0119\u017cny &#8211; u\u0142atwia nocne przewijanie pieluszek, chroni delikatn\u0105 sk\u00f3r\u0119 dziecka Wzmocniony szew w obszarze r\u0119kaw\u00f3w Idealny towarzysz przez pierwsze p\u00f3\u0142tora roku \u015apiworki wewn\u0119trzne wykonane z d\u017cerseju z r\u0119kawami. Solidny i trwa\u0142y Oeko-Tex Standard 100 Materia\u0142: \u015bpiworek zewn\u0119trzny: 87% bawe\u0142ny, 13% poliestru Wype\u0142nienie: 100% poliester \u015apiworek wewn\u0119trzny: 100% bawe\u0142ny Instrukcje piel\u0119gnacyjne: \u015apiworek zewn\u0119trzny mo\u017cna pra\u0107 w temperaturze do 40\u00b0 C, nadaje si\u0119 do suszenia w suszarce b\u0119bnowej z redukcj\u0105 termiczn\u0105 (jeden punkt) \u015apiworek wewn\u0119trzny mo\u017cna pra\u0107 w temperaturze do 60\u00b0, nadaje si\u0119 do suszenia w suszarce b\u0119bnowej z redukcj\u0105 termiczn\u0105 (jeden punkt) Kt\u00f3ry rozmiar jest w\u0142a\u015bciwy? Je\u015bli tw\u00f3j ma\u0142y skarb jest pomi\u0119dzy 2 rozmiarami, to zasada jest zawsze nast\u0119puj\u0105ca: lepiej jest wybra\u0107 ma\u0142y rozmiar, w przeciwnym razie dekolt mo\u017ce by\u0107 zbyt du\u017cy. Zakres dostawy: 1x \u015bpiworek zewn\u0119trzny + 2x \u015bpiworek wewn\u0119trzny Rozmiar 50\/56: 1 worek \u015bpiworek rozmiar 50 + 1 \u015bpiworek wewn\u0119trzny rozmiar 56 Rozmiar 56\/62: 1 \u015bpiworek wewn\u0119trzny rozmiar 56 + 1 \u015bpiworek wewn\u0119trzny rozmiar 62 Rozmiar 62\/68: 1 \u015bpiworek wewn\u0119trzny rozmiar 62 + 1 \u015bpiworek wewn\u0119trzny rozmiar 68 Rozmiar 68\/74: 1 \u015bpiworek wewn\u0119trzny rozmiar 68 + 1 \u015bpiworek wewn\u0119trzny rozmiar 74 Rozmiar 74\/80: 1 \u015bpiworek wewn\u0119trzny rozmiar 74 + 1 \u015bpiworek wewn\u0119trzny rozmiar 80 Rozmiar 80\/86: 1 \u015bpiworek wewn\u0119trzny rozmiar 80 + 1 \u015bpiworek wewn\u0119trzny rozmiar 86 Co dziecko ma na sobie pod \u015bpiworkiem? Dzi\u0119ki warto\u015bciom TOG zapewniaj\u0105cym optymalny klimat do spania. W\u0142a\u015bciwa temperatura w \u0142\u00f3\u017ceczku dzieci\u0119cym jest nie tylko wa\u017cna, ale tak\u017ce budzi pytania rodzic\u00f3w o odpowiednie ubranie: czy \u015bpiworek jest wystarczaj\u0105cy, czy te\u017c aktualna temperatura w pomieszczeniu sprawia, \u017ce konieczne s\u0105 dodatkowe \u015bpiwory? Ta tabela warto\u015bci TOG zapewnia przejrzysto\u015b\u0107. Warto\u015b\u0107 TOG mo\u017ce by\u0107 u\u017cyta do okre\u015blenia oporu cieplnego tekstyli\u00f3w. Og\u00f3lnie rzecz bior\u0105c, im wy\u017csza warto\u015b\u0107 TOG, tym cieplejszy pozostanie \u015bpiworek. Dzi\u0119ki temu przegl\u0105dowi rodzice dok\u0142adnie wiedz\u0105, kt\u00f3re kombinacje \u015bpiworek i odzie\u017cy Alvi \u00ae zapewni\u0105 Twojemu dziecku najlepszy mo\u017cliwy klimat do spania &#8211; dla bezpiecznego i spokojnego snu dziecka.<\/p>\n<h2>Alvi Baby-Maxchen \u015bpiworek 3-cz. Tkanina Specjalna Diamond Aqua r.62\/68 Alvi<\/h2>\n<p>zagadki \u015bmieszne, quiz flagi \u015bwiata, quiz felix net i nika oraz gang niewidzialnych ludzi, kuku\u0142eczka kuka tekst, cytaty o przyja\u017ani kr\u00f3tkie, lego ninjago kolorowanki, zaj\u0119cia wielkanocne dla dzieci, maski karnawa\u0142owe dla dzieci szablony, pieski pies kolorowanka, prezenty dla nastolatek<\/p>\n<p>yyyyy<\/p>\n<p>&nbsp;<\/p>\n","protected":false},"excerpt":{"rendered":"<p>Alvi Baby-M\u00e4xchen\u00ae jest idealn\u0105 podstaw\u0105 do bezpiecznego i zdrowego snu dziecka. Zosta\u0142 on opracowany w latach wsp\u00f3\u0142pracy z po\u0142o\u017cnymi, lekarzami i personelem piel\u0119gniarskim i przetestowany w klinikach. Tkanina Baby-M\u00e4xchen\u00ae Sepcial z przytulnego mi\u0119kkiego bawe\u0142nianego d\u017cerseju sk\u0142ada si\u0119, jak wszystkie Alvi Baby-M\u00e4xchen\u00ae, z trzech \u015bpiwor\u00f3w: lekko usztywnionego zewn\u0119trznego \u015bpiworka w rosn\u0105cym, podw\u00f3jnym rozmiarze z zamkiem obwodowym [&hellip;]<\/p>\n","protected":false},"featured_media":12152,"comment_status":"closed","ping_status":"open","template":"","meta":[],"product_cat":[121,395],"product_tag":[752,646,588,628,597],"class_list":["post-12151","product","type-product","status-publish","has-post-thumbnail","hentry","product_cat-alvi","product_cat-spiworki","product_tag-kuba-imie","product_tag-prezent-na-pierwsze-urodziny","product_tag-wzruszajace-slowa-dla-przyjaciela","product_tag-zagadka","product_tag-zagadki-o-zimie"],"_links":{"self":[{"href":"http:\/\/klubmamgdynia.pl\/index.php\/wp-json\/wp\/v2\/product\/12151","targetHints":{"allow":["GET"]}}],"collection":[{"href":"http:\/\/klubmamgdynia.pl\/index.php\/wp-json\/wp\/v2\/product"}],"about":[{"href":"http:\/\/klubmamgdynia.pl\/index.php\/wp-json\/wp\/v2\/types\/product"}],"replies":[{"embeddable":true,"href":"http:\/\/klubmamgdynia.pl\/index.php\/wp-json\/wp\/v2\/comments?post=12151"}],"wp:featuredmedia":[{"embeddable":true,"href":"http:\/\/klubmamgdynia.pl\/index.php\/wp-json\/wp\/v2\/media\/12152"}],"wp:attachment":[{"href":"http:\/\/klubmamgdynia.pl\/index.php\/wp-json\/wp\/v2\/media?parent=12151"}],"wp:term":[{"taxonomy":"product_cat","embeddable":true,"href":"http:\/\/klubmamgdynia.pl\/index.php\/wp-json\/wp\/v2\/product_cat?post=12151"},{"taxonomy":"product_tag","embeddable":true,"href":"http:\/\/klubmamgdynia.pl\/index.php\/wp-json\/wp\/v2\/product_tag?post=12151"}],"curies":[{"name":"wp","href":"https:\/\/api.w.org\/{rel}","templated":true}]}}