{"id":12159,"date":"2012-08-11T02:29:04","date_gmt":"2012-08-11T00:29:04","guid":{"rendered":"http:\/\/klubmamgdynia.pl\/index.php\/produkt\/alvi-ball-spiwor-maxchen-light-flounce-r-110cm\/"},"modified":"2026-05-17T22:20:09","modified_gmt":"2026-05-17T20:20:09","slug":"alvi-ball-spiwor-maxchen-light-flounce-r-110cm","status":"publish","type":"product","link":"http:\/\/klubmamgdynia.pl\/index.php\/produkt\/alvi-ball-spiwor-maxchen-light-flounce-r-110cm\/","title":{"rendered":"Alvi Ball \u015apiw\u00f3r M\u00e4xchen Light Flounce R. 110Cm"},"content":{"rendered":"<p>Szczeg\u00f3\u0142y produktu: \u015apiw\u00f3r letni Warto\u015b\u0107 TOG: 0,5 Falbanki przy pachach Mi\u0119kki d\u017cersej z bawe\u0142ny organicznej Du\u017ca swoboda ruch\u00f3w dzi\u0119ki specjalnemu kszta\u0142towi gruszki Bardzo d\u0142ugi bezpieczny zamek b\u0142yskawiczny z os\u0142on\u0105 podbr\u00f3dka Oeko-Tex Standard 100 Materia\u0142 i piel\u0119gnacja: Materia\u0142: 100% bawe\u0142na organiczna Mo\u017cna pra\u0107 w temperaturze do 60\u00b0C Nadaje si\u0119 do suszenia w suszarce b\u0119bnowej, redukcja temperatury Kt\u00f3ry rozmiar jest w\u0142a\u015bciwy? D\u0142ugo\u015b\u0107 cia\u0142a &#8211; d\u0142ugo\u015b\u0107 g\u0142owy + 10 cm. Je\u015bli Tw\u00f3j ma\u0142y ulubieniec mie\u015bci si\u0119 w dw\u00f3ch rozmiarach, to zawsze obowi\u0105zuje zasada: Wyro\u015bnij, nie bud\u017a si\u0119. W tym przypadku lepiej wybra\u0107 ma\u0142y rozmiar, poniewa\u017c w przeciwnym razie dekolt mo\u017ce by\u0107 zbyt du\u017cy. Co dziecko ma na sobie pod \u015bpiworkiem? Dzi\u0119ki warto\u015bciom TOG zapewniaj\u0105cym optymalny klimat do spania. Odpowiednia temperatura w \u0142\u00f3\u017ceczku dziecka jest nie tylko wa\u017cna, ale tak\u017ce stawia przed rodzicami pytania o w\u0142a\u015bciw\u0105 odzie\u017c: Czy \u015bpiw\u00f3r jest wystarczaj\u0105cy, czy te\u017c aktualna temperatura w pomieszczeniu wymaga dodatkowej bielizny do spania? Ta tabela warto\u015bci TOG zapewnia przejrzysto\u015b\u0107. Warto\u015b\u0107 TOG s\u0142u\u017cy do okre\u015blania oporu cieplnego tekstyli\u00f3w. Og\u00f3lnie rzecz bior\u0105c, im wy\u017csza warto\u015b\u0107 TOG, tym cieplejszy b\u0119dzie \u015bpiw\u00f3r. Dzi\u0119ki temu przegl\u0105dowi rodzice wiedz\u0105 dok\u0142adnie, jakie kombinacje \u015bpiworka Alvi \u00ae i ubranka zapewniaj\u0105 dziecku optymalny klimat do spania &#8211; dla bezpiecznego i spokojnego snu niemowl\u0105t.<\/p>\n<h2>Alvi Ball \u015apiw\u00f3r M\u00e4xchen Light Flounce R. 110Cm Alvi<\/h2>\n<p>ziemia wyspa zielona tekst, wroc\u0142aw dla dzieci, okolice wroc\u0142awia, prezent dla jedenastolatki, imi\u0119 alan, halszka, mi\u0142osz imi\u0119, proste zagadki, kotki kolorowanka, zagadki podchwytliwe, pomys\u0142 na prezent dla nastolatk\u00f3w, maly kotek kotek kolorowanka, kr\u00f3tkie bajki na dobranoc do czytania, cytat rodzina, anio\u0142ki w niebie pisz\u0105, super zings kolorowanki, prezent dla nastolatk\u00f3w na \u015bwi\u0119ta, ozdoby choinkowe dla dzieci<\/p>\n<p>yyyyy<\/p>\n<p>&nbsp;<\/p>\n","protected":false},"excerpt":{"rendered":"<p>Szczeg\u00f3\u0142y produktu: \u015apiw\u00f3r letni Warto\u015b\u0107 TOG: 0,5 Falbanki przy pachach Mi\u0119kki d\u017cersej z bawe\u0142ny organicznej Du\u017ca swoboda ruch\u00f3w dzi\u0119ki specjalnemu kszta\u0142towi gruszki Bardzo d\u0142ugi bezpieczny zamek b\u0142yskawiczny z os\u0142on\u0105 podbr\u00f3dka Oeko-Tex Standard 100 Materia\u0142 i piel\u0119gnacja: Materia\u0142: 100% bawe\u0142na organiczna Mo\u017cna pra\u0107 w temperaturze do 60\u00b0C Nadaje si\u0119 do suszenia w suszarce b\u0119bnowej, redukcja temperatury [&hellip;]<\/p>\n","protected":false},"featured_media":12160,"comment_status":"closed","ping_status":"open","template":"","meta":[],"product_cat":[121,395],"product_tag":[662,734,742,760,600],"class_list":["post-12159","product","type-product","status-publish","has-post-thumbnail","hentry","product_cat-alvi","product_cat-spiworki","product_tag-bajki-na-dobranoc","product_tag-milan-imie","product_tag-piosenki-dla-dzieci-tekst","product_tag-zagadka-matematyczna","product_tag-zaproszenia-na-urodziny-do-druku"],"_links":{"self":[{"href":"http:\/\/klubmamgdynia.pl\/index.php\/wp-json\/wp\/v2\/product\/12159","targetHints":{"allow":["GET"]}}],"collection":[{"href":"http:\/\/klubmamgdynia.pl\/index.php\/wp-json\/wp\/v2\/product"}],"about":[{"href":"http:\/\/klubmamgdynia.pl\/index.php\/wp-json\/wp\/v2\/types\/product"}],"replies":[{"embeddable":true,"href":"http:\/\/klubmamgdynia.pl\/index.php\/wp-json\/wp\/v2\/comments?post=12159"}],"wp:featuredmedia":[{"embeddable":true,"href":"http:\/\/klubmamgdynia.pl\/index.php\/wp-json\/wp\/v2\/media\/12160"}],"wp:attachment":[{"href":"http:\/\/klubmamgdynia.pl\/index.php\/wp-json\/wp\/v2\/media?parent=12159"}],"wp:term":[{"taxonomy":"product_cat","embeddable":true,"href":"http:\/\/klubmamgdynia.pl\/index.php\/wp-json\/wp\/v2\/product_cat?post=12159"},{"taxonomy":"product_tag","embeddable":true,"href":"http:\/\/klubmamgdynia.pl\/index.php\/wp-json\/wp\/v2\/product_tag?post=12159"}],"curies":[{"name":"wp","href":"https:\/\/api.w.org\/{rel}","templated":true}]}}