{"id":1216,"date":"2018-09-17T03:29:45","date_gmt":"2018-09-17T01:29:45","guid":{"rendered":"http:\/\/klubmamgdynia.pl\/index.php\/produkt\/goliath-domino-express-500-pack-wersja-niemiecka\/"},"modified":"2026-04-30T17:29:24","modified_gmt":"2026-04-30T15:29:24","slug":"goliath-domino-express-500-pack-wersja-niemiecka","status":"publish","type":"product","link":"http:\/\/klubmamgdynia.pl\/index.php\/produkt\/goliath-domino-express-500-pack-wersja-niemiecka\/","title":{"rendered":"Goliath Domino Express 500 Pack (wersja niemiecka)"},"content":{"rendered":"<p>Zestaw Domino Express 500 zawiera dodatkowych 500 kostek domina przy pomocy kt\u00f3rych mo\u017cna zbudowa\u0107 jeszcze d\u0142u\u017csze trasy.Z zawartych w opakowaniu kostek mo\u017cemy zbudowa\u0107 dodatkowe 13 metr\u00f3w trasy.Na opakowaniu przedstawiono przyk\u0142ad ustawienia kostek dla pobudzenia kreatywno\u015bci.zawarto\u015b\u0107 opakowania:500 plastikowych kostek Domino Express<\/p>\n<h2>Goliath Domino Express 500 Pack (wersja niemiecka) <\/h2>\n<p>imiona dla ch\u0142opc\u00f3w, mini zoo \u015bl\u0105sk, halszka, jak narysowa\u0107, quiz o stolicach europy, warszawa dla dzieci, bajki do czytania psi patrol, halloween dla dzieci 2021, cytat mama<\/p>\n<p>yyyyy<\/p>\n<p>&nbsp;<\/p>\n","protected":false},"excerpt":{"rendered":"<p>Zestaw Domino Express 500 zawiera dodatkowych 500 kostek domina przy pomocy kt\u00f3rych mo\u017cna zbudowa\u0107 jeszcze d\u0142u\u017csze trasy.Z zawartych w opakowaniu kostek mo\u017cemy zbudowa\u0107 dodatkowe 13 metr\u00f3w trasy.Na opakowaniu przedstawiono przyk\u0142ad ustawienia kostek dla pobudzenia kreatywno\u015bci.zawarto\u015b\u0107 opakowania:500 plastikowych kostek Domino Express Goliath Domino Express 500 Pack (wersja niemiecka) imiona dla ch\u0142opc\u00f3w, mini zoo \u015bl\u0105sk, halszka, jak [&hellip;]<\/p>\n","protected":false},"featured_media":1217,"comment_status":"closed","ping_status":"open","template":"","meta":[],"product_cat":[130],"product_tag":[816,870,694,701],"class_list":["post-1216","product","type-product","status-publish","has-post-thumbnail","hentry","product_cat-gry-dzieciece","product_tag-place-zabaw-warszawa","product_tag-prezent-dla-chlopca-na-roczek","product_tag-zagadki-swiateczne-dla-dzieci","product_tag-zgadywanki-dla-dzieci"],"_links":{"self":[{"href":"http:\/\/klubmamgdynia.pl\/index.php\/wp-json\/wp\/v2\/product\/1216","targetHints":{"allow":["GET"]}}],"collection":[{"href":"http:\/\/klubmamgdynia.pl\/index.php\/wp-json\/wp\/v2\/product"}],"about":[{"href":"http:\/\/klubmamgdynia.pl\/index.php\/wp-json\/wp\/v2\/types\/product"}],"replies":[{"embeddable":true,"href":"http:\/\/klubmamgdynia.pl\/index.php\/wp-json\/wp\/v2\/comments?post=1216"}],"wp:featuredmedia":[{"embeddable":true,"href":"http:\/\/klubmamgdynia.pl\/index.php\/wp-json\/wp\/v2\/media\/1217"}],"wp:attachment":[{"href":"http:\/\/klubmamgdynia.pl\/index.php\/wp-json\/wp\/v2\/media?parent=1216"}],"wp:term":[{"taxonomy":"product_cat","embeddable":true,"href":"http:\/\/klubmamgdynia.pl\/index.php\/wp-json\/wp\/v2\/product_cat?post=1216"},{"taxonomy":"product_tag","embeddable":true,"href":"http:\/\/klubmamgdynia.pl\/index.php\/wp-json\/wp\/v2\/product_tag?post=1216"}],"curies":[{"name":"wp","href":"https:\/\/api.w.org\/{rel}","templated":true}]}}