{"id":12161,"date":"2021-12-24T12:48:09","date_gmt":"2021-12-24T11:48:09","guid":{"rendered":"http:\/\/klubmamgdynia.pl\/index.php\/produkt\/midex-klasyczny-budzik-z-alarmem-rozne-kolory\/"},"modified":"2026-04-30T13:06:55","modified_gmt":"2026-04-30T11:06:55","slug":"midex-klasyczny-budzik-z-alarmem-rozne-kolory","status":"publish","type":"product","link":"http:\/\/klubmamgdynia.pl\/index.php\/produkt\/midex-klasyczny-budzik-z-alarmem-rozne-kolory\/","title":{"rendered":"Midex Klasyczny Budzik Z Alarmem R\u00f3\u017cne Kolory"},"content":{"rendered":"<p>\u015aliczny i czytelny zegar z budzikiem.Wykonany z wysokiej jako\u015bci materia\u0142\u00f3w.Do dzia\u0142ania konieczna bateria 1x AA (brak w zestawie).Wymiary budzika: 12,5 x 5 x 13cm.W sprzeda\u017cy 5 kolor\u00f3w: czerwony, zielony, r\u00f3\u017cowy, szary oraz niebieski. Prosimy o wyb\u00f3r koloru w formularzu Dostawa.Cena dotyczy 1szt.<\/p>\n<h2>Midex Klasyczny Budzik Z Alarmem R\u00f3\u017cne Kolory Midex<\/h2>\n<p>kolorowanki dla ch\u0142opc\u00f3w, zagadki dla dzieci 6-7 lat, cytaty korczaka, kolorowanki star wars, quiz flagi, zabawy ruchowe dla dzieci, \u0142amig\u0142owki do druku, list do sw mikolaja, cytaty o dziecku i mamie, atrakcje dla dzieci wroc\u0142aw 2021, aneta, kolorowe ciasto, pomys\u0142y na dzie\u0144 dziecka dla nastolatk\u00f3w<\/p>\n<p>yyyyy<\/p>\n<p>&nbsp;<\/p>\n","protected":false},"excerpt":{"rendered":"<p>\u015aliczny i czytelny zegar z budzikiem.Wykonany z wysokiej jako\u015bci materia\u0142\u00f3w.Do dzia\u0142ania konieczna bateria 1x AA (brak w zestawie).Wymiary budzika: 12,5 x 5 x 13cm.W sprzeda\u017cy 5 kolor\u00f3w: czerwony, zielony, r\u00f3\u017cowy, szary oraz niebieski. Prosimy o wyb\u00f3r koloru w formularzu Dostawa.Cena dotyczy 1szt. Midex Klasyczny Budzik Z Alarmem R\u00f3\u017cne Kolory Midex kolorowanki dla ch\u0142opc\u00f3w, zagadki dla [&hellip;]<\/p>\n","protected":false},"featured_media":12162,"comment_status":"closed","ping_status":"open","template":"","meta":[],"product_cat":[555,1091],"product_tag":[777,716,656,692,733],"class_list":["post-12161","product","type-product","status-publish","has-post-thumbnail","hentry","product_cat-dzieciece-akcesoria-dekoracyjne","product_cat-midex","product_tag-co-na-roczek","product_tag-filmy-animowane-o-swietach","product_tag-kolorowanki-lol","product_tag-prezenty-na-roczek","product_tag-zarty-na-prima-aprilis"],"_links":{"self":[{"href":"http:\/\/klubmamgdynia.pl\/index.php\/wp-json\/wp\/v2\/product\/12161","targetHints":{"allow":["GET"]}}],"collection":[{"href":"http:\/\/klubmamgdynia.pl\/index.php\/wp-json\/wp\/v2\/product"}],"about":[{"href":"http:\/\/klubmamgdynia.pl\/index.php\/wp-json\/wp\/v2\/types\/product"}],"replies":[{"embeddable":true,"href":"http:\/\/klubmamgdynia.pl\/index.php\/wp-json\/wp\/v2\/comments?post=12161"}],"wp:featuredmedia":[{"embeddable":true,"href":"http:\/\/klubmamgdynia.pl\/index.php\/wp-json\/wp\/v2\/media\/12162"}],"wp:attachment":[{"href":"http:\/\/klubmamgdynia.pl\/index.php\/wp-json\/wp\/v2\/media?parent=12161"}],"wp:term":[{"taxonomy":"product_cat","embeddable":true,"href":"http:\/\/klubmamgdynia.pl\/index.php\/wp-json\/wp\/v2\/product_cat?post=12161"},{"taxonomy":"product_tag","embeddable":true,"href":"http:\/\/klubmamgdynia.pl\/index.php\/wp-json\/wp\/v2\/product_tag?post=12161"}],"curies":[{"name":"wp","href":"https:\/\/api.w.org\/{rel}","templated":true}]}}