{"id":12163,"date":"2018-10-18T23:35:35","date_gmt":"2018-10-18T21:35:35","guid":{"rendered":"http:\/\/klubmamgdynia.pl\/index.php\/produkt\/jellycat-happihoop-sowa-grzechotka-20x11cm-hap4o\/"},"modified":"2026-04-04T03:46:46","modified_gmt":"2026-04-04T01:46:46","slug":"jellycat-happihoop-sowa-grzechotka-20x11cm-hap4o","status":"publish","type":"product","link":"http:\/\/klubmamgdynia.pl\/index.php\/produkt\/jellycat-happihoop-sowa-grzechotka-20x11cm-hap4o\/","title":{"rendered":"Jellycat Happihoop Sowa Grzechotka 20X11Cm Hap4O"},"content":{"rendered":"<p>Maskotka Sowa Happihoop z grzechotk\u0105 w kolorze rudym na brzuchu ma fr\u0119zle w kolorze pomara\u0144czowym, be\u017cowym i musztardowymWymiary: H20 x W11cmPrzetestowana zgodnie z europejsk\u0105 norm\u0105 bezpiecze\u0144stwa zabawek: EN71 cz\u0119\u015bci 1, 2 i 3 dla wszystkich grup wiekowychZalecana dla dzieci od urodzeniaProducent: Jellycat<\/p>\n<h2>Jellycat Happihoop Sowa Grzechotka 20X11Cm Hap4O Jellycat<\/h2>\n<p>wieliczka bon turystyczny, film rodzinny o \u015bwi\u0119tach, atrakcje dla dzieci wroclaw, quiz o miko\u0142ajku, zabawka na roczek dla dziewczynki, m\u0105dre bajki dla dzieci do czytania, czytanki na dobranoc<\/p>\n<p>yyyyy<\/p>\n<p>&nbsp;<\/p>\n","protected":false},"excerpt":{"rendered":"<p>Maskotka Sowa Happihoop z grzechotk\u0105 w kolorze rudym na brzuchu ma fr\u0119zle w kolorze pomara\u0144czowym, be\u017cowym i musztardowymWymiary: H20 x W11cmPrzetestowana zgodnie z europejsk\u0105 norm\u0105 bezpiecze\u0144stwa zabawek: EN71 cz\u0119\u015bci 1, 2 i 3 dla wszystkich grup wiekowychZalecana dla dzieci od urodzeniaProducent: Jellycat Jellycat Happihoop Sowa Grzechotka 20X11Cm Hap4O Jellycat wieliczka bon turystyczny, film rodzinny o [&hellip;]<\/p>\n","protected":false},"featured_media":12164,"comment_status":"closed","ping_status":"open","template":"","meta":[],"product_cat":[46,42],"product_tag":[657,856,746],"class_list":["post-12163","product","type-product","status-publish","has-post-thumbnail","hentry","product_cat-jellycat","product_cat-maskotki","product_tag-lol-kolorowanka","product_tag-prezent-dla-16-latki","product_tag-zagadki-typu-co-to-jest"],"_links":{"self":[{"href":"http:\/\/klubmamgdynia.pl\/index.php\/wp-json\/wp\/v2\/product\/12163","targetHints":{"allow":["GET"]}}],"collection":[{"href":"http:\/\/klubmamgdynia.pl\/index.php\/wp-json\/wp\/v2\/product"}],"about":[{"href":"http:\/\/klubmamgdynia.pl\/index.php\/wp-json\/wp\/v2\/types\/product"}],"replies":[{"embeddable":true,"href":"http:\/\/klubmamgdynia.pl\/index.php\/wp-json\/wp\/v2\/comments?post=12163"}],"wp:featuredmedia":[{"embeddable":true,"href":"http:\/\/klubmamgdynia.pl\/index.php\/wp-json\/wp\/v2\/media\/12164"}],"wp:attachment":[{"href":"http:\/\/klubmamgdynia.pl\/index.php\/wp-json\/wp\/v2\/media?parent=12163"}],"wp:term":[{"taxonomy":"product_cat","embeddable":true,"href":"http:\/\/klubmamgdynia.pl\/index.php\/wp-json\/wp\/v2\/product_cat?post=12163"},{"taxonomy":"product_tag","embeddable":true,"href":"http:\/\/klubmamgdynia.pl\/index.php\/wp-json\/wp\/v2\/product_tag?post=12163"}],"curies":[{"name":"wp","href":"https:\/\/api.w.org\/{rel}","templated":true}]}}