{"id":12167,"date":"2014-09-03T04:10:26","date_gmt":"2014-09-03T02:10:26","guid":{"rendered":"http:\/\/klubmamgdynia.pl\/index.php\/produkt\/eurobaby-lozeczko-traveler-ap920-blue\/"},"modified":"2026-04-05T12:17:18","modified_gmt":"2026-04-05T10:17:18","slug":"eurobaby-lozeczko-traveler-ap920-blue","status":"publish","type":"product","link":"http:\/\/klubmamgdynia.pl\/index.php\/produkt\/eurobaby-lozeczko-traveler-ap920-blue\/","title":{"rendered":"Eurobaby \u0141\u00f3\u017ceczko Traveler Ap920 Blue"},"content":{"rendered":"<p>Dwupoziomowe \u0142\u00f3\u017ceczko podr\u00f3\u017cne z przewijakiem Traveler.Podwy\u017cszenie montowane na zamek.Waga dziecka do 15kg, bardzo trwa\u0142a lekka konstrukcja, dwa k\u00f3\u0142ka do przemieszczania \u0142\u00f3\u017ceczka, materacyk, moskitiera, torba podr\u00f3\u017cna na \u0142\u00f3\u017ceczko, wygodny i \u0142atwy system rozk\u0142adania. Odpinana karuzela z trzema zabawkami i pozytywk\u0105.Pozytywka w karuzeli nakr\u0119cana r\u0119cznie. Kiesze\u0144 boczna. Dodatkowe wej\u015bcie boczne zapinane na zamek. Przewijak posiada kiesze\u0144, pas bezpiecze\u0144stwa oraz uchwyty mocuj\u0105ce go na bokach \u0142\u00f3\u017ceczka zapobiegaj\u0105ce przesuwaniu si\u0119 go.Zdemontowany przewijak mo\u017cna przymocowa\u0107 do boku \u0142\u00f3\u017ceczka za pomoc\u0105 specjalnych uchwyt\u00f3w.W zestawie znajduje si\u0119 tak\u017ce le\u017caczek.ZAWARTO\u015a\u0106:- Solidna i lekka konstrukcja- \u0141atwy system sk\u0142adania i rozk\u0142adania- Ma\u0142e gabaryty po z\u0142o\u017ceniu- 2 ko\u0142a do \u0142atwiejszego przemieszczania- Pokrowiec na \u0142\u00f3\u017ceczko- Moskitiera- Kiesze\u0144 boczna na akcesoria- Kiesze\u0144 na akcesoria w przewijaku- Boczne wej\u015bcie na zamek- Przewijak- Le\u017caczek- Karuzela z zabawkami i pozytywk\u0105Informacja techniczna:Poziom 1: g\u0142\u0119boko\u015b\u0107 34 cmPoziom 2: g\u0142\u0119boko\u015b\u0107 69 cmWymiary \u0142\u00f3\u017ceczka po roz\u0142o\u017ceniu:wysoko\u015b\u0107: 81 cmszeroko\u015b\u0107: 69 cmd\u0142ugo\u015b\u0107: 117 cmWymiary \u0142\u00f3\u017ceczka po z\u0142o\u017ceniu:wysoko\u015b\u0107: 30 cmszeroko\u015b\u0107: 28 cmd\u0142ugo\u015b\u0107: 80 cmWymiar przewijaka:szeroko\u015b\u0107: 51 cmd\u0142ugo\u015b\u0107: 75 cmWymiar le\u017caczka:szeroko\u015b\u0107: 45 cmd\u0142ugo\u015b\u0107: 69 cmWaga dziecka:do 15KgWaga \u0142\u00f3\u017ceczka z akcesoriami:12.65 KgGwarancja:12 miesi\u0119cyInstrukcjaw j\u0119zyku polskim<\/p>\n<h2>Eurobaby \u0141\u00f3\u017ceczko Traveler Ap920 Blue Eurobaby<\/h2>\n<p>ja\u015bmina imi\u0119, konkurencje sportowe dla dzieci, ko\u0142ysanki dla dzieci + tekst, gry dla m\u0142odzie\u017cy, kolorowanki kotki, najtrudniejsze zagadki, zaproszenia do druku, test detektyw pozytywka, znaki drogowe quiz, macierzy\u0144stwo cytaty, prezenty na roczek, gad\u017cety dla nastolatka, quiz konie, zabawy miko\u0142ajkowe dla dzieci, quizy o miko\u0142ajku, z\u0142ote my\u015bli pedagogiczne, pomys\u0142 na prezent dla 7 latki, kolorowanka wakacje, ko\u0142ysanka tekst, gloria imi\u0119, bajki na dobranoc psi patrol<\/p>\n<p>yyyyy<\/p>\n<p>&nbsp;<\/p>\n","protected":false},"excerpt":{"rendered":"<p>Dwupoziomowe \u0142\u00f3\u017ceczko podr\u00f3\u017cne z przewijakiem Traveler.Podwy\u017cszenie montowane na zamek.Waga dziecka do 15kg, bardzo trwa\u0142a lekka konstrukcja, dwa k\u00f3\u0142ka do przemieszczania \u0142\u00f3\u017ceczka, materacyk, moskitiera, torba podr\u00f3\u017cna na \u0142\u00f3\u017ceczko, wygodny i \u0142atwy system rozk\u0142adania. Odpinana karuzela z trzema zabawkami i pozytywk\u0105.Pozytywka w karuzeli nakr\u0119cana r\u0119cznie. Kiesze\u0144 boczna. Dodatkowe wej\u015bcie boczne zapinane na zamek. Przewijak posiada kiesze\u0144, pas [&hellip;]<\/p>\n","protected":false},"featured_media":12168,"comment_status":"closed","ping_status":"open","template":"","meta":[],"product_cat":[128,935],"product_tag":[863,836,719,784,734],"class_list":["post-12167","product","type-product","status-publish","has-post-thumbnail","hentry","product_cat-eurobaby","product_cat-lozeczka-dzieciece","product_tag-bajki-dla-dziewczynek","product_tag-co-kupic-dziecku-na-roczek","product_tag-dziecko-cytaty-zlote-mysli","product_tag-hymn-gorniczy","product_tag-milan-imie"],"_links":{"self":[{"href":"http:\/\/klubmamgdynia.pl\/index.php\/wp-json\/wp\/v2\/product\/12167","targetHints":{"allow":["GET"]}}],"collection":[{"href":"http:\/\/klubmamgdynia.pl\/index.php\/wp-json\/wp\/v2\/product"}],"about":[{"href":"http:\/\/klubmamgdynia.pl\/index.php\/wp-json\/wp\/v2\/types\/product"}],"replies":[{"embeddable":true,"href":"http:\/\/klubmamgdynia.pl\/index.php\/wp-json\/wp\/v2\/comments?post=12167"}],"wp:featuredmedia":[{"embeddable":true,"href":"http:\/\/klubmamgdynia.pl\/index.php\/wp-json\/wp\/v2\/media\/12168"}],"wp:attachment":[{"href":"http:\/\/klubmamgdynia.pl\/index.php\/wp-json\/wp\/v2\/media?parent=12167"}],"wp:term":[{"taxonomy":"product_cat","embeddable":true,"href":"http:\/\/klubmamgdynia.pl\/index.php\/wp-json\/wp\/v2\/product_cat?post=12167"},{"taxonomy":"product_tag","embeddable":true,"href":"http:\/\/klubmamgdynia.pl\/index.php\/wp-json\/wp\/v2\/product_tag?post=12167"}],"curies":[{"name":"wp","href":"https:\/\/api.w.org\/{rel}","templated":true}]}}