{"id":12169,"date":"2016-11-30T07:48:44","date_gmt":"2016-11-30T06:48:44","guid":{"rendered":"http:\/\/klubmamgdynia.pl\/index.php\/produkt\/tpc-cobra-king-118-2-4ghz-zolty-tpcrh702yel\/"},"modified":"2026-04-30T11:25:41","modified_gmt":"2026-04-30T09:25:41","slug":"tpc-cobra-king-118-2-4ghz-zolty-tpcrh702yel","status":"publish","type":"product","link":"http:\/\/klubmamgdynia.pl\/index.php\/produkt\/tpc-cobra-king-118-2-4ghz-zolty-tpcrh702yel\/","title":{"rendered":"Tpc Cobra King 1:18 2.4Ghz \u017b\u00f3\u0142ty Tpcrh702Yel"},"content":{"rendered":"<p>Prawdziwy krokodyl ju\u017c w waszych r\u0119kach. Model, oczywi\u015bcie, przeznaczony jest do zabawy w wodzie. \u0141eb krokodyla to, oczywi\u015bcie, nak\u0142adka, kt\u00f3r\u0105 mo\u017cemy na\u0142o\u017cy\u0107 na \u0142\u00f3d\u017a zdalnie sterowan\u0105, kt\u00f3ra r\u00f3wnie\u017c jest w zestawie. Otrzymujemy wi\u0119c dwie zabawki w cenie jednej.Wygl\u0105d zabawki mo\u017cemy dowolnie zmienia\u0107: albo w krokodyla, albo w \u0142\u00f3d\u017a wedle upodobania, kiedy ju\u017c znudzi nam si\u0119 straszenie k\u0105pi\u0105cych si\u0119 przyjaci\u00f3\u0142. \u0141\u00f3dka sama w sobie jest bardzo szybka; posiada dwa silniki, co jest rzadko spotykane w tej klasy zabawkach. Ca\u0142o\u015b\u0107 zosta\u0142a wykonana z mocnego tworzywa sztucznego (ABS), kt\u00f3re jest odporne na dzia\u0142anie czynnik\u00f3w zewn\u0119trznych. Mimo to, zalecamy uszczelni\u0107 kad\u0142ub ta\u015bm\u0105 klej\u0105c\u0105.Model sterowany jest zdalnie poprzez nadajnik 2.4GHz, kt\u00f3ry pozwoli na odp\u0142yni\u0119cie na odleg\u0142o\u015b\u0107 oko\u0142o 40m. W zestawie znajduje si\u0119 akumulator oraz \u0142adowarka. Wystarczy dokupi\u0107 2 baterie AA do nadajnika i nasza krokodylo-\u0142\u00f3d\u017a jest gotowa do zwodowania.Sk\u0142ad zestawuKrokodyl zdalnie sterowanyAkumulator 650mAh 3.7V\u0141adowarka USBNadajnik (pilot) zdalnego sterowaniaInstrukcja obs\u0142ugiFilm:<\/p>\n<h2>Tpc Cobra King 1:18 2.4Ghz \u017b\u00f3\u0142ty Tpcrh702Yel TPC<\/h2>\n<p>pokemon kolorowanki do druku, kwiaty polne nazwy, bajki dla niemowl\u0105t do czytania, jak narysowa\u0107 psa, test ze znak\u00f3w drogowych, kolorowanka super zings, bajka do czytania, prezenty na roczek, co oznacza nazwa jordan, p\u0142onie ognisko w lesie, quiz o hobbicie, lol do druku, kolorowanka pies, test z lektury asiunia joanna papuzi\u0144ska, kartki na dobranoc dla przyjaci\u00f3\u0142, quizy dla dzieci 10 lat, zagadki dla dzieci 7 lat, zagadki wielkanocne przedszkole<\/p>\n<p>yyyyy<\/p>\n<p>&nbsp;<\/p>\n","protected":false},"excerpt":{"rendered":"<p>Prawdziwy krokodyl ju\u017c w waszych r\u0119kach. Model, oczywi\u015bcie, przeznaczony jest do zabawy w wodzie. \u0141eb krokodyla to, oczywi\u015bcie, nak\u0142adka, kt\u00f3r\u0105 mo\u017cemy na\u0142o\u017cy\u0107 na \u0142\u00f3d\u017a zdalnie sterowan\u0105, kt\u00f3ra r\u00f3wnie\u017c jest w zestawie. Otrzymujemy wi\u0119c dwie zabawki w cenie jednej.Wygl\u0105d zabawki mo\u017cemy dowolnie zmienia\u0107: albo w krokodyla, albo w \u0142\u00f3d\u017a wedle upodobania, kiedy ju\u017c znudzi nam si\u0119 [&hellip;]<\/p>\n","protected":false},"featured_media":12170,"comment_status":"closed","ping_status":"open","template":"","meta":[],"product_cat":[295,2099],"product_tag":[671,719,617,690,824],"class_list":["post-12169","product","type-product","status-publish","has-post-thumbnail","hentry","product_cat-pozostale-zabawki","product_cat-tpc","product_tag-cicha-noc-po-angielsku-tekst","product_tag-dziecko-cytaty-zlote-mysli","product_tag-keyword","product_tag-pieski-male-dwa-tekst","product_tag-warszawa-atrakcje-dla-dzieci"],"_links":{"self":[{"href":"http:\/\/klubmamgdynia.pl\/index.php\/wp-json\/wp\/v2\/product\/12169","targetHints":{"allow":["GET"]}}],"collection":[{"href":"http:\/\/klubmamgdynia.pl\/index.php\/wp-json\/wp\/v2\/product"}],"about":[{"href":"http:\/\/klubmamgdynia.pl\/index.php\/wp-json\/wp\/v2\/types\/product"}],"replies":[{"embeddable":true,"href":"http:\/\/klubmamgdynia.pl\/index.php\/wp-json\/wp\/v2\/comments?post=12169"}],"wp:featuredmedia":[{"embeddable":true,"href":"http:\/\/klubmamgdynia.pl\/index.php\/wp-json\/wp\/v2\/media\/12170"}],"wp:attachment":[{"href":"http:\/\/klubmamgdynia.pl\/index.php\/wp-json\/wp\/v2\/media?parent=12169"}],"wp:term":[{"taxonomy":"product_cat","embeddable":true,"href":"http:\/\/klubmamgdynia.pl\/index.php\/wp-json\/wp\/v2\/product_cat?post=12169"},{"taxonomy":"product_tag","embeddable":true,"href":"http:\/\/klubmamgdynia.pl\/index.php\/wp-json\/wp\/v2\/product_tag?post=12169"}],"curies":[{"name":"wp","href":"https:\/\/api.w.org\/{rel}","templated":true}]}}