{"id":12171,"date":"2016-05-07T15:00:44","date_gmt":"2016-05-07T13:00:44","guid":{"rendered":"http:\/\/klubmamgdynia.pl\/index.php\/produkt\/trixie-miseczka-ceramiczna-dla-chomika-8cm-80ml\/"},"modified":"2026-05-02T05:47:19","modified_gmt":"2026-05-02T03:47:19","slug":"trixie-miseczka-ceramiczna-dla-chomika-8cm-80ml","status":"publish","type":"product","link":"http:\/\/klubmamgdynia.pl\/index.php\/produkt\/trixie-miseczka-ceramiczna-dla-chomika-8cm-80ml\/","title":{"rendered":"Trixie Miseczka Ceramiczna Dla Chomika 8Cm 80Ml"},"content":{"rendered":"<p>\u015aliczna ceramiczna miseczka z motywem chomika, kr\u00f3lika albo \u015bwinki morskiej, higieniczna i \u0142atwa do czyszczenia \/ Ta wysokiej jako\u015bci ceramiczna miseczka dla gryzoni jest nie tylko \u015bliczna, ale tak\u017ce praktyczna. To obowi\u0105zkowy dodatek do ka\u017cdej klatki. Miseczka jest dost\u0119pna w 3 wariantach z odpowiednim motywem: Chomika, myszy i innych gryzoni \u015awinki morskiej Kr\u00f3lika Ta miska dla gryzonia jest \u0142atwa do czyszczenia i higieniczna i dzi\u0119ki swojej wadze stabilna. Miski mo\u017cna u\u017cywa\u0107 do suchej albo \u015bwie\u017cej karmy lub do zielonej paszy. Uwaga: kolory misek mog\u0105 nieco odbiega\u0107 od tych na zdj\u0119ciu.<\/p>\n<h2>Trixie Miseczka Ceramiczna Dla Chomika 8Cm 80Ml Trixie<\/h2>\n<p>zagadki z odpowiedziami, prezent dla roczniaka, imi\u0119 mira, mia\u0142a baba koguta tekst, quiz o ro\u015blinach, koty rysunki, oryginalny prezent na roczek, mia\u0142a baba koguta tekst, pomys\u0142y na prezent na roczek, literki do druku, wiosenna kolorowanka, nastolatka, trudne zagadki dla dzieci, gad\u017cety dla m\u0142odzie\u017cy 2020, lol kolorowanka, quiz konie, ziemia wyspa zielona tekst, atrakcje dla nastolatk\u00f3w, quiz o stolicach europy<\/p>\n<p>yyyyy<\/p>\n<p>&nbsp;<\/p>\n","protected":false},"excerpt":{"rendered":"<p>\u015aliczna ceramiczna miseczka z motywem chomika, kr\u00f3lika albo \u015bwinki morskiej, higieniczna i \u0142atwa do czyszczenia \/ Ta wysokiej jako\u015bci ceramiczna miseczka dla gryzoni jest nie tylko \u015bliczna, ale tak\u017ce praktyczna. To obowi\u0105zkowy dodatek do ka\u017cdej klatki. Miseczka jest dost\u0119pna w 3 wariantach z odpowiednim motywem: Chomika, myszy i innych gryzoni \u015awinki morskiej Kr\u00f3lika Ta miska [&hellip;]<\/p>\n","protected":false},"featured_media":12172,"comment_status":"closed","ping_status":"open","template":"","meta":[],"product_cat":[1817,43],"product_tag":[761,814,783,770,843],"class_list":["post-12171","product","type-product","status-publish","has-post-thumbnail","hentry","product_cat-akcesoria-dla-malych-zwierzat","product_cat-trixie","product_tag-choinko-piekna-jak-las-tekst","product_tag-prezenty-dla-nastolatek","product_tag-prezenty-na-roczek-dla-chlopca","product_tag-samolot-z-papieru","product_tag-smieszne-zagadki-dla-dzieci"],"_links":{"self":[{"href":"http:\/\/klubmamgdynia.pl\/index.php\/wp-json\/wp\/v2\/product\/12171","targetHints":{"allow":["GET"]}}],"collection":[{"href":"http:\/\/klubmamgdynia.pl\/index.php\/wp-json\/wp\/v2\/product"}],"about":[{"href":"http:\/\/klubmamgdynia.pl\/index.php\/wp-json\/wp\/v2\/types\/product"}],"replies":[{"embeddable":true,"href":"http:\/\/klubmamgdynia.pl\/index.php\/wp-json\/wp\/v2\/comments?post=12171"}],"wp:featuredmedia":[{"embeddable":true,"href":"http:\/\/klubmamgdynia.pl\/index.php\/wp-json\/wp\/v2\/media\/12172"}],"wp:attachment":[{"href":"http:\/\/klubmamgdynia.pl\/index.php\/wp-json\/wp\/v2\/media?parent=12171"}],"wp:term":[{"taxonomy":"product_cat","embeddable":true,"href":"http:\/\/klubmamgdynia.pl\/index.php\/wp-json\/wp\/v2\/product_cat?post=12171"},{"taxonomy":"product_tag","embeddable":true,"href":"http:\/\/klubmamgdynia.pl\/index.php\/wp-json\/wp\/v2\/product_tag?post=12171"}],"curies":[{"name":"wp","href":"https:\/\/api.w.org\/{rel}","templated":true}]}}