{"id":12173,"date":"2014-12-04T16:00:03","date_gmt":"2014-12-04T15:00:03","guid":{"rendered":"http:\/\/klubmamgdynia.pl\/index.php\/produkt\/midex-piasek-kinetyczny-walizka-foremki-400g\/"},"modified":"2026-05-17T23:23:11","modified_gmt":"2026-05-17T21:23:11","slug":"midex-piasek-kinetyczny-walizka-foremki-400g","status":"publish","type":"product","link":"http:\/\/klubmamgdynia.pl\/index.php\/produkt\/midex-piasek-kinetyczny-walizka-foremki-400g\/","title":{"rendered":"Midex Piasek Kinetyczny Walizka Foremki 400G"},"content":{"rendered":"<p>PIASEK KINETYCZNY ZESTAW 400GPiasek kinetyczny to substancja, kt\u00f3ra zosta\u0142a stworzona wed\u0142ug \u015bcis\u0142ej receptury gwarantuj\u0105cej zabaw\u0119 w piasku bez brudzenia si\u0119. W\u0142a\u015bciwo\u015bci sprawiaj\u0105 \u017ce piasek si\u0119 nie rozsypuje jednocze\u015bnie bardzo dobrze \u0142\u0105cz\u0105c si\u0119 ze sob\u0105. Doskonale nadaje si\u0119 do u\u017cytku w domu.W zestawie 400g piasku oraz foremki.Kolory piasku wybierane wed\u0142ug dost\u0119pno\u015bci na magazynie podczas wysy\u0142ki.Wymiary opakowania: 22 x 7 x 21cm.<\/p>\n<h2>Midex Piasek Kinetyczny Walizka Foremki 400G Midex<\/h2>\n<p>lato lato lato czeka, kolorowanka lato, ko\u0142ysanki teksty, jak narysowa\u0107 nos, zagadki dla dzieci 9-10 lat z odpowiedziami, znaki drogowe quiz, mitologia test wiedzy, zagadki logiczne na inteligencj\u0119, kolorowanki konie do druku, szymon znaczenie imiona, quiz o bajkach<\/p>\n<p>yyyyy<\/p>\n<p>&nbsp;<\/p>\n","protected":false},"excerpt":{"rendered":"<p>PIASEK KINETYCZNY ZESTAW 400GPiasek kinetyczny to substancja, kt\u00f3ra zosta\u0142a stworzona wed\u0142ug \u015bcis\u0142ej receptury gwarantuj\u0105cej zabaw\u0119 w piasku bez brudzenia si\u0119. W\u0142a\u015bciwo\u015bci sprawiaj\u0105 \u017ce piasek si\u0119 nie rozsypuje jednocze\u015bnie bardzo dobrze \u0142\u0105cz\u0105c si\u0119 ze sob\u0105. Doskonale nadaje si\u0119 do u\u017cytku w domu.W zestawie 400g piasku oraz foremki.Kolory piasku wybierane wed\u0142ug dost\u0119pno\u015bci na magazynie podczas wysy\u0142ki.Wymiary opakowania: [&hellip;]<\/p>\n","protected":false},"featured_media":12174,"comment_status":"closed","ping_status":"open","template":"","meta":[],"product_cat":[1091,295],"product_tag":[765,792,852,717,843],"class_list":["post-12173","product","type-product","status-publish","has-post-thumbnail","hentry","product_cat-midex","product_cat-pozostale-zabawki","product_tag-atrakcje-dla-dzieci-warszawa","product_tag-cytaty-o-mamie","product_tag-jak-zrobic-samolot-z-papieru","product_tag-prezent-roczek","product_tag-smieszne-zagadki-dla-dzieci"],"_links":{"self":[{"href":"http:\/\/klubmamgdynia.pl\/index.php\/wp-json\/wp\/v2\/product\/12173","targetHints":{"allow":["GET"]}}],"collection":[{"href":"http:\/\/klubmamgdynia.pl\/index.php\/wp-json\/wp\/v2\/product"}],"about":[{"href":"http:\/\/klubmamgdynia.pl\/index.php\/wp-json\/wp\/v2\/types\/product"}],"replies":[{"embeddable":true,"href":"http:\/\/klubmamgdynia.pl\/index.php\/wp-json\/wp\/v2\/comments?post=12173"}],"wp:featuredmedia":[{"embeddable":true,"href":"http:\/\/klubmamgdynia.pl\/index.php\/wp-json\/wp\/v2\/media\/12174"}],"wp:attachment":[{"href":"http:\/\/klubmamgdynia.pl\/index.php\/wp-json\/wp\/v2\/media?parent=12173"}],"wp:term":[{"taxonomy":"product_cat","embeddable":true,"href":"http:\/\/klubmamgdynia.pl\/index.php\/wp-json\/wp\/v2\/product_cat?post=12173"},{"taxonomy":"product_tag","embeddable":true,"href":"http:\/\/klubmamgdynia.pl\/index.php\/wp-json\/wp\/v2\/product_tag?post=12173"}],"curies":[{"name":"wp","href":"https:\/\/api.w.org\/{rel}","templated":true}]}}