{"id":12175,"date":"2024-01-28T20:20:54","date_gmt":"2024-01-28T19:20:54","guid":{"rendered":"http:\/\/klubmamgdynia.pl\/?post_type=product&#038;p=12175"},"modified":"2026-04-18T22:52:40","modified_gmt":"2026-04-18T20:52:40","slug":"cada-klocki-konstrukcyjne-czolg-t-34-medium-tank-rc-722-elementow","status":"publish","type":"product","link":"http:\/\/klubmamgdynia.pl\/index.php\/produkt\/cada-klocki-konstrukcyjne-czolg-t-34-medium-tank-rc-722-elementow\/","title":{"rendered":"Cada Klocki Konstrukcyjne Czo\u0142g T 34 Medium Tank Rc 722 Element\u00f3w"},"content":{"rendered":"<p>Zestaw sk\u0142ada si\u0119 z 722 element\u00f3w i umo\u017cliwia z\u0142o\u017cenie zdalnie sterowanego czo\u0142gu T-34 Medium Tank. Z\u0142o\u017cony pojazd, mo\u017ce obraca\u0107 wie\u017cyczk\u0105 dow\u00f3dcy i podnosi\u0107 oraz opuszcza\u0107 dzia\u0142o. Czo\u0142g je\u017adzi do przodu, ty\u0142u i skr\u0119ca!<\/p>\n<h2>Cada Klocki Konstrukcyjne Czo\u0142g T 34 Medium Tank Rc 722 Element\u00f3w Cada<\/h2>\n<p>stare wiersze dla dzieci, kolorowanki antystresowe, kolorowanki dla dzieci do druku, kolorowanka peppa, zagadki dla ma\u0142ych dzieci, prezent dla jedenastolatka, nastolatka, star wars kolorowanka, plecak torba i walizka<\/p>\n<p>yyyyy<\/p>\n<p>&nbsp;<\/p>\n","protected":false},"excerpt":{"rendered":"<p>Zestaw sk\u0142ada si\u0119 z 722 element\u00f3w i umo\u017cliwia z\u0142o\u017cenie zdalnie sterowanego czo\u0142gu T-34 Medium Tank. Z\u0142o\u017cony pojazd, mo\u017ce obraca\u0107 wie\u017cyczk\u0105 dow\u00f3dcy i podnosi\u0107 oraz opuszcza\u0107 dzia\u0142o. Czo\u0142g je\u017adzi do przodu, ty\u0142u i skr\u0119ca! Cada Klocki Konstrukcyjne Czo\u0142g T 34 Medium Tank Rc 722 Element\u00f3w Cada stare wiersze dla dzieci, kolorowanki antystresowe, kolorowanki dla dzieci do [&hellip;]<\/p>\n","protected":false},"featured_media":12176,"comment_status":"closed","ping_status":"open","template":"","meta":[],"product_cat":[460,113],"product_tag":[673,842,843],"class_list":["post-12175","product","type-product","status-publish","has-post-thumbnail","hentry","product_cat-cada","product_cat-klocki","product_tag-juz-blisko-koleda-tekst","product_tag-plac-zabaw-poznan","product_tag-smieszne-zagadki-dla-dzieci"],"_links":{"self":[{"href":"http:\/\/klubmamgdynia.pl\/index.php\/wp-json\/wp\/v2\/product\/12175","targetHints":{"allow":["GET"]}}],"collection":[{"href":"http:\/\/klubmamgdynia.pl\/index.php\/wp-json\/wp\/v2\/product"}],"about":[{"href":"http:\/\/klubmamgdynia.pl\/index.php\/wp-json\/wp\/v2\/types\/product"}],"replies":[{"embeddable":true,"href":"http:\/\/klubmamgdynia.pl\/index.php\/wp-json\/wp\/v2\/comments?post=12175"}],"wp:featuredmedia":[{"embeddable":true,"href":"http:\/\/klubmamgdynia.pl\/index.php\/wp-json\/wp\/v2\/media\/12176"}],"wp:attachment":[{"href":"http:\/\/klubmamgdynia.pl\/index.php\/wp-json\/wp\/v2\/media?parent=12175"}],"wp:term":[{"taxonomy":"product_cat","embeddable":true,"href":"http:\/\/klubmamgdynia.pl\/index.php\/wp-json\/wp\/v2\/product_cat?post=12175"},{"taxonomy":"product_tag","embeddable":true,"href":"http:\/\/klubmamgdynia.pl\/index.php\/wp-json\/wp\/v2\/product_tag?post=12175"}],"curies":[{"name":"wp","href":"https:\/\/api.w.org\/{rel}","templated":true}]}}