{"id":12177,"date":"2020-06-29T08:17:22","date_gmt":"2020-06-29T06:17:22","guid":{"rendered":"http:\/\/klubmamgdynia.pl\/index.php\/produkt\/alvi-sleep-overall-organic-cotton-starfant\/"},"modified":"2026-04-05T19:37:52","modified_gmt":"2026-04-05T17:37:52","slug":"alvi-sleep-overall-organic-cotton-starfant","status":"publish","type":"product","link":"http:\/\/klubmamgdynia.pl\/index.php\/produkt\/alvi-sleep-overall-organic-cotton-starfant\/","title":{"rendered":"Alvi Sleep Overall Organic Cotton Starfant"},"content":{"rendered":"<p>Ten przytulny \u015bpiw\u00f3r z Alvi \u00ae \u0142\u0105czy w sobie zalety wygodnego \u015bpiwora z maksymaln\u0105 swobod\u0105 ruch\u00f3w. szczeg\u00f3\u0142y dotycz\u0105ce produktu: Wysokiej jako\u015bci zamek b\u0142yskawiczny z os\u0142on\u0105 podbr\u00f3dka dla wygodnego ubierania i rozbierania si\u0119 Przyciski do szybkiego nawijania Mi\u0119kkie \u017cebrowane mankiety Oeko-Tex Standard 100 Warto\u015b\u0107 TOG: 2,5 Materia\u0142: 100 % bawe\u0142ny organicznej Wype\u0142nienie: 100 % poliester Instrukcje piel\u0119gnacyjne: Mo\u017cna pra\u0107 w temperaturze 60 \u00b0C Odpowiedni dla suszarni, termicznie zredukowany Kt\u00f3ry rozmiar jest w\u0142a\u015bciwy? D\u0142ugo\u015b\u0107 cia\u0142a &#8211; d\u0142ugo\u015b\u0107 g\u0142owy + 10 cm. Je\u015bli tw\u00f3j ma\u0142y kochanek jest mi\u0119dzy 2 rozmiarami, to zasada jest zawsze: doro\u015bnij, nie budzi\u0107 si\u0119. W tym przypadku wybierz ma\u0142y rozmiar, w przeciwnym razie dekolt mo\u017ce by\u0107 zbyt du\u017cy. Co dziecko ma na sobie pod \u015bpiworkiem? Dzi\u0119ki warto\u015bciom TOG zapewniaj\u0105cym optymalny klimat do spania. W\u0142a\u015bciwa temperatura w \u0142\u00f3\u017ceczku dzieci\u0119cym jest nie tylko wa\u017cna, ale tak\u017ce budzi pytania rodzic\u00f3w o odpowiednie ubranie: Czy \u015bpiw\u00f3r jest wystarczaj\u0105cy, czy te\u017c aktualna temperatura w pomieszczeniu sprawia, \u017ce konieczne s\u0105 dodatkowe \u015bpiwory? Ta tabela warto\u015bci TOG zapewnia przejrzysto\u015b\u0107. Warto\u015b\u0107 TOG mo\u017ce by\u0107 u\u017cyta do okre\u015blenia oporu cieplnego tekstyli\u00f3w. Og\u00f3lnie rzecz bior\u0105c, im wy\u017csza warto\u015b\u0107 TOG, tym cieplejszy pozostanie \u015bpiw\u00f3r. Dzi\u0119ki temu przegl\u0105dowi rodzice dok\u0142adnie wiedz\u0105, kt\u00f3re kombinacje \u015bpiwora i odzie\u017cy Alvi \u00ae zapewni\u0105 Twojemu dziecku najlepszy mo\u017cliwy klimat do spania &#8211; dla bezpiecznego i spokojnego snu dziecka.<\/p>\n<h2>Alvi Sleep Overall Organic Cotton Starfant Alvi<\/h2>\n<p>darmowe bajki dla dzieci, imi\u0119 nela, cytat o przyja\u017ani, kwiatek kwiaty do druku szablony, kolorowanki do druku zwierz\u0119ta, prezenty dla nastolatek, prezenty dla 7 latki, kolorowanka antystresowa, wr\u00f3\u017cby andrzejkowe dla dzieci online<\/p>\n<p>yyyyy<\/p>\n<p>&nbsp;<\/p>\n","protected":false},"excerpt":{"rendered":"<p>Ten przytulny \u015bpiw\u00f3r z Alvi \u00ae \u0142\u0105czy w sobie zalety wygodnego \u015bpiwora z maksymaln\u0105 swobod\u0105 ruch\u00f3w. szczeg\u00f3\u0142y dotycz\u0105ce produktu: Wysokiej jako\u015bci zamek b\u0142yskawiczny z os\u0142on\u0105 podbr\u00f3dka dla wygodnego ubierania i rozbierania si\u0119 Przyciski do szybkiego nawijania Mi\u0119kkie \u017cebrowane mankiety Oeko-Tex Standard 100 Warto\u015b\u0107 TOG: 2,5 Materia\u0142: 100 % bawe\u0142ny organicznej Wype\u0142nienie: 100 % poliester Instrukcje [&hellip;]<\/p>\n","protected":false},"featured_media":12178,"comment_status":"closed","ping_status":"open","template":"","meta":[],"product_cat":[121,395],"product_tag":[863,846,709,812,701],"class_list":["post-12177","product","type-product","status-publish","has-post-thumbnail","hentry","product_cat-alvi","product_cat-spiworki","product_tag-bajki-dla-dziewczynek","product_tag-rysowanki","product_tag-zagadki-dla-dzieci-6-7-lat","product_tag-zagadki-logiczne-na-inteligencje","product_tag-zgadywanki-dla-dzieci"],"_links":{"self":[{"href":"http:\/\/klubmamgdynia.pl\/index.php\/wp-json\/wp\/v2\/product\/12177","targetHints":{"allow":["GET"]}}],"collection":[{"href":"http:\/\/klubmamgdynia.pl\/index.php\/wp-json\/wp\/v2\/product"}],"about":[{"href":"http:\/\/klubmamgdynia.pl\/index.php\/wp-json\/wp\/v2\/types\/product"}],"replies":[{"embeddable":true,"href":"http:\/\/klubmamgdynia.pl\/index.php\/wp-json\/wp\/v2\/comments?post=12177"}],"wp:featuredmedia":[{"embeddable":true,"href":"http:\/\/klubmamgdynia.pl\/index.php\/wp-json\/wp\/v2\/media\/12178"}],"wp:attachment":[{"href":"http:\/\/klubmamgdynia.pl\/index.php\/wp-json\/wp\/v2\/media?parent=12177"}],"wp:term":[{"taxonomy":"product_cat","embeddable":true,"href":"http:\/\/klubmamgdynia.pl\/index.php\/wp-json\/wp\/v2\/product_cat?post=12177"},{"taxonomy":"product_tag","embeddable":true,"href":"http:\/\/klubmamgdynia.pl\/index.php\/wp-json\/wp\/v2\/product_tag?post=12177"}],"curies":[{"name":"wp","href":"https:\/\/api.w.org\/{rel}","templated":true}]}}