{"id":12179,"date":"2019-12-02T02:24:28","date_gmt":"2019-12-02T01:24:28","guid":{"rendered":"http:\/\/klubmamgdynia.pl\/index.php\/produkt\/lol-surprise-niespodzinka-spring-sparkle-laleczka-bunny-hun-akcesoria-574477\/"},"modified":"2026-04-06T08:54:49","modified_gmt":"2026-04-06T06:54:49","slug":"lol-surprise-niespodzinka-spring-sparkle-laleczka-bunny-hun-akcesoria-574477","status":"publish","type":"product","link":"http:\/\/klubmamgdynia.pl\/index.php\/produkt\/lol-surprise-niespodzinka-spring-sparkle-laleczka-bunny-hun-akcesoria-574477\/","title":{"rendered":"LOL Surprise NIESPODZINKA SPRING SPARKLE LALECZKA BUNNY HUN + AKCESORIA 574477"},"content":{"rendered":"<p>Laleczka LOL w kuli Wiosenny blask Spring Sparkle                            <\/p>\n<p>Laleczka LOL Spring Sparkle to zestaw z unikatow\u0105 laleczk\u0105 z edycji limitowanej i niespodziankami, kt\u00f3re odkrywasz w siedmiu krokach! Otwieranie ka\u017cdej z warstw, daje niesamowit\u0105 przyjemno\u015b\u0107.<\/p>\n<p>Czy jeste\u015bcie gotowe na niezwyk\u0142\u0105 niespodziank\u0119? A mo\u017ce nawet ca\u0142e mn\u00f3stwo niespodzianek?! Z urocz\u0105 laleczk\u0105 L.O.L Surprise z serii Spring Sparkle, zabawa zaczyna si\u0119 ju\u017c podczas rozpakowywania! Magiczna kula, w ods\u0142onie wiosennej kryje w sobie a\u017c 7 niespodzianek, pod kt\u00f3rymi czekaj\u0105 kolejne akcesoria do zabawy. Na ko\u0144cu podr\u00f3\u017cy z odkrywaniem czeka s\u0142odka, kolekcjonerska laleczka z edycji limitowanej z po\u0142yskuj\u0105cymi, brokatowymi zdobieniami. Ponadto laleczka ma ukryt\u0105 funkcj\u0119 do odkrycia (np. pluje wod\u0105).                            <\/p>\n<p>Zabawa w odkrywanie z kul\u0105 L.O.L. Surprise Spring Sparkle:<br \/>\nniespodzianka pierwsza \u2013 sekretna wiadomo\u015b\u0107<br \/>\nniespodzianka druga \u2013 buteleczka z kolorowymi wzorkami oraz brokatem, do pojenia laleczki<br \/>\nniespodzianka trzecia \u2013 akcesorium do zabawy<br \/>\nniespodzianka czwarta \u2013 czapeczka<br \/>\nniespodzianka pi\u0105ta &#8211; ubranko<br \/>\nniespodzianka sz\u00f3sta &#8211;  buciki<br \/>\nniespodzianka si\u00f3dma \u2013 s\u0142odka, ekskluzywna laleczka z ukrytymi niesamowitymi funkcjami wodnymi<br \/>\nplakat kolekcjonerski                            <\/p>\n<p>Zawarto\u015b\u0107 zestawu:<\/p>\n<p>kula &#8211; niespodzianka, mo\u017ce s\u0142u\u017cy\u0107 jako ma\u0142a torebeczka, w kt\u00f3rej mo\u017cesz zabra\u0107 swoj\u0105 laleczk\u0119 wsz\u0119dzie ze sob\u0105<br \/>\nakcesoria do zabawy<br \/>\nkolekcjonerska laleczka<br \/>\nCena dotyczy 1 kuli &#8211; niespodzianki z akcesoriami i laleczk\u0105. Powi\u0119ksz swoj\u0105 kolekcj\u0119 o wyj\u0105tkow\u0105, ekskluzywn\u0105 laleczk\u0119!<\/p>\n<h2>LOL Surprise NIESPODZINKA SPRING SPARKLE LALECZKA BUNNY HUN + AKCESORIA 574477 LOL Surprise<\/h2>\n<p>ilona, asiunia pytania do lektury, cytaty o wychowaniu dzieci, jak zapakowa\u0107 prezent dla dziecka, pies kolorowanka, spos\u00f3b na elfa test, narodziny dziecka cytat, rodzina sentencja, na wyspach bergamutach, m\u0105dra my\u015bl na dobranoc, ja\u015bmina imie, jak zapakowa\u0107 prezent dla dziecka, cytaty o mamie, star wars kolorowanka, piosenki na dobranoc tekst<\/p>\n<p>yyyyy<\/p>\n<p>&nbsp;<\/p>\n","protected":false},"excerpt":{"rendered":"<p>Laleczka LOL w kuli Wiosenny blask Spring Sparkle Laleczka LOL Spring Sparkle to zestaw z unikatow\u0105 laleczk\u0105 z edycji limitowanej i niespodziankami, kt\u00f3re odkrywasz w siedmiu krokach! Otwieranie ka\u017cdej z warstw, daje niesamowit\u0105 przyjemno\u015b\u0107. Czy jeste\u015bcie gotowe na niezwyk\u0142\u0105 niespodziank\u0119? A mo\u017ce nawet ca\u0142e mn\u00f3stwo niespodzianek?! Z urocz\u0105 laleczk\u0105 L.O.L Surprise z serii Spring Sparkle, [&hellip;]<\/p>\n","protected":false},"featured_media":12180,"comment_status":"closed","ping_status":"open","template":"","meta":[],"product_cat":[65,294],"product_tag":[700,775,795,631,743],"class_list":["post-12179","product","type-product","status-publish","has-post-thumbnail","hentry","product_cat-lalki","product_cat-lol-surprise","product_tag-bajki-do-czytania-dla-dzieci","product_tag-kolorowanki-do-druku-pokemon","product_tag-mini-zoo-warszawa","product_tag-prezent-na-roczek","product_tag-quiz-dla-dzieci"],"_links":{"self":[{"href":"http:\/\/klubmamgdynia.pl\/index.php\/wp-json\/wp\/v2\/product\/12179","targetHints":{"allow":["GET"]}}],"collection":[{"href":"http:\/\/klubmamgdynia.pl\/index.php\/wp-json\/wp\/v2\/product"}],"about":[{"href":"http:\/\/klubmamgdynia.pl\/index.php\/wp-json\/wp\/v2\/types\/product"}],"replies":[{"embeddable":true,"href":"http:\/\/klubmamgdynia.pl\/index.php\/wp-json\/wp\/v2\/comments?post=12179"}],"wp:featuredmedia":[{"embeddable":true,"href":"http:\/\/klubmamgdynia.pl\/index.php\/wp-json\/wp\/v2\/media\/12180"}],"wp:attachment":[{"href":"http:\/\/klubmamgdynia.pl\/index.php\/wp-json\/wp\/v2\/media?parent=12179"}],"wp:term":[{"taxonomy":"product_cat","embeddable":true,"href":"http:\/\/klubmamgdynia.pl\/index.php\/wp-json\/wp\/v2\/product_cat?post=12179"},{"taxonomy":"product_tag","embeddable":true,"href":"http:\/\/klubmamgdynia.pl\/index.php\/wp-json\/wp\/v2\/product_tag?post=12179"}],"curies":[{"name":"wp","href":"https:\/\/api.w.org\/{rel}","templated":true}]}}