{"id":12181,"date":"2014-03-12T17:05:56","date_gmt":"2014-03-12T16:05:56","guid":{"rendered":"http:\/\/klubmamgdynia.pl\/index.php\/produkt\/wader-gigant-traktor-ladowarka-z-przyczepa-66300\/"},"modified":"2026-05-17T21:10:47","modified_gmt":"2026-05-17T19:10:47","slug":"wader-gigant-traktor-ladowarka-z-przyczepa-66300","status":"publish","type":"product","link":"http:\/\/klubmamgdynia.pl\/index.php\/produkt\/wader-gigant-traktor-ladowarka-z-przyczepa-66300\/","title":{"rendered":"Wader Gigant Traktor \u0141adowarka Z Przyczep\u0105 66300"},"content":{"rendered":"<p>Masywny, du\u017cy traktor &#8211; \u0142adowarka z serii Gigant zosta\u0142 teraz wyposa\u017cony w przyczep\u0119 z otwieran\u0105 tyln\u0105 klap\u0105. Oba pojazdy b\u0119d\u0105 doskona\u0142\u0105 zabawk\u0105 dla najm\u0142odszych, zar\u00f3wno jako pojazdy wykorzystywane do budowania, \u0142adowania jak i przenoszenia. Ruchoma \u0142y\u017cka traktora mo\u017ce s\u0142u\u017cy\u0107 jako spychacz b\u0105d\u017a \u0142adowarka, co uatrakcyjni zabaw\u0119 naszych pociech. Olbrzymi\u0105 zalet\u0105 pojazd\u00f3w jest solidno\u015b\u0107 wykonania, trwa\u0142o\u015b\u0107 i wytrzyma\u0142o\u015b\u0107 konstrukcji no\u015bno\u015b\u0107 traktora do 100 kg, a przyczepy do 60 kg.Gigant Traktor \u0141adowarka z Przyczep\u0105 zosta\u0142 wykonany z najwy\u017cszej jako\u015bci, bezpiecznego i nietoksycznego tworzywa odpornego na ka\u017cd\u0105 pogod\u0119. Dzi\u0119ki temu dzieci mog\u0105 si\u0119 nim bawi\u0107 zar\u00f3wno w domu, jak i na podw\u00f3rku, tarasie czy w ogrodzie.Zabawa zestawem stwarza dodatkowe mo\u017cliwo\u015bci do aktywno\u015bci ruchowej, wspiera rozw\u00f3j motoryczny dziecka oraz pobudza jego wyobra\u017ani\u0119 i kreatywno\u015b\u0107. Du\u017cy, masywny traktor \u0142adowarka (ud\u017awig do 100 kg) z przyczep\u0105 (ud\u017awig do 60 kg) d\u0142ugo\u015b\u0107 pojazd\u00f3w razem 117 cmRuchoma \u0142y\u017cka traktora i otwierana tylna klapa przyczepy uatrakcyjniaj\u0105 zabaw\u0119Wiele mo\u017cliwo\u015bci zabawy, do wykorzystania w zabawach zwi\u0105zanych z budowaniem, \u0142adowaniem, spychaniem i przenoszeniem piasku oraz r\u00f3\u017cnych przedmiot\u00f3wBezpiecze\u0144stwo, trwa\u0142o\u015b\u0107, wytrzyma\u0142o\u015b\u0107 i bardzo dobre wykonanie oraz odporno\u015b\u0107 na warunki atmosferyczneMo\u017cliwo\u015b\u0107 zabawy oraz przechowywania zabawki zar\u00f3wno w domu, jak i na zewn\u0105trzZabawa z wykorzystaniem Traktora \u0141adowarki z Przyczep\u0105 z serii Gigant pobudza aktywno\u015b\u0107 ruchow\u0105 dziecka, wspiera jego rozw\u00f3j motoryczny, wyobra\u017ani\u0119 i kreatywno\u015b\u0107EAN:  5900694663008Kod dostawcy:  66300Nr katalogowy:  66300Marka:  BrakRodzaj:  RolniczeMateria\u0142:  Tworzywo sztuczneWymagania wiekowe:  od 12 miesi\u0119cyP\u0142e\u0107:  Ch\u0142opcyKolor:  NiebieskiD\u0142ugo\u015b\u0107:  117 cmPozosta\u0142e parametry:  Wymiary opakowania: 55 x 59.5 x 32 cm<\/p>\n<h2>Wader Gigant Traktor \u0141adowarka Z Przyczep\u0105 66300 Wader<\/h2>\n<p>gdzie na ferie zimowe 2022, ada imie, testy na znaki drogowe, ma\u0142y ksi\u0105\u017c\u0119 sprawdzian<\/p>\n<p>yyyyy<\/p>\n<p>&nbsp;<\/p>\n","protected":false},"excerpt":{"rendered":"<p>Masywny, du\u017cy traktor &#8211; \u0142adowarka z serii Gigant zosta\u0142 teraz wyposa\u017cony w przyczep\u0119 z otwieran\u0105 tyln\u0105 klap\u0105. Oba pojazdy b\u0119d\u0105 doskona\u0142\u0105 zabawk\u0105 dla najm\u0142odszych, zar\u00f3wno jako pojazdy wykorzystywane do budowania, \u0142adowania jak i przenoszenia. Ruchoma \u0142y\u017cka traktora mo\u017ce s\u0142u\u017cy\u0107 jako spychacz b\u0105d\u017a \u0142adowarka, co uatrakcyjni zabaw\u0119 naszych pociech. Olbrzymi\u0105 zalet\u0105 pojazd\u00f3w jest solidno\u015b\u0107 wykonania, trwa\u0142o\u015b\u0107 [&hellip;]<\/p>\n","protected":false},"featured_media":12182,"comment_status":"closed","ping_status":"open","template":"","meta":[],"product_cat":[83,514],"product_tag":[818,814,714],"class_list":["post-12181","product","type-product","status-publish","has-post-thumbnail","hentry","product_cat-auta-i-inne-pojazdy-do-zabawy","product_cat-wader","product_tag-oliwier","product_tag-prezenty-dla-nastolatek","product_tag-zagadki-logiczne"],"_links":{"self":[{"href":"http:\/\/klubmamgdynia.pl\/index.php\/wp-json\/wp\/v2\/product\/12181","targetHints":{"allow":["GET"]}}],"collection":[{"href":"http:\/\/klubmamgdynia.pl\/index.php\/wp-json\/wp\/v2\/product"}],"about":[{"href":"http:\/\/klubmamgdynia.pl\/index.php\/wp-json\/wp\/v2\/types\/product"}],"replies":[{"embeddable":true,"href":"http:\/\/klubmamgdynia.pl\/index.php\/wp-json\/wp\/v2\/comments?post=12181"}],"wp:featuredmedia":[{"embeddable":true,"href":"http:\/\/klubmamgdynia.pl\/index.php\/wp-json\/wp\/v2\/media\/12182"}],"wp:attachment":[{"href":"http:\/\/klubmamgdynia.pl\/index.php\/wp-json\/wp\/v2\/media?parent=12181"}],"wp:term":[{"taxonomy":"product_cat","embeddable":true,"href":"http:\/\/klubmamgdynia.pl\/index.php\/wp-json\/wp\/v2\/product_cat?post=12181"},{"taxonomy":"product_tag","embeddable":true,"href":"http:\/\/klubmamgdynia.pl\/index.php\/wp-json\/wp\/v2\/product_tag?post=12181"}],"curies":[{"name":"wp","href":"https:\/\/api.w.org\/{rel}","templated":true}]}}