{"id":12183,"date":"2025-07-16T13:27:51","date_gmt":"2025-07-16T11:27:51","guid":{"rendered":"http:\/\/klubmamgdynia.pl\/?post_type=product&#038;p=12183"},"modified":"2026-04-30T12:03:23","modified_gmt":"2026-04-30T10:03:23","slug":"makaszka-spiworek-premium-0-18-m-cy-woodland","status":"publish","type":"product","link":"http:\/\/klubmamgdynia.pl\/index.php\/produkt\/makaszka-spiworek-premium-0-18-m-cy-woodland\/","title":{"rendered":"Makaszka \u015apiworek Premium 0 18 M Cy Woodland"},"content":{"rendered":"<h2>Makaszka \u015apiworek Premium 0 18 M Cy Woodland Makaszka<\/h2>\n<p>p\u0142atki \u015bniegu szablon, pomys\u0142y na dzie\u0144 dziecka dla nastolatk\u00f3w, jak zrobi\u0107 samolot z papieru, zagadki dla dzieci 7-8 lat, pi\u0119kne cytaty o synku, quiz o psie kt\u00f3ry je\u017adzi\u0142 kolej\u0105, kolorowanka kotka, pomys\u0142 na prezent dla nastolatki<\/p>\n<p>yyyyy<\/p>\n<p>&nbsp;<\/p>\n","protected":false},"excerpt":{"rendered":"<p>Makaszka \u015apiworek Premium 0 18 M Cy Woodland Makaszka p\u0142atki \u015bniegu szablon, pomys\u0142y na dzie\u0144 dziecka dla nastolatk\u00f3w, jak zrobi\u0107 samolot z papieru, zagadki dla dzieci 7-8 lat, pi\u0119kne cytaty o synku, quiz o psie kt\u00f3ry je\u017adzi\u0142 kolej\u0105, kolorowanka kotka, pomys\u0142 na prezent dla nastolatki yyyyy &nbsp;<\/p>\n","protected":false},"featured_media":12184,"comment_status":"closed","ping_status":"open","template":"","meta":[],"product_cat":[1014,395],"product_tag":[776,766,810],"class_list":["post-12183","product","type-product","status-publish","has-post-thumbnail","hentry","product_cat-makaszka","product_cat-spiworki","product_tag-dobrej-nocy","product_tag-kira","product_tag-nauka-zegara-do-druku"],"_links":{"self":[{"href":"http:\/\/klubmamgdynia.pl\/index.php\/wp-json\/wp\/v2\/product\/12183","targetHints":{"allow":["GET"]}}],"collection":[{"href":"http:\/\/klubmamgdynia.pl\/index.php\/wp-json\/wp\/v2\/product"}],"about":[{"href":"http:\/\/klubmamgdynia.pl\/index.php\/wp-json\/wp\/v2\/types\/product"}],"replies":[{"embeddable":true,"href":"http:\/\/klubmamgdynia.pl\/index.php\/wp-json\/wp\/v2\/comments?post=12183"}],"wp:featuredmedia":[{"embeddable":true,"href":"http:\/\/klubmamgdynia.pl\/index.php\/wp-json\/wp\/v2\/media\/12184"}],"wp:attachment":[{"href":"http:\/\/klubmamgdynia.pl\/index.php\/wp-json\/wp\/v2\/media?parent=12183"}],"wp:term":[{"taxonomy":"product_cat","embeddable":true,"href":"http:\/\/klubmamgdynia.pl\/index.php\/wp-json\/wp\/v2\/product_cat?post=12183"},{"taxonomy":"product_tag","embeddable":true,"href":"http:\/\/klubmamgdynia.pl\/index.php\/wp-json\/wp\/v2\/product_tag?post=12183"}],"curies":[{"name":"wp","href":"https:\/\/api.w.org\/{rel}","templated":true}]}}