{"id":12185,"date":"2021-11-26T16:37:55","date_gmt":"2021-11-26T15:37:55","guid":{"rendered":"http:\/\/klubmamgdynia.pl\/index.php\/produkt\/czujnik-tlenku-wegla-czadu-i-gazu-ctg-02-zamel\/"},"modified":"2026-04-06T01:26:47","modified_gmt":"2026-04-05T23:26:47","slug":"czujnik-tlenku-wegla-czadu-i-gazu-ctg-02-zamel","status":"publish","type":"product","link":"http:\/\/klubmamgdynia.pl\/index.php\/produkt\/czujnik-tlenku-wegla-czadu-i-gazu-ctg-02-zamel\/","title":{"rendered":"Czujnik tlenku w\u0119gla czadu i gazu CTG-02 Zamel"},"content":{"rendered":"<p>Czujnik tlenku w\u0119gla czadu i gazu CTG-02 Zamel                            <\/p>\n<p>Czujnik CTG-02 s\u0142u\u017cy do ci\u0105g\u0142ego monitorowania niebezpiecznego st\u0119\u017cenia zar\u00f3wno tlenku w\u0119gla jak i gazu ziemnego oraz propan butan w powietrzu. W momencie wykrycia niebezpiecznego st\u0119\u017cenia urz\u0105dzenie za\u0142\u0105cza alarm d\u017awi\u0119kowy i optyczny a tak\u017ce wy\u015bwietla poziom st\u0119\u017cenia i rodzaj wykrytego gazu na wy\u015bwietlaczu LCD. Zasilany jest sieciowo (zasilacz w komplecie) ale posiada tak\u017ce awaryjne zasilanie bateryjne dzi\u0119ki czemu b\u0119dzie dzia\u0142a\u0142 nawet po zaniku zasilania w instalacji. Wyposa\u017cony jest w zaawansowane czujniki p\u00f3\u0142przewodnikowe i elektrochemiczne oraz w uk\u0142ad autodiagnostyczny kt\u00f3ry sygnalizuje uszkodzenie czujnika.Czujnik CTG-02 jest zgodny z najnowsz\u0105 norm\u0105 dla czujnik\u00f3w czadu: PN-EN50291-1:2018.Ka\u017cdy egzemplarz czujnik\u00f3w czadu produkowanych przez firm\u0119 ZAMEL jest testowany w specjalistycznej komorze testowej i otrzymuje certyfikat poprawnej pracy (wykrywanie st\u0119\u017cenia tlenku w\u0119gla na poziomie 300ppm w czasie poni\u017cej 3 minut).CECHY FUNKCJONALNE PRODUKTU:czujnik 2 w 1 wykrywaj\u0105cy jednocze\u015bnie niebezpieczne st\u0119\u017cenie tlenku w\u0119gla jak i gazu (ziemnegio i propan butan)zasilanie sieciowe poprzez do\u0142\u0105czony do zestawu zasilaczsygnalizacja uszkodzenia oraz zako\u0144czenia \u017cycia czujnika, (uk\u0142ad autodiagnostyczny)testowany w Polsce, certyfikat poprawnego wykrywania st\u0119\u017cenia tlenku w\u0119gla na poziomie 300ppm w czasie poni\u017cej 3 minut z wpisanym numerem seryjnym danego egzemplarzaawaryjne zasilanie bateryjne (bateria CR17450) na wypadek zaniku zasilania sieciowego\u017cywotno\u015b\u0107 czujnika 7 latwy\u015bwietlacz LCD pokazuj\u0105cy aktualny poziom st\u0119\u017cenia czadu i gazu oraz komunikaty informacyjnePoziomy wykrywania tlenku w\u0119gla (zgodne z norm\u0105 PN-EN50291-1:2018): \u2022 30 ppm (w czasie powy\u017cej 120 minut) \u2022 100 ppm ( w czasie 10 do 40 minut) \u2022 300 ppm ( w czasie do 3 minut)sygnalizacja optyczna i d\u017awi\u0119kowa alarmu (90 dB)Dane techniczne:Stopie\u0144 ochrony (IP): IP20Zasilanie podstawowe: Zasilanie siecioweZ wy\u015bwietlaczem cyfrowym: takTyp czujnika: elektrochem.+p\u00f3\u0142prz.Ilo\u015b\u0107 baterii: 1sztNapi\u0119cie zasilania: 5VTemperaturowy zakres pracy: 0 do 45 \u00b0CTyp baterii: CR17450Sygnalizacja optyczna: takWilgotno\u015bciowy zakres pracy: 0-90% RHMinimalny poziom wykrywania tlenku w\u0119gla: 30 ppmCertyfikowany poziom wykrywania tlenku w\u0119gla: 300 ppmPoziom alarmowy wykrywania gazu: 10 %LELWymiary urz\u0105dzenia: 95x95x30 mm<\/p>\n<h2>Czujnik tlenku w\u0119gla czadu i gazu CTG-02 Zamel ZAMEL<\/h2>\n<p>na roczek dla dziewczynki, atrakcje dla dzieci warszawa, jak narysowa\u0107 nos, pomys\u0142y na prezent dla nastolatk\u00f3w, trudne zagadki na inteligencj\u0119, papuga kolorowanka, zagadki matematyczne dla przedszkolak\u00f3w<\/p>\n<p>yyyyy<\/p>\n<p>&nbsp;<\/p>\n","protected":false},"excerpt":{"rendered":"<p>Czujnik tlenku w\u0119gla czadu i gazu CTG-02 Zamel Czujnik CTG-02 s\u0142u\u017cy do ci\u0105g\u0142ego monitorowania niebezpiecznego st\u0119\u017cenia zar\u00f3wno tlenku w\u0119gla jak i gazu ziemnego oraz propan butan w powietrzu. W momencie wykrycia niebezpiecznego st\u0119\u017cenia urz\u0105dzenie za\u0142\u0105cza alarm d\u017awi\u0119kowy i optyczny a tak\u017ce wy\u015bwietla poziom st\u0119\u017cenia i rodzaj wykrytego gazu na wy\u015bwietlaczu LCD. Zasilany jest sieciowo (zasilacz [&hellip;]<\/p>\n","protected":false},"featured_media":12186,"comment_status":"closed","ping_status":"open","template":"","meta":[],"product_cat":[2101,2100],"product_tag":[851,752,684,771],"class_list":["post-12185","product","type-product","status-publish","has-post-thumbnail","hentry","product_cat-detektory","product_cat-zamel","product_tag-jak-narysowac-kota","product_tag-kuba-imie","product_tag-prezent-dla-dziewczynki-na-roczek","product_tag-stolice-europy-quiz"],"_links":{"self":[{"href":"http:\/\/klubmamgdynia.pl\/index.php\/wp-json\/wp\/v2\/product\/12185","targetHints":{"allow":["GET"]}}],"collection":[{"href":"http:\/\/klubmamgdynia.pl\/index.php\/wp-json\/wp\/v2\/product"}],"about":[{"href":"http:\/\/klubmamgdynia.pl\/index.php\/wp-json\/wp\/v2\/types\/product"}],"replies":[{"embeddable":true,"href":"http:\/\/klubmamgdynia.pl\/index.php\/wp-json\/wp\/v2\/comments?post=12185"}],"wp:featuredmedia":[{"embeddable":true,"href":"http:\/\/klubmamgdynia.pl\/index.php\/wp-json\/wp\/v2\/media\/12186"}],"wp:attachment":[{"href":"http:\/\/klubmamgdynia.pl\/index.php\/wp-json\/wp\/v2\/media?parent=12185"}],"wp:term":[{"taxonomy":"product_cat","embeddable":true,"href":"http:\/\/klubmamgdynia.pl\/index.php\/wp-json\/wp\/v2\/product_cat?post=12185"},{"taxonomy":"product_tag","embeddable":true,"href":"http:\/\/klubmamgdynia.pl\/index.php\/wp-json\/wp\/v2\/product_tag?post=12185"}],"curies":[{"name":"wp","href":"https:\/\/api.w.org\/{rel}","templated":true}]}}