{"id":12189,"date":"2025-06-04T12:46:35","date_gmt":"2025-06-04T10:46:35","guid":{"rendered":"http:\/\/klubmamgdynia.pl\/?post_type=product&#038;p=12189"},"modified":"2026-04-30T21:31:48","modified_gmt":"2026-04-30T19:31:48","slug":"babyfehn-kostka-edukacyjna-morze","status":"publish","type":"product","link":"http:\/\/klubmamgdynia.pl\/index.php\/produkt\/babyfehn-kostka-edukacyjna-morze\/","title":{"rendered":"Babyfehn Kostka Edukacyjna Morze"},"content":{"rendered":"<p>Maskotka, Kostka Edukacyjna z Kolekcji: MorzePrzepi\u0119kna zabawka edukacyjna, z elementami do chwytania i przytulania, zachwyci ka\u017cde dzieci\u0119ce serce. Kostka wype\u0142ni czas zabaw\u0105 zar\u00f3wno podczas podr\u00f3\u017cy, jak i w domu. Dzi\u0119ki praktycznemu pier\u015bcieniowi, mo\u017ce by\u0107 \u0142atwo przymocowana do w\u00f3zka, noside\u0142ka, fotelika, czy \u0142\u00f3\u017ceczka. Ta wspania\u0142a zabawka, pe\u0142na przyjemnych kolor\u00f3w, wzor\u00f3w i aplikacji, wykonana z wyj\u0105tkowo mi\u0119kkiego oraz delikatnego dla sk\u00f3ry dziecka materia\u0142u, jest idealna do chwytania i przytulania, pobudza wyobra\u017ani\u0119 i ciekawo\u015b\u0107, a tak\u017ce zmys\u0142y wzroku i s\u0142uchu. Rozwija pierwsze umiej\u0119tno\u015bci motoryczne i akustyczne. Kostka piszczy, dzwoni, szele\u015bci. Dzi\u0119ki niej, dziecko mo\u017ce odkrywa\u0107 wiele d\u017awi\u0119k\u00f3w oraz siebie w ma\u0142ym lusterku. Zabawka zawiera tak\u017ce mi\u0119kki gryzak, niezb\u0119dny atrybut ka\u017cdego z\u0105bkuj\u0105cego niemowlaka. Ta urocza maskotka w kr\u00f3tkim czasie stanie si\u0119 wiernym towarzyszem dziecka przez ca\u0142y dzie\u0144 i noc.Funkcje:Zabawka edukacyjna do trenowania \u015bwiadomego chwytania.Dzi\u0119ki uroczym aplikacjom przedstawiaj\u0105cym: Konika Morskiego, Rozgwiazd\u0119, O\u015bmiornic\u0119 i Muszl\u0119, pobudza wyobra\u017ani\u0119, rozwija zmys\u0142y.Nak\u0142ania do zabawy, rozwija koncentracj\u0119 i ma\u0142\u0105 motoryk\u0119.Lusterko zach\u0119ca do poznawania swojej buzi.R\u00f3\u017cnorodne faktury materia\u0142u stymuluj\u0105 dotyk.Gryzak przynosi ulg\u0119 przy z\u0105bkowaniu.Szczeg\u00f3\u0142owe informacje o produkcie:Kostka edukacyjna z lusterkiem, mi\u0119kkim gryzakiem, grzechotk\u0105, szeleszcz\u0105cym materia\u0142em i dzwoneczkiem w urzekaj\u0105cej maskotce.Pier\u015bcie\u0144 mocuj\u0105cy u\u0142atwiaj\u0105cy montowanie przy \u0142\u00f3\u017ceczku, w\u00f3zku, noside\u0142ku, czy foteliku.Materia\u0142 wierzchni: aksamit, tkanina z nadrukiem, mu\u015blin.Wype\u0142nienie: 100% poliester.Mo\u017cna pra\u0107 w temp. 30\u00b0C.Wielko\u015b\u0107 zabawki: 10 cm x 10 cm x 10 cm.Wymiary opakowania: 10 cm x 21 cm x 21 cm.Idealny prezent dla niemowl\u0105t i ma\u0142ych dzieci.Kategoria wiekowa: 0 &#8211; 5 miesi\u0119cy.Wszystkie zabawki niemieckiej marki FEHN s\u0105 bezpieczne dla dzieci od 0 lat.Wykonane s\u0105 z najlepszej jako\u015bci materia\u0142\u00f3w.Spe\u0142niaj\u0105 normy EN71, CE. S\u0105 testowane pod k\u0105tem bezpiecze\u0144stwa przez niezale\u017cne instytuty badawcze.EAN: 4001998054446<\/p>\n<h2>Babyfehn Kostka Edukacyjna Morze Babyfehn<\/h2>\n<p>prezent dla m\u0142odzie\u017cy, bajka psi patrol do czytania, m\u0105dre cytaty dla dzieci, mia imi\u0119, bajka dla dzieci do czytania, psi patrol kolorowanka, \u015bmieszne zagadki dla dzieci 10 lat, carmen imi\u0119<\/p>\n<p>yyyyy<\/p>\n<p>&nbsp;<\/p>\n","protected":false},"excerpt":{"rendered":"<p>Maskotka, Kostka Edukacyjna z Kolekcji: MorzePrzepi\u0119kna zabawka edukacyjna, z elementami do chwytania i przytulania, zachwyci ka\u017cde dzieci\u0119ce serce. Kostka wype\u0142ni czas zabaw\u0105 zar\u00f3wno podczas podr\u00f3\u017cy, jak i w domu. Dzi\u0119ki praktycznemu pier\u015bcieniowi, mo\u017ce by\u0107 \u0142atwo przymocowana do w\u00f3zka, noside\u0142ka, fotelika, czy \u0142\u00f3\u017ceczka. Ta wspania\u0142a zabawka, pe\u0142na przyjemnych kolor\u00f3w, wzor\u00f3w i aplikacji, wykonana z wyj\u0105tkowo mi\u0119kkiego [&hellip;]<\/p>\n","protected":false},"featured_media":12190,"comment_status":"closed","ping_status":"open","template":"","meta":[],"product_cat":[47,26],"product_tag":[813,826,636],"class_list":["post-12189","product","type-product","status-publish","has-post-thumbnail","hentry","product_cat-babyfehn","product_cat-zabawki-do-wozka-lozeczka-i-fotelika","product_tag-krotkie-zagadki-matematyczne-z-odpowiedziami","product_tag-prezent-dla-15-latka","product_tag-teksty-kolysanek"],"_links":{"self":[{"href":"http:\/\/klubmamgdynia.pl\/index.php\/wp-json\/wp\/v2\/product\/12189","targetHints":{"allow":["GET"]}}],"collection":[{"href":"http:\/\/klubmamgdynia.pl\/index.php\/wp-json\/wp\/v2\/product"}],"about":[{"href":"http:\/\/klubmamgdynia.pl\/index.php\/wp-json\/wp\/v2\/types\/product"}],"replies":[{"embeddable":true,"href":"http:\/\/klubmamgdynia.pl\/index.php\/wp-json\/wp\/v2\/comments?post=12189"}],"wp:featuredmedia":[{"embeddable":true,"href":"http:\/\/klubmamgdynia.pl\/index.php\/wp-json\/wp\/v2\/media\/12190"}],"wp:attachment":[{"href":"http:\/\/klubmamgdynia.pl\/index.php\/wp-json\/wp\/v2\/media?parent=12189"}],"wp:term":[{"taxonomy":"product_cat","embeddable":true,"href":"http:\/\/klubmamgdynia.pl\/index.php\/wp-json\/wp\/v2\/product_cat?post=12189"},{"taxonomy":"product_tag","embeddable":true,"href":"http:\/\/klubmamgdynia.pl\/index.php\/wp-json\/wp\/v2\/product_tag?post=12189"}],"curies":[{"name":"wp","href":"https:\/\/api.w.org\/{rel}","templated":true}]}}