{"id":12191,"date":"2022-11-24T18:34:53","date_gmt":"2022-11-24T17:34:53","guid":{"rendered":"http:\/\/klubmamgdynia.pl\/?post_type=product&#038;p=12191"},"modified":"2026-04-03T22:57:08","modified_gmt":"2026-04-03T20:57:08","slug":"tm-toys-kamper-peppy-akcesoria-4-figurki-ii-06922","status":"publish","type":"product","link":"http:\/\/klubmamgdynia.pl\/index.php\/produkt\/tm-toys-kamper-peppy-akcesoria-4-figurki-ii-06922\/","title":{"rendered":"Tm Toys Kamper Peppy Akcesoria + 4 Figurki Ii 06922"},"content":{"rendered":"<p>Wybierz si\u0119 na kempingowe przygody w wakacyjnym kamperze \u015awinki Peppy! Umie\u015b\u0107 rowery Peppy i Georgea na baga\u017cniku dachowym, a ca\u0142y sprz\u0119t kempingowy na pok\u0142adzie!Nast\u0119pnie zatrzymaj si\u0119 i otw\u00f3rz skrzyni\u0119 na dachu, aby ods\u0142oni\u0107 \u0142\u00f3\u017cko, potem rozbij namiot i rozpal ognisko! W zestawie znajduj\u0105 si\u0119 4 przegubowe figurki rodziny Peppy w strojach kempingowych, wyjmowane siedzenia, rowery, namiot, ognisko i garnek! Zabawka przeznaczona dla dzieci od 3 lat.Cechy:Pojazd posiada obracaj\u0105ce si\u0119 ko\u0142aNa dachu znajduje si\u0119 ukryte \u0142\u00f3\u017cko polowe!Przechowuj rowery na baga\u017cniku dachowym!Zawarto\u015b\u0107: Kamper z wyjmowanymi siedzeniami, ognisko, garnek, namiot, 2 x rowery, figurki: Mama \u015awinka, Tata \u015awinka, Peppa i GeorgeWymiary: 24 x 18,2 x 20,3 cm<\/p>\n<h2>Tm Toys Kamper Peppy Akcesoria + 4 Figurki Ii 06922 TM Toys<\/h2>\n<p>logiczne zagadki dla dzieci, basen dla dzieci warszawa, posz\u0142a ola na spacerek, kolorowanki, dziewczynka z parku pytania i odpowiedzi, filmy na \u015bwi\u0119ta bo\u017cego narodzenia, quiz o bo\u017cym narodzeniu, test z narnii, kolorowanki uk\u0142ad s\u0142oneczny, menu urodzinowe dla dzieci w wieku 8 10 lat, cytaty o przyja\u017ani kr\u00f3tkie, olaf znaczenie imienia, madre zyczenia bozonarodzeniowe, kajko i kokosz test z lektury, wzruszajace cytaty o rodzinie, \u015bmieszne zagadki dla dzieci 10 lat<\/p>\n<p>yyyyy<\/p>\n<p>&nbsp;<\/p>\n","protected":false},"excerpt":{"rendered":"<p>Wybierz si\u0119 na kempingowe przygody w wakacyjnym kamperze \u015awinki Peppy! Umie\u015b\u0107 rowery Peppy i Georgea na baga\u017cniku dachowym, a ca\u0142y sprz\u0119t kempingowy na pok\u0142adzie!Nast\u0119pnie zatrzymaj si\u0119 i otw\u00f3rz skrzyni\u0119 na dachu, aby ods\u0142oni\u0107 \u0142\u00f3\u017cko, potem rozbij namiot i rozpal ognisko! W zestawie znajduj\u0105 si\u0119 4 przegubowe figurki rodziny Peppy w strojach kempingowych, wyjmowane siedzenia, rowery, [&hellip;]<\/p>\n","protected":false},"featured_media":12192,"comment_status":"closed","ping_status":"open","template":"","meta":[],"product_cat":[95,145],"product_tag":[772,660,622,816,721],"class_list":["post-12191","product","type-product","status-publish","has-post-thumbnail","hentry","product_cat-figurki-makiety-i-zestawy","product_cat-tm-toys","product_tag-45-panstw-europy-i-ich-stolice-quiz","product_tag-bianka","product_tag-fajne-zagadki","product_tag-place-zabaw-warszawa","product_tag-zagadki-matematyczne"],"_links":{"self":[{"href":"http:\/\/klubmamgdynia.pl\/index.php\/wp-json\/wp\/v2\/product\/12191","targetHints":{"allow":["GET"]}}],"collection":[{"href":"http:\/\/klubmamgdynia.pl\/index.php\/wp-json\/wp\/v2\/product"}],"about":[{"href":"http:\/\/klubmamgdynia.pl\/index.php\/wp-json\/wp\/v2\/types\/product"}],"replies":[{"embeddable":true,"href":"http:\/\/klubmamgdynia.pl\/index.php\/wp-json\/wp\/v2\/comments?post=12191"}],"wp:featuredmedia":[{"embeddable":true,"href":"http:\/\/klubmamgdynia.pl\/index.php\/wp-json\/wp\/v2\/media\/12192"}],"wp:attachment":[{"href":"http:\/\/klubmamgdynia.pl\/index.php\/wp-json\/wp\/v2\/media?parent=12191"}],"wp:term":[{"taxonomy":"product_cat","embeddable":true,"href":"http:\/\/klubmamgdynia.pl\/index.php\/wp-json\/wp\/v2\/product_cat?post=12191"},{"taxonomy":"product_tag","embeddable":true,"href":"http:\/\/klubmamgdynia.pl\/index.php\/wp-json\/wp\/v2\/product_tag?post=12191"}],"curies":[{"name":"wp","href":"https:\/\/api.w.org\/{rel}","templated":true}]}}