{"id":12193,"date":"2023-09-25T19:02:36","date_gmt":"2023-09-25T17:02:36","guid":{"rendered":"http:\/\/klubmamgdynia.pl\/?post_type=product&#038;p=12193"},"modified":"2026-04-29T04:39:02","modified_gmt":"2026-04-29T02:39:02","slug":"fehn-monkey-donkey-aktywna-spirala-osiolek-081336","status":"publish","type":"product","link":"http:\/\/klubmamgdynia.pl\/index.php\/produkt\/fehn-monkey-donkey-aktywna-spirala-osiolek-081336\/","title":{"rendered":"Fehn Monkey Donkey Aktywna Spirala Osio\u0142ek 081336"},"content":{"rendered":"<p>Monkey Donkey Aktywna spiralaNumer katalogowy: 081336Kolorowa spirala do zawieszenia przy \u0142\u00f3\u017ceczku dzieci\u0119cym lub foteliku samochodowym.Posiada kolorowe elementy, kt\u00f3re wzbudz\u0105 zainteresowanie u ka\u017cdego malucha.D\u0142ugo\u015b\u0107: ok. 30 cmProdukt przeznaczony dla dzieci od chwili narodzin.<\/p>\n<h2>Fehn Monkey Donkey Aktywna Spirala Osio\u0142ek 081336 Fehn<\/h2>\n<p>znaczenie imienia gabriel, \u017carty \u017carty na prima aprilis, tajemniczy ogr\u00f3d test z odpowiedziami, kolorowanka kotek do druku, co kupi\u0107 ch\u0142opcu na roczek, ptak b\u0105k, znaczenie imienia marcel, atrakcje dla nastolatk\u00f3w, zagadki dla dzieci 6-7 lat online, bajka o kreciku, papugi do druku, jak narysowa\u0107, markowa, pokemon kolorowanki do druku, zabawy dla 5 latka, szablon serce kolorowanka<\/p>\n<p>yyyyy<\/p>\n<p>&nbsp;<\/p>\n","protected":false},"excerpt":{"rendered":"<p>Monkey Donkey Aktywna spiralaNumer katalogowy: 081336Kolorowa spirala do zawieszenia przy \u0142\u00f3\u017ceczku dzieci\u0119cym lub foteliku samochodowym.Posiada kolorowe elementy, kt\u00f3re wzbudz\u0105 zainteresowanie u ka\u017cdego malucha.D\u0142ugo\u015b\u0107: ok. 30 cmProdukt przeznaczony dla dzieci od chwili narodzin. Fehn Monkey Donkey Aktywna Spirala Osio\u0142ek 081336 Fehn znaczenie imienia gabriel, \u017carty \u017carty na prima aprilis, tajemniczy ogr\u00f3d test z odpowiedziami, kolorowanka kotek [&hellip;]<\/p>\n","protected":false},"featured_media":12194,"comment_status":"closed","ping_status":"open","template":"","meta":[],"product_cat":[44,26],"product_tag":[728,676,595],"class_list":["post-12193","product","type-product","status-publish","has-post-thumbnail","hentry","product_cat-fehn","product_cat-zabawki-do-wozka-lozeczka-i-fotelika","product_tag-bezwarunkowa-milosc-do-dziecka-cytaty","product_tag-bursztynek","product_tag-zagadki-dla-6-latka"],"_links":{"self":[{"href":"http:\/\/klubmamgdynia.pl\/index.php\/wp-json\/wp\/v2\/product\/12193","targetHints":{"allow":["GET"]}}],"collection":[{"href":"http:\/\/klubmamgdynia.pl\/index.php\/wp-json\/wp\/v2\/product"}],"about":[{"href":"http:\/\/klubmamgdynia.pl\/index.php\/wp-json\/wp\/v2\/types\/product"}],"replies":[{"embeddable":true,"href":"http:\/\/klubmamgdynia.pl\/index.php\/wp-json\/wp\/v2\/comments?post=12193"}],"wp:featuredmedia":[{"embeddable":true,"href":"http:\/\/klubmamgdynia.pl\/index.php\/wp-json\/wp\/v2\/media\/12194"}],"wp:attachment":[{"href":"http:\/\/klubmamgdynia.pl\/index.php\/wp-json\/wp\/v2\/media?parent=12193"}],"wp:term":[{"taxonomy":"product_cat","embeddable":true,"href":"http:\/\/klubmamgdynia.pl\/index.php\/wp-json\/wp\/v2\/product_cat?post=12193"},{"taxonomy":"product_tag","embeddable":true,"href":"http:\/\/klubmamgdynia.pl\/index.php\/wp-json\/wp\/v2\/product_tag?post=12193"}],"curies":[{"name":"wp","href":"https:\/\/api.w.org\/{rel}","templated":true}]}}