{"id":12199,"date":"2017-12-10T03:27:41","date_gmt":"2017-12-10T02:27:41","guid":{"rendered":"http:\/\/klubmamgdynia.pl\/index.php\/produkt\/comansi-swinka-peppa-figurka-owieczka-susie-4067\/"},"modified":"2026-04-06T11:34:58","modified_gmt":"2026-04-06T09:34:58","slug":"comansi-swinka-peppa-figurka-owieczka-susie-4067","status":"publish","type":"product","link":"http:\/\/klubmamgdynia.pl\/index.php\/produkt\/comansi-swinka-peppa-figurka-owieczka-susie-4067\/","title":{"rendered":"Comansi \u015awinka Peppa Figurka Owieczka Susie 4067"},"content":{"rendered":"<p>Owca Suzy\u015awinka Peppa to bajka uwielbiana przez wszystkie maluchy! Jej g\u0142\u00f3wna bohaterka, ma\u0142a \u015bwinka Peppa jest bardzo rozbrykana. Ci\u0105gle wpada w k\u0142opoty i ma mn\u00f3stwo przyg\u00f3d. \u015awinka uwielbia czekoladowe ciasteczka, przyj\u0119cia urodzinowe oraz rowerowe wycieczki i pikniki. Najbardziej jednak kocha swoje b\u0142otko. W jej zabawnych perypetiach uczestniczy ca\u0142a rodzina: tata, mama, braciszek George, dziadek i babcia. Ka\u017cdy ma\u0142y fan zabawnej \u015bwinki, ucieszy si\u0119 z naszej kolekcji figurek! W asortymencie 9 r\u00f3\u017cnych figurek dla dzieci w wieku od 3 lat. Sprzedawane oddzielnie.od 3 lat<\/p>\n<h2>Comansi \u015awinka Peppa Figurka Owieczka Susie 4067 Comansi<\/h2>\n<p>\u0142atwe zagadki, wierszyki na dobranoc dla dzieci, dobrej nocy, litery kolorowanka, nasza zima z\u0142a tekst, dyplom dla przedszkolaka do wydruku, prezenty na roczek dla ch\u0142opca, el\u017cbieta imie, bajka o piesku do czytania, bajka do czytania na dobranoc, co na prezent dla nastolatk\u00f3w, po\u0142\u0105cz kropki do druku, izabella imi\u0119, kolorowanka spiderman, z\u0142ote my\u015bli kubu\u015b puchatek cytaty, gad\u017cety dla nastolatki, warszawa z dzieckiem, mi\u0142o\u015b\u0107 do dziecka cytaty, wzruszaj\u0105c\u0105 piosenka dla taty, ilona<\/p>\n<p>yyyyy<\/p>\n<p>&nbsp;<\/p>\n","protected":false},"excerpt":{"rendered":"<p>Owca Suzy\u015awinka Peppa to bajka uwielbiana przez wszystkie maluchy! Jej g\u0142\u00f3wna bohaterka, ma\u0142a \u015bwinka Peppa jest bardzo rozbrykana. Ci\u0105gle wpada w k\u0142opoty i ma mn\u00f3stwo przyg\u00f3d. \u015awinka uwielbia czekoladowe ciasteczka, przyj\u0119cia urodzinowe oraz rowerowe wycieczki i pikniki. Najbardziej jednak kocha swoje b\u0142otko. W jej zabawnych perypetiach uczestniczy ca\u0142a rodzina: tata, mama, braciszek George, dziadek i [&hellip;]<\/p>\n","protected":false},"featured_media":12200,"comment_status":"closed","ping_status":"open","template":"","meta":[],"product_cat":[1142,95],"product_tag":[834,613,745,653],"class_list":["post-12199","product","type-product","status-publish","has-post-thumbnail","hentry","product_cat-comansi","product_cat-figurki-makiety-i-zestawy","product_tag-bajka-do-czytania-na-dobranoc","product_tag-na-wyspach-bergamutach","product_tag-prezent-dla-15-latki","product_tag-warszawa-dla-dzieci"],"_links":{"self":[{"href":"http:\/\/klubmamgdynia.pl\/index.php\/wp-json\/wp\/v2\/product\/12199","targetHints":{"allow":["GET"]}}],"collection":[{"href":"http:\/\/klubmamgdynia.pl\/index.php\/wp-json\/wp\/v2\/product"}],"about":[{"href":"http:\/\/klubmamgdynia.pl\/index.php\/wp-json\/wp\/v2\/types\/product"}],"replies":[{"embeddable":true,"href":"http:\/\/klubmamgdynia.pl\/index.php\/wp-json\/wp\/v2\/comments?post=12199"}],"wp:featuredmedia":[{"embeddable":true,"href":"http:\/\/klubmamgdynia.pl\/index.php\/wp-json\/wp\/v2\/media\/12200"}],"wp:attachment":[{"href":"http:\/\/klubmamgdynia.pl\/index.php\/wp-json\/wp\/v2\/media?parent=12199"}],"wp:term":[{"taxonomy":"product_cat","embeddable":true,"href":"http:\/\/klubmamgdynia.pl\/index.php\/wp-json\/wp\/v2\/product_cat?post=12199"},{"taxonomy":"product_tag","embeddable":true,"href":"http:\/\/klubmamgdynia.pl\/index.php\/wp-json\/wp\/v2\/product_tag?post=12199"}],"curies":[{"name":"wp","href":"https:\/\/api.w.org\/{rel}","templated":true}]}}