{"id":1220,"date":"2024-12-08T06:23:00","date_gmt":"2024-12-08T05:23:00","guid":{"rendered":"http:\/\/klubmamgdynia.pl\/?post_type=product&#038;p=1220"},"modified":"2026-05-17T21:02:56","modified_gmt":"2026-05-17T19:02:56","slug":"siku-volvo-fh-wywrotka-samowyladowywacz-z-dzwigiem-s1683","status":"publish","type":"product","link":"http:\/\/klubmamgdynia.pl\/index.php\/produkt\/siku-volvo-fh-wywrotka-samowyladowywacz-z-dzwigiem-s1683\/","title":{"rendered":"Siku Volvo FH Wywrotka samowy\u0142adowywacz z d\u017awigiem S1683"},"content":{"rendered":"<p>Volvo FH Wywrotka samowy\u0142adowywacz z d\u017awigiemNr. 1683, 1:87500 KM, cztery osie, wci\u0105garka hakowa i d\u017awig: SIKU SUPER Volvo FH jest to wielofunkcyjny budowlany samoch\u00f3d ci\u0119\u017carowy. D\u017awig mo\u017cna obraca\u0107 o 360 stopni i przenosi\u0107 ci\u0119\u017ckie \u0142adunki na haku. Wyposa\u017cony w dwa stabilne przeguby, d\u017awig mo\u017ce by\u0107 r\u00f3wnie\u017c manewrowany w r\u00f3\u017cnych pozycjach. Za pomoc\u0105 wci\u0105garki hakowej mo\u017cna precyzyjnie roz\u0142adowa\u0107 kontener na placu budowy i po nape\u0142nieniu wci\u0105gn\u0105\u0107 go z powrotem na pojazd. Kontener mo\u017cna \u0142adowa\u0107 za pomoc\u0105 \u0142adowarkiWymiary produktu s x g x w (mm)\u00a0129x29x60                            <\/p>\n<p>Informacje                            <\/p>\n<p>OSTRZE\u017bENIE:\u00a0Istnieje ryzyko zad\u0142awienia ma\u0142ymi elementami.                            <\/p>\n<p>SIKU &#8211; Ty tworzysz przygod\u0119                            <\/p>\n<p>Linie Siku                            <\/p>\n<p>Farmer                            <\/p>\n<p>Super                            <\/p>\n<p>Control                            <\/p>\n<p>O FIRMIE                            <\/p>\n<p>Od blisko 100 lat modele SIKU towarzysz\u0105 dzieciom podczas zabaw. Bawili si\u0119 nimi dzisiejsi dziadkowie i ojcowie, kt\u00f3rzy teraz kupuj\u0105 je swoim\u00a0 dzieciom i wnukom. Solidne wykonanie z wysokiej jako\u015bci plastikowych i metalowych element\u00f3w sprawia, \u017ce modele SIKU s\u0105 trwa\u0142e i bezpieczne dla dzieci.Modele SIKU spe\u0142niaj\u0105 najwy\u017csze standardy jako\u015bci i bezpiecze\u0144stwa. Wykorzystywanie w produkcji wysokiej jako\u015bci metalu i element\u00f3w plastikowych zapewnia zabawkom SIKU trwa\u0142o\u015b\u0107 i wytrzyma\u0142o\u015b\u0107 oraz pozwala wiernie odda\u0107 detale rzeczywistych pojazd\u00f3w: samochod\u00f3w, maszyn budowlanych, sprz\u0119tu rolniczego. Modele SIKU nie zawieraj\u0105 plastyfikator\u00f3w ani PVC, spe\u0142niaj\u0105 niemieckie i mi\u0119dzynarodowe normy, w tym europejsk\u0105 dyrektyw\u0119 2009\/48\/EG dotycz\u0105c\u0105 bezpiecze\u0144stwa zabawek. Opr\u00f3cz wysokich standard\u00f3w, kt\u00f3rymi kierujemy si\u0119 przy produkcji modeli i doborze materia\u0142\u00f3w, dbamy tak\u017ce o \u015brodowisko naturalne i zdrowie wszystkich naszych pracownik\u00f3w.<\/p>\n<h2>Siku Volvo FH Wywrotka samowy\u0142adowywacz z d\u017awigiem S1683 Siku<\/h2>\n<p>przek\u0105ski na urodziny dziecka, zawiedziona przyja\u017a\u0144 cytaty, \u017cyczenia bo\u017ce narodzenie oryginalne, zagadki wielkanocne dla dzieci, drzewo genealogiczne do druku, prezent dla 17 latka, samochwa\u0142a, ja\u015bmina imie<\/p>\n<p>yyyyy<\/p>\n<p>&nbsp;<\/p>\n","protected":false},"excerpt":{"rendered":"<p>Volvo FH Wywrotka samowy\u0142adowywacz z d\u017awigiemNr. 1683, 1:87500 KM, cztery osie, wci\u0105garka hakowa i d\u017awig: SIKU SUPER Volvo FH jest to wielofunkcyjny budowlany samoch\u00f3d ci\u0119\u017carowy. D\u017awig mo\u017cna obraca\u0107 o 360 stopni i przenosi\u0107 ci\u0119\u017ckie \u0142adunki na haku. Wyposa\u017cony w dwa stabilne przeguby, d\u017awig mo\u017ce by\u0107 r\u00f3wnie\u017c manewrowany w r\u00f3\u017cnych pozycjach. Za pomoc\u0105 wci\u0105garki hakowej mo\u017cna [&hellip;]<\/p>\n","protected":false},"featured_media":1221,"comment_status":"closed","ping_status":"open","template":"","meta":[],"product_cat":[83,300],"product_tag":[819,867,586,698],"class_list":["post-1220","product","type-product","status-publish","has-post-thumbnail","hentry","product_cat-auta-i-inne-pojazdy-do-zabawy","product_cat-siku","product_tag-co-kupic-nastolatce-na-swieta","product_tag-kolorowanki-dla-dziewczynek","product_tag-smieszne-zagadki","product_tag-zagadki-dla-przedszkolakow"],"_links":{"self":[{"href":"http:\/\/klubmamgdynia.pl\/index.php\/wp-json\/wp\/v2\/product\/1220","targetHints":{"allow":["GET"]}}],"collection":[{"href":"http:\/\/klubmamgdynia.pl\/index.php\/wp-json\/wp\/v2\/product"}],"about":[{"href":"http:\/\/klubmamgdynia.pl\/index.php\/wp-json\/wp\/v2\/types\/product"}],"replies":[{"embeddable":true,"href":"http:\/\/klubmamgdynia.pl\/index.php\/wp-json\/wp\/v2\/comments?post=1220"}],"wp:featuredmedia":[{"embeddable":true,"href":"http:\/\/klubmamgdynia.pl\/index.php\/wp-json\/wp\/v2\/media\/1221"}],"wp:attachment":[{"href":"http:\/\/klubmamgdynia.pl\/index.php\/wp-json\/wp\/v2\/media?parent=1220"}],"wp:term":[{"taxonomy":"product_cat","embeddable":true,"href":"http:\/\/klubmamgdynia.pl\/index.php\/wp-json\/wp\/v2\/product_cat?post=1220"},{"taxonomy":"product_tag","embeddable":true,"href":"http:\/\/klubmamgdynia.pl\/index.php\/wp-json\/wp\/v2\/product_tag?post=1220"}],"curies":[{"name":"wp","href":"https:\/\/api.w.org\/{rel}","templated":true}]}}