{"id":12201,"date":"2017-03-06T02:30:45","date_gmt":"2017-03-06T01:30:45","guid":{"rendered":"http:\/\/klubmamgdynia.pl\/index.php\/produkt\/fehn-schmusetuch-biene-deluxe-garden-dreams-68368\/"},"modified":"2026-05-17T22:06:24","modified_gmt":"2026-05-17T20:06:24","slug":"fehn-schmusetuch-biene-deluxe-garden-dreams-68368","status":"publish","type":"product","link":"http:\/\/klubmamgdynia.pl\/index.php\/produkt\/fehn-schmusetuch-biene-deluxe-garden-dreams-68368\/","title":{"rendered":"Fehn Schmusetuch Biene Deluxe &#8211; Garden Dreams (68368)"},"content":{"rendered":"<p>Szczeg\u00f3\u0142y: wielko\u015b\u0107: ok. 28 cm Produkt nale\u017cy pra\u0107 w temp. do 30\u00b0C<\/p>\n<h2>Fehn Schmusetuch Biene Deluxe &#8211; Garden Dreams (68368) Fehn<\/h2>\n<p>szlaczki literopodobne do wydruku, ninjago kolorowanki, dobre \u017carty na prima aprilis, mia, harry potter kolorowanka, zgadywanki dla dzieci, nasza zima z\u0142a tekst, testy z lektury miko\u0142ajek, prezent dla m\u0142odzie\u017cy, samoch\u00f3d kolorowanka do druku, rymowanki o pisankach, gry dla nastolatk\u00f3w, malowanka do druku, spos\u00f3b na elfa test, quiz o samochodach, laurka na urodziny do druku, parasol szablon do wydruku, maly kotek kotek kolorowanka, zabawy logiczne dla dzieci, jaki prezent na roczek, imi\u0119 dla dziewczynki 2019<\/p>\n<p>yyyyy<\/p>\n<p>&nbsp;<\/p>\n","protected":false},"excerpt":{"rendered":"<p>Szczeg\u00f3\u0142y: wielko\u015b\u0107: ok. 28 cm Produkt nale\u017cy pra\u0107 w temp. do 30\u00b0C Fehn Schmusetuch Biene Deluxe &#8211; Garden Dreams (68368) Fehn szlaczki literopodobne do wydruku, ninjago kolorowanki, dobre \u017carty na prima aprilis, mia, harry potter kolorowanka, zgadywanki dla dzieci, nasza zima z\u0142a tekst, testy z lektury miko\u0142ajek, prezent dla m\u0142odzie\u017cy, samoch\u00f3d kolorowanka do druku, rymowanki [&hellip;]<\/p>\n","protected":false},"featured_media":12202,"comment_status":"closed","ping_status":"open","template":"","meta":[],"product_cat":[44,61],"product_tag":[648,602,860],"class_list":["post-12201","product","type-product","status-publish","has-post-thumbnail","hentry","product_cat-fehn","product_cat-zabawki-edukacyjne-dla-niemowlat","product_tag-dobrej-nocy-i-sza","product_tag-quiz-o-zwierzetach-domowych","product_tag-zagadki-logiczne-dla-doroslych"],"_links":{"self":[{"href":"http:\/\/klubmamgdynia.pl\/index.php\/wp-json\/wp\/v2\/product\/12201","targetHints":{"allow":["GET"]}}],"collection":[{"href":"http:\/\/klubmamgdynia.pl\/index.php\/wp-json\/wp\/v2\/product"}],"about":[{"href":"http:\/\/klubmamgdynia.pl\/index.php\/wp-json\/wp\/v2\/types\/product"}],"replies":[{"embeddable":true,"href":"http:\/\/klubmamgdynia.pl\/index.php\/wp-json\/wp\/v2\/comments?post=12201"}],"wp:featuredmedia":[{"embeddable":true,"href":"http:\/\/klubmamgdynia.pl\/index.php\/wp-json\/wp\/v2\/media\/12202"}],"wp:attachment":[{"href":"http:\/\/klubmamgdynia.pl\/index.php\/wp-json\/wp\/v2\/media?parent=12201"}],"wp:term":[{"taxonomy":"product_cat","embeddable":true,"href":"http:\/\/klubmamgdynia.pl\/index.php\/wp-json\/wp\/v2\/product_cat?post=12201"},{"taxonomy":"product_tag","embeddable":true,"href":"http:\/\/klubmamgdynia.pl\/index.php\/wp-json\/wp\/v2\/product_tag?post=12201"}],"curies":[{"name":"wp","href":"https:\/\/api.w.org\/{rel}","templated":true}]}}