{"id":12203,"date":"2022-05-30T19:27:33","date_gmt":"2022-05-30T17:27:33","guid":{"rendered":"http:\/\/klubmamgdynia.pl\/index.php\/produkt\/filibabba-baldachim-dark-blue\/"},"modified":"2026-04-05T18:44:28","modified_gmt":"2026-04-05T16:44:28","slug":"filibabba-baldachim-dark-blue","status":"publish","type":"product","link":"http:\/\/klubmamgdynia.pl\/index.php\/produkt\/filibabba-baldachim-dark-blue\/","title":{"rendered":"Filibabba Baldachim Dark Blue"},"content":{"rendered":"<p>Wyj\u0105tkowy baldachim marki Filibabba nada ka\u017cdemu pokoikowi dzieci\u0119cemu niepowtarzalny nastr\u00f3j. Wyst\u0119puje w wielu wariantach kolorystycznych, dostosowanych do r\u00f3\u017cnych aran\u017cacji dzieci\u0119cego zacisza. Baldachim Filibabba spe\u0142nia nie tylko funkcje dekoracyjne, sprawdza si\u0119 tak\u017ce jako moskitiera czy os\u0142ona przed s\u0142o\u0144cem. Uszyty z najwy\u017cszej jako\u015bci materia\u0142\u00f3w \u2013 charakteryzuje si\u0119 wytrzyma\u0142o\u015bci\u0105, odporno\u015bci\u0105 na promienie s\u0142oneczne. Jest tak\u017ce bezpieczny tak\u017ce dla alergik\u00f3w. System mocowania do sufitu lub \u015bciany. Posiada dekoracyjne elementy drewniane.Wymiary: 50&#215;250 cmMateria\u0142: 100% organiczna bawe\u0142naCzyszczenie: zalecane pranie r\u0119czne, dozwolone pranie w 30 stopniach, dzi\u0119ki czemu jest praktyczny w u\u017cytkowaniu.Kraj produkcji: Handmade Indie (Fairtrade)<\/p>\n<h2>Filibabba Baldachim Dark Blue Filibabba<\/h2>\n<p>kolorowanka kotek do druku, zagadka dla dzieci, zadania logiczne, quizy dla dzieci 10 lat, ozdoby choinkowe dla dzieci, mira imie, o mamie, mariola, otto<\/p>\n<p>yyyyy<\/p>\n<p>&nbsp;<\/p>\n","protected":false},"excerpt":{"rendered":"<p>Wyj\u0105tkowy baldachim marki Filibabba nada ka\u017cdemu pokoikowi dzieci\u0119cemu niepowtarzalny nastr\u00f3j. Wyst\u0119puje w wielu wariantach kolorystycznych, dostosowanych do r\u00f3\u017cnych aran\u017cacji dzieci\u0119cego zacisza. Baldachim Filibabba spe\u0142nia nie tylko funkcje dekoracyjne, sprawdza si\u0119 tak\u017ce jako moskitiera czy os\u0142ona przed s\u0142o\u0144cem. Uszyty z najwy\u017cszej jako\u015bci materia\u0142\u00f3w \u2013 charakteryzuje si\u0119 wytrzyma\u0142o\u015bci\u0105, odporno\u015bci\u0105 na promienie s\u0142oneczne. Jest tak\u017ce bezpieczny tak\u017ce dla [&hellip;]<\/p>\n","protected":false},"featured_media":12204,"comment_status":"closed","ping_status":"open","template":"","meta":[],"product_cat":[949,1228],"product_tag":[838,683,707,766,583,806,646],"class_list":["post-12203","product","type-product","status-publish","has-post-thumbnail","hentry","product_cat-akcesoria-do-mebli-dzieciecych","product_cat-filibabba","product_tag-bajki-dla-dzieci-na-dobranoc","product_tag-karaluchy-pod-poduchy","product_tag-karty-pracy-dla-dzieci-z-ukrainy","product_tag-kira","product_tag-kolysanki-dla-dzieci-tekst","product_tag-prezent-dla-dziecka-na-roczek","product_tag-prezent-na-pierwsze-urodziny"],"_links":{"self":[{"href":"http:\/\/klubmamgdynia.pl\/index.php\/wp-json\/wp\/v2\/product\/12203","targetHints":{"allow":["GET"]}}],"collection":[{"href":"http:\/\/klubmamgdynia.pl\/index.php\/wp-json\/wp\/v2\/product"}],"about":[{"href":"http:\/\/klubmamgdynia.pl\/index.php\/wp-json\/wp\/v2\/types\/product"}],"replies":[{"embeddable":true,"href":"http:\/\/klubmamgdynia.pl\/index.php\/wp-json\/wp\/v2\/comments?post=12203"}],"wp:featuredmedia":[{"embeddable":true,"href":"http:\/\/klubmamgdynia.pl\/index.php\/wp-json\/wp\/v2\/media\/12204"}],"wp:attachment":[{"href":"http:\/\/klubmamgdynia.pl\/index.php\/wp-json\/wp\/v2\/media?parent=12203"}],"wp:term":[{"taxonomy":"product_cat","embeddable":true,"href":"http:\/\/klubmamgdynia.pl\/index.php\/wp-json\/wp\/v2\/product_cat?post=12203"},{"taxonomy":"product_tag","embeddable":true,"href":"http:\/\/klubmamgdynia.pl\/index.php\/wp-json\/wp\/v2\/product_tag?post=12203"}],"curies":[{"name":"wp","href":"https:\/\/api.w.org\/{rel}","templated":true}]}}