{"id":12205,"date":"2018-07-17T12:21:39","date_gmt":"2018-07-17T10:21:39","guid":{"rendered":"http:\/\/klubmamgdynia.pl\/index.php\/produkt\/filibabba-przytulanka-wieloryb-30cm\/"},"modified":"2026-05-17T20:53:59","modified_gmt":"2026-05-17T18:53:59","slug":"filibabba-przytulanka-wieloryb-30cm","status":"publish","type":"product","link":"http:\/\/klubmamgdynia.pl\/index.php\/produkt\/filibabba-przytulanka-wieloryb-30cm\/","title":{"rendered":"Filibabba Przytulanka Wieloryb 30cm"},"content":{"rendered":"<p>Przytulanka wieloryb to zabawny, pluszowy przyjaciel, stworzony do przytulania i wsp\u00f3lnych zabaw. Wykonana z dzianiny najwy\u017cszej jako\u015bci w szarych kolorach i ma bardzo prosty, minimalistyczny wygl\u0105d. D\u0142ugo\u015b\u0107 przytulanki wieloryb to 30 cm, dost\u0119pna jest r\u00f3wnie\u017c wersja wi\u0119ksza 60 cm. Przytulanka w kszta\u0142cie wieloryba Filibabba to doskona\u0142y pomys\u0142 na prezent. Charakterystyka produktu Rozmiar: 30 cm Sk\u0142ad: 100% akryl, wype\u0142nienie poliester<\/p>\n<h2>Filibabba Przytulanka Wieloryb 30cm Filibabba<\/h2>\n<p>\u015bmigus dyngus wiersz dla dzieci, czapka g\u00f3rnika szablon chomikuj, quiz online, dyplomy szablony pdf, alan znaczenie imienia, mia i ja kolorowanka, atrakcje do 30 km od wroc\u0142awia, test wiedzy zemsta, samolot z papieru, bajki o ksi\u0119\u017cniczkach do czytania, cytaty o mi\u0142o\u015bci do dziecka, nauka literek do druku, nadia imi\u0119, minecraft kolorowanki<\/p>\n<p>yyyyy<\/p>\n<p>&nbsp;<\/p>\n","protected":false},"excerpt":{"rendered":"<p>Przytulanka wieloryb to zabawny, pluszowy przyjaciel, stworzony do przytulania i wsp\u00f3lnych zabaw. Wykonana z dzianiny najwy\u017cszej jako\u015bci w szarych kolorach i ma bardzo prosty, minimalistyczny wygl\u0105d. D\u0142ugo\u015b\u0107 przytulanki wieloryb to 30 cm, dost\u0119pna jest r\u00f3wnie\u017c wersja wi\u0119ksza 60 cm. Przytulanka w kszta\u0142cie wieloryba Filibabba to doskona\u0142y pomys\u0142 na prezent. Charakterystyka produktu Rozmiar: 30 cm Sk\u0142ad: [&hellip;]<\/p>\n","protected":false},"featured_media":12206,"comment_status":"closed","ping_status":"open","template":"","meta":[],"product_cat":[1228,42],"product_tag":[648,696,716,678,850],"class_list":["post-12205","product","type-product","status-publish","has-post-thumbnail","hentry","product_cat-filibabba","product_cat-maskotki","product_tag-dobrej-nocy-i-sza","product_tag-film-rodzinny-o-swietach","product_tag-filmy-animowane-o-swietach","product_tag-prezent-na-roczek-dla-dziewczynki","product_tag-wroclaw-atrakcje-dla-dzieci"],"_links":{"self":[{"href":"http:\/\/klubmamgdynia.pl\/index.php\/wp-json\/wp\/v2\/product\/12205","targetHints":{"allow":["GET"]}}],"collection":[{"href":"http:\/\/klubmamgdynia.pl\/index.php\/wp-json\/wp\/v2\/product"}],"about":[{"href":"http:\/\/klubmamgdynia.pl\/index.php\/wp-json\/wp\/v2\/types\/product"}],"replies":[{"embeddable":true,"href":"http:\/\/klubmamgdynia.pl\/index.php\/wp-json\/wp\/v2\/comments?post=12205"}],"wp:featuredmedia":[{"embeddable":true,"href":"http:\/\/klubmamgdynia.pl\/index.php\/wp-json\/wp\/v2\/media\/12206"}],"wp:attachment":[{"href":"http:\/\/klubmamgdynia.pl\/index.php\/wp-json\/wp\/v2\/media?parent=12205"}],"wp:term":[{"taxonomy":"product_cat","embeddable":true,"href":"http:\/\/klubmamgdynia.pl\/index.php\/wp-json\/wp\/v2\/product_cat?post=12205"},{"taxonomy":"product_tag","embeddable":true,"href":"http:\/\/klubmamgdynia.pl\/index.php\/wp-json\/wp\/v2\/product_tag?post=12205"}],"curies":[{"name":"wp","href":"https:\/\/api.w.org\/{rel}","templated":true}]}}