{"id":12207,"date":"2021-07-11T21:10:02","date_gmt":"2021-07-11T19:10:02","guid":{"rendered":"http:\/\/klubmamgdynia.pl\/index.php\/produkt\/magni-kubeczki-skandynawskie-mg2910\/"},"modified":"2026-04-23T02:52:54","modified_gmt":"2026-04-23T00:52:54","slug":"magni-kubeczki-skandynawskie-mg2910","status":"publish","type":"product","link":"http:\/\/klubmamgdynia.pl\/index.php\/produkt\/magni-kubeczki-skandynawskie-mg2910\/","title":{"rendered":"Magni Kubeczki Skandynawskie (Mg2910)"},"content":{"rendered":"<p>Kubeczki skandynawskie to wspania\u0142a zabawka edukacyjna dla dziecka. Dzi\u0119ki nim tw\u00f3j maluch pozna \u015bwiat zwierz\u0105t, pozna cyfry, a tak\u017ce nauczy si\u0119 liczy\u0107Zestaw zawiera 6 kartonowych kubeczk\u00f3wWiek: 1+Wymiarynajmniejszy kubeczek: 5,5 x 5,5 x 5,5najwi\u0119kszy kubeczek: 14 x 14 x 14wysoko\u015b\u0107 wie\u017cy po u\u0142o\u017ceniu: 58cmReferencja MG 2910Deklaracja zgodno\u015bci CE<\/p>\n<h2>Magni Kubeczki Skandynawskie (Mg2910) Magni<\/h2>\n<p>jak narysowa\u0107 kr\u00f3lika, roczek prezent, prezenty dla nastolatk\u00f3w, film rodzinny o \u015bwi\u0119tach, ida swieta wielkanocne ida swieta, prezent na pierwsze urodziny, malowanki dla dzieci, co oznacza jordan, wiersz o g\u00f3rniku, nauka zegara do druku, dzie\u0144 misia 2021, kolorowanki uk\u0142ad s\u0142oneczny, nauka pisania wyraz\u00f3w dla dzieci do druku pdf, inteligentne zagadki, fabian, zagatki, zabawy na dzie\u0144 dziecka w szkole, wierszyki na \u015bmigus dyngus, filmy disneya, kolorowanka pokemon<\/p>\n<p>yyyyy<\/p>\n<p>&nbsp;<\/p>\n","protected":false},"excerpt":{"rendered":"<p>Kubeczki skandynawskie to wspania\u0142a zabawka edukacyjna dla dziecka. Dzi\u0119ki nim tw\u00f3j maluch pozna \u015bwiat zwierz\u0105t, pozna cyfry, a tak\u017ce nauczy si\u0119 liczy\u0107Zestaw zawiera 6 kartonowych kubeczk\u00f3wWiek: 1+Wymiarynajmniejszy kubeczek: 5,5 x 5,5 x 5,5najwi\u0119kszy kubeczek: 14 x 14 x 14wysoko\u015b\u0107 wie\u017cy po u\u0142o\u017ceniu: 58cmReferencja MG 2910Deklaracja zgodno\u015bci CE Magni Kubeczki Skandynawskie (Mg2910) Magni jak narysowa\u0107 kr\u00f3lika, [&hellip;]<\/p>\n","protected":false},"featured_media":12208,"comment_status":"closed","ping_status":"open","template":"","meta":[],"product_cat":[2104,90],"product_tag":[806,705,625,632],"class_list":["post-12207","product","type-product","status-publish","has-post-thumbnail","hentry","product_cat-magni","product_cat-puzzle","product_tag-prezent-dla-dziecka-na-roczek","product_tag-prezent-na-roczek-dla-chlopca","product_tag-trojmiasto-atrakcje-dla-dzieci","product_tag-warszawa-atrakcje-dla-mlodziezy"],"_links":{"self":[{"href":"http:\/\/klubmamgdynia.pl\/index.php\/wp-json\/wp\/v2\/product\/12207","targetHints":{"allow":["GET"]}}],"collection":[{"href":"http:\/\/klubmamgdynia.pl\/index.php\/wp-json\/wp\/v2\/product"}],"about":[{"href":"http:\/\/klubmamgdynia.pl\/index.php\/wp-json\/wp\/v2\/types\/product"}],"replies":[{"embeddable":true,"href":"http:\/\/klubmamgdynia.pl\/index.php\/wp-json\/wp\/v2\/comments?post=12207"}],"wp:featuredmedia":[{"embeddable":true,"href":"http:\/\/klubmamgdynia.pl\/index.php\/wp-json\/wp\/v2\/media\/12208"}],"wp:attachment":[{"href":"http:\/\/klubmamgdynia.pl\/index.php\/wp-json\/wp\/v2\/media?parent=12207"}],"wp:term":[{"taxonomy":"product_cat","embeddable":true,"href":"http:\/\/klubmamgdynia.pl\/index.php\/wp-json\/wp\/v2\/product_cat?post=12207"},{"taxonomy":"product_tag","embeddable":true,"href":"http:\/\/klubmamgdynia.pl\/index.php\/wp-json\/wp\/v2\/product_tag?post=12207"}],"curies":[{"name":"wp","href":"https:\/\/api.w.org\/{rel}","templated":true}]}}