{"id":12209,"date":"2025-03-03T12:54:47","date_gmt":"2025-03-03T11:54:47","guid":{"rendered":"http:\/\/klubmamgdynia.pl\/?post_type=product&#038;p=12209"},"modified":"2026-04-30T17:34:06","modified_gmt":"2026-04-30T15:34:06","slug":"tm-toys-puzzle-ramkowe-53el-dodo-opowiesc-wigilijna","status":"publish","type":"product","link":"http:\/\/klubmamgdynia.pl\/index.php\/produkt\/tm-toys-puzzle-ramkowe-53el-dodo-opowiesc-wigilijna\/","title":{"rendered":"Tm Toys Puzzle Ramkowe 53el. Dodo Opowie\u015b\u0107 Wigilijna"},"content":{"rendered":"<p>Puzzle DODO powsta\u0142y specjalnie z my\u015bl\u0105 o najm\u0142odszych. Mog\u0105 cieszy\u0107 si\u0119 nimi zar\u00f3wno kilkulatki, jak i kilkunastomiesi\u0119czne maluchy. Bogactwo wzor\u00f3w i kolor\u00f3w wprawia w zachwyt. Zabawa puzzlami wzmacnia koncentracj\u0119, uczy cierpliwo\u015bci i kszta\u0142tuje zdolno\u015bci manualne. O ich zaletach mo\u017cna by m\u00f3wi\u0107 wiele, jednak zamiast m\u00f3wi\u0107, lepiej po prostu je uk\u0142ada\u0107 i kszta\u0142towa\u0107 umys\u0142 dziecka ju\u017c od najwcze\u015bniejszych etap\u00f3w jego \u017cycia! Puzzle s\u0105 nie tylko \u015bwietn\u0105 form\u0105 rozrywki, ale te\u017c atrakcyjnym sposobem na pokazanie dziecku \u015bwiata. W ofercie znajduj\u0105 si\u0119 mi\u0119dzy innymi proste 2-elementowe puzzle, gry przy kt\u00f3rych ca\u0142a rodzina przyjemnie sp\u0119dzi czas, oraz rozbudowane puzzle obserwacyjne sk\u0142adaj\u0105ce si\u0119 a\u017c ze 100 element\u00f3w, kt\u00f3re pozwol\u0105 twojemu dziecku \u0107wiczy\u0107 wyobra\u017ani\u0119. To zabawa dla najm\u0142odszych, kt\u00f3ra rozwija u nich ma\u0142\u0105 motoryk\u0119 oraz poprawia koncentracj\u0119. Puzzle z tej serii cechuje sympatyczna i przyjemna stylistyka, kt\u00f3ra zach\u0119ca dziecko do ich u\u0142o\u017cenia. R\u00f3\u017cnorodno\u015b\u0107 puzzli i tematyka obrazk\u00f3w jest bogata w przyjazne i \u0142atwe do przyswojenia informacje, dopasowane do dzieci\u0119cych wymaga\u0144 &#8211; nie tylko wiekowych.Zawarto\u015b\u0107 i cechy zestawu:Motyw: Opowie\u015b\u0107 WigilijnaIlo\u015b\u0107 element\u00f3w: 53Tekturowa podk\u0142adka do uk\u0142adania<\/p>\n<h2>Tm Toys Puzzle Ramkowe 53el. Dodo Opowie\u015b\u0107 Wigilijna TM Toys<\/h2>\n<p>gad\u017cety dla nastolatk\u00f3w 2021, bezpieczne kosmetyki do makija\u017cu dla dzieci, kornelia, kontynenty do druku, najrzadsze imiona w polsce, kolorowanki do druku dla dziewczynek, labirynty dla dzieci, \u017cyczenia wielkanocne dla dzieci kr\u00f3tkie, skye psi patrol kolorowanka, prezenty dla m\u0142odzie\u017cy, lol kolorowanka, niespotykane imiona \u017ce\u0144skie, ma\u0142y ksi\u0105\u017ce cytaty, lol do druku, miko\u0142ajek test z lektury, o\u015brodki wczasowe nad morzem dla rodzin z dzie\u0107mi, wiersz o marzannie<\/p>\n<p>yyyyy<\/p>\n<p>&nbsp;<\/p>\n","protected":false},"excerpt":{"rendered":"<p>Puzzle DODO powsta\u0142y specjalnie z my\u015bl\u0105 o najm\u0142odszych. Mog\u0105 cieszy\u0107 si\u0119 nimi zar\u00f3wno kilkulatki, jak i kilkunastomiesi\u0119czne maluchy. Bogactwo wzor\u00f3w i kolor\u00f3w wprawia w zachwyt. Zabawa puzzlami wzmacnia koncentracj\u0119, uczy cierpliwo\u015bci i kszta\u0142tuje zdolno\u015bci manualne. O ich zaletach mo\u017cna by m\u00f3wi\u0107 wiele, jednak zamiast m\u00f3wi\u0107, lepiej po prostu je uk\u0142ada\u0107 i kszta\u0142towa\u0107 umys\u0142 dziecka ju\u017c [&hellip;]<\/p>\n","protected":false},"featured_media":12210,"comment_status":"closed","ping_status":"open","template":"","meta":[],"product_cat":[90,145],"product_tag":[720,613,653,767],"class_list":["post-12209","product","type-product","status-publish","has-post-thumbnail","hentry","product_cat-puzzle","product_cat-tm-toys","product_tag-malowanki","product_tag-na-wyspach-bergamutach","product_tag-warszawa-dla-dzieci","product_tag-zaproszenia-urodzinowe-do-druku"],"_links":{"self":[{"href":"http:\/\/klubmamgdynia.pl\/index.php\/wp-json\/wp\/v2\/product\/12209","targetHints":{"allow":["GET"]}}],"collection":[{"href":"http:\/\/klubmamgdynia.pl\/index.php\/wp-json\/wp\/v2\/product"}],"about":[{"href":"http:\/\/klubmamgdynia.pl\/index.php\/wp-json\/wp\/v2\/types\/product"}],"replies":[{"embeddable":true,"href":"http:\/\/klubmamgdynia.pl\/index.php\/wp-json\/wp\/v2\/comments?post=12209"}],"wp:featuredmedia":[{"embeddable":true,"href":"http:\/\/klubmamgdynia.pl\/index.php\/wp-json\/wp\/v2\/media\/12210"}],"wp:attachment":[{"href":"http:\/\/klubmamgdynia.pl\/index.php\/wp-json\/wp\/v2\/media?parent=12209"}],"wp:term":[{"taxonomy":"product_cat","embeddable":true,"href":"http:\/\/klubmamgdynia.pl\/index.php\/wp-json\/wp\/v2\/product_cat?post=12209"},{"taxonomy":"product_tag","embeddable":true,"href":"http:\/\/klubmamgdynia.pl\/index.php\/wp-json\/wp\/v2\/product_tag?post=12209"}],"curies":[{"name":"wp","href":"https:\/\/api.w.org\/{rel}","templated":true}]}}