{"id":12213,"date":"2020-10-30T13:42:23","date_gmt":"2020-10-30T12:42:23","guid":{"rendered":"http:\/\/klubmamgdynia.pl\/index.php\/produkt\/trifox-corvette-c7-r-race-car-2016-136-mix\/"},"modified":"2026-04-30T11:01:04","modified_gmt":"2026-04-30T09:01:04","slug":"trifox-corvette-c7-r-race-car-2016-136-mix","status":"publish","type":"product","link":"http:\/\/klubmamgdynia.pl\/index.php\/produkt\/trifox-corvette-c7-r-race-car-2016-136-mix\/","title":{"rendered":"Trifox Corvette C7.R Race Car 2016 1:36 Mix"},"content":{"rendered":"<h2>Trifox Corvette C7.R Race Car 2016 1:36 Mix <\/h2>\n<p>kwiaty polne nazwy, fajne prezenty dla nastolatk\u00f3w, rysunki \u0142atwe, po\u0142\u0105cz kropki do druku, wiosenne zagadki dla dzieci, historia pluszowego misia<\/p>\n<p>yyyyy<\/p>\n<p>&nbsp;<\/p>\n","protected":false},"excerpt":{"rendered":"<p>Trifox Corvette C7.R Race Car 2016 1:36 Mix kwiaty polne nazwy, fajne prezenty dla nastolatk\u00f3w, rysunki \u0142atwe, po\u0142\u0105cz kropki do druku, wiosenne zagadki dla dzieci, historia pluszowego misia yyyyy &nbsp;<\/p>\n","protected":false},"featured_media":12214,"comment_status":"closed","ping_status":"open","template":"","meta":[],"product_cat":[303],"product_tag":[702,865,731,794],"class_list":["post-12213","product","type-product","status-publish","has-post-thumbnail","hentry","product_cat-kolekcjonerskie-modele-pojazdow","product_tag-co-kupic-na-roczek-dla-dziewczynki","product_tag-cytaty-o-dzieciach","product_tag-maly-ksiaze-cytaty","product_tag-test-opowiesci-z-narnii-lew-czarownica-i-stara-szafa-do-druku"],"_links":{"self":[{"href":"http:\/\/klubmamgdynia.pl\/index.php\/wp-json\/wp\/v2\/product\/12213","targetHints":{"allow":["GET"]}}],"collection":[{"href":"http:\/\/klubmamgdynia.pl\/index.php\/wp-json\/wp\/v2\/product"}],"about":[{"href":"http:\/\/klubmamgdynia.pl\/index.php\/wp-json\/wp\/v2\/types\/product"}],"replies":[{"embeddable":true,"href":"http:\/\/klubmamgdynia.pl\/index.php\/wp-json\/wp\/v2\/comments?post=12213"}],"wp:featuredmedia":[{"embeddable":true,"href":"http:\/\/klubmamgdynia.pl\/index.php\/wp-json\/wp\/v2\/media\/12214"}],"wp:attachment":[{"href":"http:\/\/klubmamgdynia.pl\/index.php\/wp-json\/wp\/v2\/media?parent=12213"}],"wp:term":[{"taxonomy":"product_cat","embeddable":true,"href":"http:\/\/klubmamgdynia.pl\/index.php\/wp-json\/wp\/v2\/product_cat?post=12213"},{"taxonomy":"product_tag","embeddable":true,"href":"http:\/\/klubmamgdynia.pl\/index.php\/wp-json\/wp\/v2\/product_tag?post=12213"}],"curies":[{"name":"wp","href":"https:\/\/api.w.org\/{rel}","templated":true}]}}