{"id":12215,"date":"2013-07-06T05:06:17","date_gmt":"2013-07-06T03:06:17","guid":{"rendered":"http:\/\/klubmamgdynia.pl\/index.php\/produkt\/wieszak-kuchenny-na-kosz-na-smieci-lub-na-scierke\/"},"modified":"2026-04-30T02:13:10","modified_gmt":"2026-04-30T00:13:10","slug":"wieszak-kuchenny-na-kosz-na-smieci-lub-na-scierke","status":"publish","type":"product","link":"http:\/\/klubmamgdynia.pl\/index.php\/produkt\/wieszak-kuchenny-na-kosz-na-smieci-lub-na-scierke\/","title":{"rendered":"Wieszak kuchenny na kosz na \u015bmieci lub na \u015bcierk\u0119"},"content":{"rendered":"<p>Wieszak kuchenny na kosz na \u015bmieci lub na r\u0119cznikKOLOR BE\u017bOWYWielofunkcyjny wieszak kuchenny wykonany z plastiku.Bardzo wygodny i nie zajmuje wiele miejsca.\u0141atwy do zamontowania.Dzi\u0119ki temu prostemu gad\u017cetowi \u015bcierki, r\u0119czniki i reklam\u00f3wki zawsze b\u0119d\u0105 na swoim miejscu.Nowoczesny kszta\u0142t i pastelowe kolory wpasuj\u0105 si\u0119 w ka\u017cde wn\u0119trze.Sprawdzi si\u0119 w ka\u017cdym domu.Przydatny r\u00f3wnie\u017c w \u0142azience.AKTUALNIE DOST\u0118PNY: KOLOR BE\u017bOWY Przy zakupie prosimy o podanie koloru, w przeciwnym razie wy\u015blemy kolor losowy. Wymiary: 18cm x 13,5cm&#8230;<\/p>\n<h2>Wieszak kuchenny na kosz na \u015bmieci lub na \u015bcierk\u0119 Kontext<\/h2>\n<p>zagadki dla dzieci 10-12 lat trudne, list do gwiazdora, z\u0142ote my\u015bli kubu\u015b puchatek cytaty, p\u0142atki \u015bniegu szablon, miko\u0142ajkowe zabawy, cytaty z ma\u0142ego ksi\u0119cia, kaligrafia nauka pisania wyraz\u00f3w dla dzieci do druku pdf<\/p>\n<p>yyyyy<\/p>\n<p>&nbsp;<\/p>\n","protected":false},"excerpt":{"rendered":"<p>Wieszak kuchenny na kosz na \u015bmieci lub na r\u0119cznikKOLOR BE\u017bOWYWielofunkcyjny wieszak kuchenny wykonany z plastiku.Bardzo wygodny i nie zajmuje wiele miejsca.\u0141atwy do zamontowania.Dzi\u0119ki temu prostemu gad\u017cetowi \u015bcierki, r\u0119czniki i reklam\u00f3wki zawsze b\u0119d\u0105 na swoim miejscu.Nowoczesny kszta\u0142t i pastelowe kolory wpasuj\u0105 si\u0119 w ka\u017cde wn\u0119trze.Sprawdzi si\u0119 w ka\u017cdym domu.Przydatny r\u00f3wnie\u017c w \u0142azience.AKTUALNIE DOST\u0118PNY: KOLOR BE\u017bOWY Przy [&hellip;]<\/p>\n","protected":false},"featured_media":12216,"comment_status":"closed","ping_status":"open","template":"","meta":[],"product_cat":[20,2105],"product_tag":[865,727,697,857],"class_list":["post-12215","product","type-product","status-publish","has-post-thumbnail","hentry","product_cat-kontext","product_cat-pozostale-akcesoria-kuchenne","product_tag-cytaty-o-dzieciach","product_tag-godlo-polski-do-druku","product_tag-krotkie-bajki-do-czytania","product_tag-zagadki-dla-dzieci-7-8-lat"],"_links":{"self":[{"href":"http:\/\/klubmamgdynia.pl\/index.php\/wp-json\/wp\/v2\/product\/12215","targetHints":{"allow":["GET"]}}],"collection":[{"href":"http:\/\/klubmamgdynia.pl\/index.php\/wp-json\/wp\/v2\/product"}],"about":[{"href":"http:\/\/klubmamgdynia.pl\/index.php\/wp-json\/wp\/v2\/types\/product"}],"replies":[{"embeddable":true,"href":"http:\/\/klubmamgdynia.pl\/index.php\/wp-json\/wp\/v2\/comments?post=12215"}],"wp:featuredmedia":[{"embeddable":true,"href":"http:\/\/klubmamgdynia.pl\/index.php\/wp-json\/wp\/v2\/media\/12216"}],"wp:attachment":[{"href":"http:\/\/klubmamgdynia.pl\/index.php\/wp-json\/wp\/v2\/media?parent=12215"}],"wp:term":[{"taxonomy":"product_cat","embeddable":true,"href":"http:\/\/klubmamgdynia.pl\/index.php\/wp-json\/wp\/v2\/product_cat?post=12215"},{"taxonomy":"product_tag","embeddable":true,"href":"http:\/\/klubmamgdynia.pl\/index.php\/wp-json\/wp\/v2\/product_tag?post=12215"}],"curies":[{"name":"wp","href":"https:\/\/api.w.org\/{rel}","templated":true}]}}