{"id":12217,"date":"2021-12-19T16:11:50","date_gmt":"2021-12-19T15:11:50","guid":{"rendered":"http:\/\/klubmamgdynia.pl\/index.php\/produkt\/filibabba-silikonowy-zestaw-obiadowy-stone-grey\/"},"modified":"2026-04-28T08:22:12","modified_gmt":"2026-04-28T06:22:12","slug":"filibabba-silikonowy-zestaw-obiadowy-stone-grey","status":"publish","type":"product","link":"http:\/\/klubmamgdynia.pl\/index.php\/produkt\/filibabba-silikonowy-zestaw-obiadowy-stone-grey\/","title":{"rendered":"Filibabba Silikonowy Zestaw Obiadowy Stone Grey"},"content":{"rendered":"<p>Silikonowy zestaw obiadowy sk\u0142adaj\u0105cy si\u0119 z talerzyka, miseczki i kubka. Miseczka i talerzyk posiadaj\u0105 przyssawk\u0119 pod spodem, dzi\u0119ki kt\u00f3rej nie b\u0119d\u0105 przesuwa\u0107 si\u0119 na stole czy tacce krzese\u0142ka do karmienia. Kubeczek zosta\u0142 tak zaprojektowany by \u0142atwo mog\u0142y go chwyci\u0107 ma\u0142e r\u0105czki dziecka. Zestaw sprawdzi si\u0119 \u015bwietnie przy rozszerzaniu diety malucha. Minimalistyczna, stonowana kolorystyka wpasuje si\u0119 w ka\u017cde kuchenne wn\u0119trze. Ca\u0142o\u015b\u0107 zapakowana jest w pude\u0142ko idealnie na prezent. Zestaw mo\u017cna my\u0107 w zmywarce.Mo\u017cna u\u017cywa\u0107 w mikrofal\u00f3wce i piekarniku max. 200 stopni.Specyfikacja: Sk\u0142ad: 100% silikon Wymiary: 19 x 19 x 9 cm Wskazania wiekowe: 0m+ Czyszczenie: Przed u\u017cyciem nale\u017cy umy\u0107 produkt ciep\u0142\u0105 wod\u0105 i neutralnym detergentem. Mo\u017cna myc w zmywarce, mo\u017cna u\u017cywa\u0107 w piekarniku (maks. 200\u00b0C), kuchence mikrofalowej i zamra\u017carce.<\/p>\n<h2>Filibabba Silikonowy Zestaw Obiadowy Stone Grey Filibabba<\/h2>\n<p>jak zapakowa\u0107 prezent dla dziecka, rado\u015b\u0107 dziecka cytaty, tr\u00f3jmiasto atrakcje dla dzieci, co mo\u017cna zrobi\u0107 na prima aprilis, kolorowanki konie z je\u017ad\u017acem, kolorowe kanapki kanapki dla dzieci<\/p>\n<p>yyyyy<\/p>\n<p>&nbsp;<\/p>\n","protected":false},"excerpt":{"rendered":"<p>Silikonowy zestaw obiadowy sk\u0142adaj\u0105cy si\u0119 z talerzyka, miseczki i kubka. Miseczka i talerzyk posiadaj\u0105 przyssawk\u0119 pod spodem, dzi\u0119ki kt\u00f3rej nie b\u0119d\u0105 przesuwa\u0107 si\u0119 na stole czy tacce krzese\u0142ka do karmienia. Kubeczek zosta\u0142 tak zaprojektowany by \u0142atwo mog\u0142y go chwyci\u0107 ma\u0142e r\u0105czki dziecka. Zestaw sprawdzi si\u0119 \u015bwietnie przy rozszerzaniu diety malucha. Minimalistyczna, stonowana kolorystyka wpasuje si\u0119 [&hellip;]<\/p>\n","protected":false},"featured_media":12218,"comment_status":"closed","ping_status":"open","template":"","meta":[],"product_cat":[1228,215],"product_tag":[626,704,798,824,738,724,756],"class_list":["post-12217","product","type-product","status-publish","has-post-thumbnail","hentry","product_cat-filibabba","product_cat-naczynia-i-sztucce-dla-dzieci","product_tag-jacek","product_tag-prezent-dla-nastolatka","product_tag-prezenty-dla-nastolatki","product_tag-warszawa-atrakcje-dla-dzieci","product_tag-wroclaw-dla-dzieci","product_tag-zagadki-podchwytliwe","product_tag-zaproszenie-na-urodziny-do-druku"],"_links":{"self":[{"href":"http:\/\/klubmamgdynia.pl\/index.php\/wp-json\/wp\/v2\/product\/12217","targetHints":{"allow":["GET"]}}],"collection":[{"href":"http:\/\/klubmamgdynia.pl\/index.php\/wp-json\/wp\/v2\/product"}],"about":[{"href":"http:\/\/klubmamgdynia.pl\/index.php\/wp-json\/wp\/v2\/types\/product"}],"replies":[{"embeddable":true,"href":"http:\/\/klubmamgdynia.pl\/index.php\/wp-json\/wp\/v2\/comments?post=12217"}],"wp:featuredmedia":[{"embeddable":true,"href":"http:\/\/klubmamgdynia.pl\/index.php\/wp-json\/wp\/v2\/media\/12218"}],"wp:attachment":[{"href":"http:\/\/klubmamgdynia.pl\/index.php\/wp-json\/wp\/v2\/media?parent=12217"}],"wp:term":[{"taxonomy":"product_cat","embeddable":true,"href":"http:\/\/klubmamgdynia.pl\/index.php\/wp-json\/wp\/v2\/product_cat?post=12217"},{"taxonomy":"product_tag","embeddable":true,"href":"http:\/\/klubmamgdynia.pl\/index.php\/wp-json\/wp\/v2\/product_tag?post=12217"}],"curies":[{"name":"wp","href":"https:\/\/api.w.org\/{rel}","templated":true}]}}