{"id":12219,"date":"2019-12-06T19:15:37","date_gmt":"2019-12-06T18:15:37","guid":{"rendered":"http:\/\/klubmamgdynia.pl\/index.php\/produkt\/bambinomiomajtki-treningowe-na-nocnik-chlopiecmieszany-dino-3-lat-5szt\/"},"modified":"2026-04-29T05:02:46","modified_gmt":"2026-04-29T03:02:46","slug":"bambinomiomajtki-treningowe-na-nocnik-chlopiecmieszany-dino-3-lat-5szt","status":"publish","type":"product","link":"http:\/\/klubmamgdynia.pl\/index.php\/produkt\/bambinomiomajtki-treningowe-na-nocnik-chlopiecmieszany-dino-3-lat-5szt\/","title":{"rendered":"Bambinomiomajtki Treningowe Na Nocnik Ch\u0142opiecmieszany Dino 3+ Lat 5Szt."},"content":{"rendered":"<p>Spodnie do nauki korzystania z nocnika Bambino Mio to pierwszy krok od pieluch do majtek! Doskonale nadaj\u0105 si\u0119 do pierwszych krok\u00f3w w nauce korzystania z nocnika. Zawsze miej pod r\u0119k\u0105 par\u0119 spodni treningowych, aby u\u0142atwi\u0107 trening nocnika w ci\u0105gu dnia. Spodnie treningowe pozwalaj\u0105 maluchom poczu\u0107 wilgo\u0107 i pomagaj\u0105 im nauczy\u0107 si\u0119, kiedy nale\u017cy skorzysta\u0107 z nocnika. Kr\u00f3j jest podobny do spodni i mo\u017cna je podci\u0105ga\u0107 i opuszcza\u0107, co u\u0142atwia przebieranie. Podobnie, spodnie treningowe pomagaj\u0105 wzmocni\u0107 samodzielno\u015b\u0107 dzieci, poniewa\u017c wygl\u0105daj\u0105 i s\u0105 w dotyku jak prawdziwe spodnie. Wodoodporna warstwa wewn\u0119trzna i rdze\u0144 chroni\u0105cy przed drobnymi zabrudzeniami zapewniaj\u0105 ochron\u0119 przed wilgoci\u0105. Pasek jest elastyczny i wygodny, dzi\u0119ki czemu aktywne maluchy mog\u0105 kontynuowa\u0107 zabaw\u0119. Tkanina jest mieszank\u0105 bawe\u0142ny, dzi\u0119ki czemu jest bardzo mi\u0119kka i delikatna. Szczeg\u00f3\u0142y produktu W zestawie znajduje si\u0119 5 majtek do nauki korzystania z nocnika Design : ch\u0142opiec mieszany dino Wiek: 3+ lat Wykonane z 80% bawe\u0142ny, 20% poliestru, laminowanego poliuretanem Nadaje si\u0119 do pralki i suszarki b\u0119bnowej Piel\u0119gnacja produktu Umy\u0107 przed u\u017cyciem. Pra\u0107 w pralce w temperaturze do 40\u00b0C. Ciemn\u0105 odzie\u017c nale\u017cy pra\u0107 oddzielnie. Nie nale\u017cy u\u017cywa\u0107 wybielaczy chlorowych. Suszy\u0107 w suszarce b\u0119bnowej w niskich temperaturach. Nie nale\u017cy prasowa\u0107.<\/p>\n<h2>Bambinomiomajtki Treningowe Na Nocnik Ch\u0142opiecmieszany Dino 3+ Lat 5Szt. Bambino Mio<\/h2>\n<p>dyplomy do druku, twarz wiosny do druku, konkurencje sportowe dla dzieci, spiderman kolorowanka, gda\u0144sk atrakcje dla m\u0142odzie\u017cy, test miko\u0142ajek, bajka do czytania o piesku, prezent dla 14 latki, co kupic dziewczynce na roczek, zagadki matematyczne logiczne, przyja\u017a\u0144 cytaty, zagadka matematyczna, wzruszaj\u0105ce s\u0142owa dla przyjaci\u00f3\u0142ki, znaczenie imiona marcel, sabina, imi\u0119 nela, kawaly na prima aprilis, aniela imie, trudne zagadki<\/p>\n<p>yyyyy<\/p>\n<p>&nbsp;<\/p>\n","protected":false},"excerpt":{"rendered":"<p>Spodnie do nauki korzystania z nocnika Bambino Mio to pierwszy krok od pieluch do majtek! Doskonale nadaj\u0105 si\u0119 do pierwszych krok\u00f3w w nauce korzystania z nocnika. Zawsze miej pod r\u0119k\u0105 par\u0119 spodni treningowych, aby u\u0142atwi\u0107 trening nocnika w ci\u0105gu dnia. Spodnie treningowe pozwalaj\u0105 maluchom poczu\u0107 wilgo\u0107 i pomagaj\u0105 im nauczy\u0107 si\u0119, kiedy nale\u017cy skorzysta\u0107 z [&hellip;]<\/p>\n","protected":false},"featured_media":12220,"comment_status":"closed","ping_status":"open","template":"","meta":[],"product_cat":[2106,17],"product_tag":[681,815,590,870,629],"class_list":["post-12219","product","type-product","status-publish","has-post-thumbnail","hentry","product_cat-bambino-mio","product_cat-pieluchy","product_tag-flagi-europy-quiz","product_tag-ozdoby-choinkowe-dla-dzieci","product_tag-plac-zabaw-warszawa","product_tag-prezent-dla-chlopca-na-roczek","product_tag-smieszne-zagadki-z-odpowiedziami"],"_links":{"self":[{"href":"http:\/\/klubmamgdynia.pl\/index.php\/wp-json\/wp\/v2\/product\/12219","targetHints":{"allow":["GET"]}}],"collection":[{"href":"http:\/\/klubmamgdynia.pl\/index.php\/wp-json\/wp\/v2\/product"}],"about":[{"href":"http:\/\/klubmamgdynia.pl\/index.php\/wp-json\/wp\/v2\/types\/product"}],"replies":[{"embeddable":true,"href":"http:\/\/klubmamgdynia.pl\/index.php\/wp-json\/wp\/v2\/comments?post=12219"}],"wp:featuredmedia":[{"embeddable":true,"href":"http:\/\/klubmamgdynia.pl\/index.php\/wp-json\/wp\/v2\/media\/12220"}],"wp:attachment":[{"href":"http:\/\/klubmamgdynia.pl\/index.php\/wp-json\/wp\/v2\/media?parent=12219"}],"wp:term":[{"taxonomy":"product_cat","embeddable":true,"href":"http:\/\/klubmamgdynia.pl\/index.php\/wp-json\/wp\/v2\/product_cat?post=12219"},{"taxonomy":"product_tag","embeddable":true,"href":"http:\/\/klubmamgdynia.pl\/index.php\/wp-json\/wp\/v2\/product_tag?post=12219"}],"curies":[{"name":"wp","href":"https:\/\/api.w.org\/{rel}","templated":true}]}}