{"id":1222,"date":"2014-03-23T00:05:37","date_gmt":"2014-03-22T23:05:37","guid":{"rendered":"http:\/\/klubmamgdynia.pl\/index.php\/produkt\/dantoy-blue-marine-toys-mlynek-do-piasku-i-wody\/"},"modified":"2026-04-05T00:18:02","modified_gmt":"2026-04-04T22:18:02","slug":"dantoy-blue-marine-toys-mlynek-do-piasku-i-wody","status":"publish","type":"product","link":"http:\/\/klubmamgdynia.pl\/index.php\/produkt\/dantoy-blue-marine-toys-mlynek-do-piasku-i-wody\/","title":{"rendered":"Dantoy Blue Marine Toys M\u0142ynek Do Piasku I Wody"},"content":{"rendered":"<p>Wyj\u0105tkowy zestaw z \u0142opatk\u0105, foremk\u0105 do piasku i du\u017cym m\u0142ynkiem, przez kt\u00f3ry mo\u017ce przep\u0142ywa\u0107 zar\u00f3wno woda jak i piasek. M\u0142ynek ma pochylni\u0119 i \u015bluz\u0119, wi\u0119c dziecko decyduje, ile piasku lub wody zostanie przepuszczone przez ko\u0142o.<\/p>\n<h2>Dantoy Blue Marine Toys M\u0142ynek Do Piasku I Wody Dantoy<\/h2>\n<p>kaligrafia nauka pisania wyraz\u00f3w dla dzieci do druku pdf, zaj\u0105czek z jajka ugotowanego, bajki do czytania dla ch\u0142opc\u00f3w, tr\u00f3jmiasto atrakcje dla dzieci, \u015bmigus dyngus lany poniedzia\u0142ek zyczenia, liwia imi\u0119, leon imi\u0119, \u015bwinka peppa kolorowanka do druku, pisanie po \u015bladzie do druku pdf, opis rodzina, kwiaty polne nazwy, kolorowanka smok wawelski, filmy rodzinne na halloween<\/p>\n<p>yyyyy<\/p>\n<p>&nbsp;<\/p>\n","protected":false},"excerpt":{"rendered":"<p>Wyj\u0105tkowy zestaw z \u0142opatk\u0105, foremk\u0105 do piasku i du\u017cym m\u0142ynkiem, przez kt\u00f3ry mo\u017ce przep\u0142ywa\u0107 zar\u00f3wno woda jak i piasek. M\u0142ynek ma pochylni\u0119 i \u015bluz\u0119, wi\u0119c dziecko decyduje, ile piasku lub wody zostanie przepuszczone przez ko\u0142o. Dantoy Blue Marine Toys M\u0142ynek Do Piasku I Wody Dantoy kaligrafia nauka pisania wyraz\u00f3w dla dzieci do druku pdf, zaj\u0105czek [&hellip;]<\/p>\n","protected":false},"featured_media":1223,"comment_status":"closed","ping_status":"open","template":"","meta":[],"product_cat":[363,286],"product_tag":[844,680,716,813,757],"class_list":["post-1222","product","type-product","status-publish","has-post-thumbnail","hentry","product_cat-dantoy","product_cat-zabawki-do-piasku","product_tag-co-kupic-na-roczek","product_tag-cytaty-z-malego-ksiecia","product_tag-filmy-animowane-o-swietach","product_tag-krotkie-zagadki-matematyczne-z-odpowiedziami","product_tag-test-z-lektury-ania-z-zielonego-wzgorza-klasa-6-z-odpowiedziami"],"_links":{"self":[{"href":"http:\/\/klubmamgdynia.pl\/index.php\/wp-json\/wp\/v2\/product\/1222","targetHints":{"allow":["GET"]}}],"collection":[{"href":"http:\/\/klubmamgdynia.pl\/index.php\/wp-json\/wp\/v2\/product"}],"about":[{"href":"http:\/\/klubmamgdynia.pl\/index.php\/wp-json\/wp\/v2\/types\/product"}],"replies":[{"embeddable":true,"href":"http:\/\/klubmamgdynia.pl\/index.php\/wp-json\/wp\/v2\/comments?post=1222"}],"wp:featuredmedia":[{"embeddable":true,"href":"http:\/\/klubmamgdynia.pl\/index.php\/wp-json\/wp\/v2\/media\/1223"}],"wp:attachment":[{"href":"http:\/\/klubmamgdynia.pl\/index.php\/wp-json\/wp\/v2\/media?parent=1222"}],"wp:term":[{"taxonomy":"product_cat","embeddable":true,"href":"http:\/\/klubmamgdynia.pl\/index.php\/wp-json\/wp\/v2\/product_cat?post=1222"},{"taxonomy":"product_tag","embeddable":true,"href":"http:\/\/klubmamgdynia.pl\/index.php\/wp-json\/wp\/v2\/product_tag?post=1222"}],"curies":[{"name":"wp","href":"https:\/\/api.w.org\/{rel}","templated":true}]}}