{"id":12223,"date":"2013-09-27T21:29:14","date_gmt":"2013-09-27T19:29:14","guid":{"rendered":"http:\/\/klubmamgdynia.pl\/index.php\/produkt\/our-generation-lekarz-rodzinny-meagann-46cm\/"},"modified":"2026-04-27T23:05:26","modified_gmt":"2026-04-27T21:05:26","slug":"our-generation-lekarz-rodzinny-meagann-46cm","status":"publish","type":"product","link":"http:\/\/klubmamgdynia.pl\/index.php\/produkt\/our-generation-lekarz-rodzinny-meagann-46cm\/","title":{"rendered":"Our Generation Lekarz Rodzinny Meagann 46Cm"},"content":{"rendered":"<p>Amya \u2013 lalka 46cm z serii OurGeneration Blondynka z kred\u0105 do kolorowania w\u0142os\u00f3w Dodaj moim w\u0142osom KOLORU zaplataj i rozplataj do woli Mo\u017ce chcesz by\u0107 fryzjerk\u0105? Amya to wyj\u0105tkowa lalka marki Our Generation kt\u00f3ra ma pi\u0119kne d\u0142ugie w\u0142osy do stylizacji oraz zestaw kred Amya uwielbia si\u0119 czesa\u0107 i stylizowa\u0107 w\u0142osy ma akcesoria kt\u00f3re pomog\u0105 ci w stworzeniu ciekawych fryzur Laleczki marki OG maj\u0105 szerok\u0105 gam\u0119 akcesori\u00f3w i ubranek lalki mo\u017cna dowolnie przebiera\u0107 czesa\u0107 i stylizowa\u0107 Lalka jest lekka nbsp;ma mi\u0119kki materia\u0142owy tu\u0142\u00f3w a r\u0105czki nogi i g\u0142ow\u0119 wykonane s\u0105 z mi\u0119kkiego w dotyku tworzywa R\u0119ce nogi i g\u0142owa s\u0105 ruchome a oczy zamykaj\u0105 si\u0119 W sk\u0142ad zestawu wchodz\u0105: lalka 46cm \u2013 w\u0142osy w kolorze platynowego blondu z kolorowymi pasemkami elegancka sukienka z dwuwarstwow\u0105 sp\u00f3dnic\u0105 opaska na g\u0142ow\u0119 a\u017curowe podkolan\u00f3wki bielizna buty \u2013 balerinki 3 g\u0105beczki 4 kredy do kolorowania w\u0142os\u00f3w broszura z inspiracjami i modnymi stylizacjami fryzur Wysoko\u015b\u0107 lalki: nbsp;46 cm Materia\u0142y z kt\u00f3rych wykonana jest lalka nie zawieraj\u0105 ftalan\u00f3w ani bisfenolu A Wiek dziecka: nbsp;3 Wymiary opakowania: nbsp;51 cm x 28 cm x 13 cm Produkt jest nowy zapakowany w karton z okienkiem Idealnie nadaje si\u0119 na prezent<\/p>\n<h2>Our Generation Lekarz Rodzinny Meagann 46Cm Our Generation<\/h2>\n<p>kolorowanka super zings, kolorowanki na dzie\u0144 mamy, test szatan z si\u00f3dmej klasy, kolorowanki lol, zagadki matematyczne logiczne, oryginalny prezent na roczek<\/p>\n<p>yyyyy<\/p>\n<p>&nbsp;<\/p>\n","protected":false},"excerpt":{"rendered":"<p>Amya \u2013 lalka 46cm z serii OurGeneration Blondynka z kred\u0105 do kolorowania w\u0142os\u00f3w Dodaj moim w\u0142osom KOLORU zaplataj i rozplataj do woli Mo\u017ce chcesz by\u0107 fryzjerk\u0105? Amya to wyj\u0105tkowa lalka marki Our Generation kt\u00f3ra ma pi\u0119kne d\u0142ugie w\u0142osy do stylizacji oraz zestaw kred Amya uwielbia si\u0119 czesa\u0107 i stylizowa\u0107 w\u0142osy ma akcesoria kt\u00f3re pomog\u0105 ci [&hellip;]<\/p>\n","protected":false},"featured_media":12224,"comment_status":"closed","ping_status":"open","template":"","meta":[],"product_cat":[65,1568],"product_tag":[702,605,818,830],"class_list":["post-12223","product","type-product","status-publish","has-post-thumbnail","hentry","product_cat-lalki","product_cat-our-generation","product_tag-co-kupic-na-roczek-dla-dziewczynki","product_tag-milena","product_tag-oliwier","product_tag-rodzina-cytaty"],"_links":{"self":[{"href":"http:\/\/klubmamgdynia.pl\/index.php\/wp-json\/wp\/v2\/product\/12223","targetHints":{"allow":["GET"]}}],"collection":[{"href":"http:\/\/klubmamgdynia.pl\/index.php\/wp-json\/wp\/v2\/product"}],"about":[{"href":"http:\/\/klubmamgdynia.pl\/index.php\/wp-json\/wp\/v2\/types\/product"}],"replies":[{"embeddable":true,"href":"http:\/\/klubmamgdynia.pl\/index.php\/wp-json\/wp\/v2\/comments?post=12223"}],"wp:featuredmedia":[{"embeddable":true,"href":"http:\/\/klubmamgdynia.pl\/index.php\/wp-json\/wp\/v2\/media\/12224"}],"wp:attachment":[{"href":"http:\/\/klubmamgdynia.pl\/index.php\/wp-json\/wp\/v2\/media?parent=12223"}],"wp:term":[{"taxonomy":"product_cat","embeddable":true,"href":"http:\/\/klubmamgdynia.pl\/index.php\/wp-json\/wp\/v2\/product_cat?post=12223"},{"taxonomy":"product_tag","embeddable":true,"href":"http:\/\/klubmamgdynia.pl\/index.php\/wp-json\/wp\/v2\/product_tag?post=12223"}],"curies":[{"name":"wp","href":"https:\/\/api.w.org\/{rel}","templated":true}]}}