{"id":12225,"date":"2017-03-23T20:25:53","date_gmt":"2017-03-23T19:25:53","guid":{"rendered":"http:\/\/klubmamgdynia.pl\/index.php\/produkt\/euro-trade-pieniadze-edukacja-zl-eur-mc-mix-5049\/"},"modified":"2026-04-06T06:19:16","modified_gmt":"2026-04-06T04:19:16","slug":"euro-trade-pieniadze-edukacja-zl-eur-mc-mix-5049","status":"publish","type":"product","link":"http:\/\/klubmamgdynia.pl\/index.php\/produkt\/euro-trade-pieniadze-edukacja-zl-eur-mc-mix-5049\/","title":{"rendered":"Euro Trade Pieni\u0105dze Edukacja Z\u0142\/Eur Mc Mix 5049"},"content":{"rendered":"<h2>Euro Trade Pieni\u0105dze Edukacja Z\u0142\/Eur Mc Mix 5049 Euro-Trade<\/h2>\n<p>regina, \u017carty prima aprilis, nadie\u017cda imi\u0119, 20 pytania do lektury ma\u0142y ksi\u0105\u017c\u0119, zagadki dla rodziny, ma\u0142o nas do pieczenia chleba, atrakcje dla dzieci warszawa, szablony papierowe lalki do ubierania do wydruku, wiersz na wielkanocnym stole, rado\u015b\u0107 dziecka cytaty, prezent dla 15 latki 2021, zabawy dla dzieci 9-12 lat, ach \u015bpij kochanie tekst<\/p>\n<p>yyyyy<\/p>\n<p>&nbsp;<\/p>\n","protected":false},"excerpt":{"rendered":"<p>Euro Trade Pieni\u0105dze Edukacja Z\u0142\/Eur Mc Mix 5049 Euro-Trade regina, \u017carty prima aprilis, nadie\u017cda imi\u0119, 20 pytania do lektury ma\u0142y ksi\u0105\u017c\u0119, zagadki dla rodziny, ma\u0142o nas do pieczenia chleba, atrakcje dla dzieci warszawa, szablony papierowe lalki do ubierania do wydruku, wiersz na wielkanocnym stole, rado\u015b\u0107 dziecka cytaty, prezent dla 15 latki 2021, zabawy dla dzieci [&hellip;]<\/p>\n","protected":false},"featured_media":12226,"comment_status":"closed","ping_status":"open","template":"","meta":[],"product_cat":[2107,537],"product_tag":[664,828,580,853],"class_list":["post-12225","product","type-product","status-publish","has-post-thumbnail","hentry","product_cat-euro-trade","product_cat-pozostale-zabawki-edukacyjne","product_tag-atrakcje-dla-dzieci-trojmiasto","product_tag-filmy-wigilijne-dla-dzieci","product_tag-janusz","product_tag-kolorowanki-do-druku-dla-doroslych"],"_links":{"self":[{"href":"http:\/\/klubmamgdynia.pl\/index.php\/wp-json\/wp\/v2\/product\/12225","targetHints":{"allow":["GET"]}}],"collection":[{"href":"http:\/\/klubmamgdynia.pl\/index.php\/wp-json\/wp\/v2\/product"}],"about":[{"href":"http:\/\/klubmamgdynia.pl\/index.php\/wp-json\/wp\/v2\/types\/product"}],"replies":[{"embeddable":true,"href":"http:\/\/klubmamgdynia.pl\/index.php\/wp-json\/wp\/v2\/comments?post=12225"}],"wp:featuredmedia":[{"embeddable":true,"href":"http:\/\/klubmamgdynia.pl\/index.php\/wp-json\/wp\/v2\/media\/12226"}],"wp:attachment":[{"href":"http:\/\/klubmamgdynia.pl\/index.php\/wp-json\/wp\/v2\/media?parent=12225"}],"wp:term":[{"taxonomy":"product_cat","embeddable":true,"href":"http:\/\/klubmamgdynia.pl\/index.php\/wp-json\/wp\/v2\/product_cat?post=12225"},{"taxonomy":"product_tag","embeddable":true,"href":"http:\/\/klubmamgdynia.pl\/index.php\/wp-json\/wp\/v2\/product_tag?post=12225"}],"curies":[{"name":"wp","href":"https:\/\/api.w.org\/{rel}","templated":true}]}}