{"id":12229,"date":"2020-07-07T09:07:26","date_gmt":"2020-07-07T07:07:26","guid":{"rendered":"http:\/\/klubmamgdynia.pl\/index.php\/produkt\/kocyk-dziany-bambus-bawelna-makaszka-80x100-cm-brudny-roz\/"},"modified":"2026-04-29T19:00:55","modified_gmt":"2026-04-29T17:00:55","slug":"kocyk-dziany-bambus-bawelna-makaszka-80x100-cm-brudny-roz","status":"publish","type":"product","link":"http:\/\/klubmamgdynia.pl\/index.php\/produkt\/kocyk-dziany-bambus-bawelna-makaszka-80x100-cm-brudny-roz\/","title":{"rendered":"Kocyk Dziany Bambus Bawe\u0142na Makaszka 80X100 Cm Brudny R\u00f3\u017c"},"content":{"rendered":"<p>Ciep\u0142y bambusowy kocyk niemowl\u0119cy marki MakaszkaPi\u0119kny i funkcjonalny dziany kocyk fantastycznie otuli Twojego Maluszka. Jest niezwykle mi\u0119sisty i ciep\u0142y, a zarazem delikatny i lej\u0105cy. Doskonale sprawdza si\u0119 ju\u017c od pierwszych chwil \u017cycia do \u0142\u00f3\u017ceczka, do w\u00f3zka, fotelika samochodowego i wsz\u0119dzie tam, gdzie przydaje si\u0119 kocyk. Kocyk dziany jest niezb\u0119dnym elementem ka\u017cdej wyprawki niemowl\u0119cej. Po zwini\u0119ciu ma niewielki rozmiar, wi\u0119c mo\u017ce by\u0107 zawsze pod r\u0119k\u0105.Kocyk dziany dla niemowlaka MakaszkaKocyk wykonany zosta\u0142 w 50% z bawe\u0142ny i 50% z bambusa. Dzi\u0119ki 50% w\u0142\u00f3kna bambusowego jest tak mi\u0142y i delikatny, posiada wszystkie fantastyczne w\u0142a\u015bciwo\u015bci bambusa &#8211; jest antybakteryjny, antyalergiczny i antygrzybiczny. Bambus w 30% sam si\u0119 sterylizuje. Jest szczeg\u00f3lnie polecany dzieciom z AZS. Natomiast zawarto\u015b\u0107 50% bawe\u0142ny sprawia, \u017ce kocyk jest taki puszysty i mi\u0119ciutki. Jednym s\u0142owem po\u0142\u0105czenie idealne :)Kocyk dziany mo\u017cna skompletowa\u0107 z r\u00f3\u017cnymi produktami marki Makaszka tworz\u0105c niepowtarzaln\u0105, bajecznie kolorow\u0105 aran\u017cacj\u0119 w\u00f3zka, czy te\u017c pokoiku Twojego Maluszka. Doskonale te\u017c sprawdza si\u0119 w formie stylowego prezentu dla ma\u0142ych pociech naszych przyjaci\u00f3\u0142, na baby shower i ka\u017cd\u0105 inn\u0105 mi\u0142\u0105 okazj\u0119. Kocyki Makaszka s\u0105 szyte r\u0119cznie w Polsce z najwy\u017csz\u0105 staranno\u015bci\u0105 i dba\u0142o\u015bci\u0105 o szczeg\u00f3\u0142y z tkanin najwy\u017cszej jako\u015bci daj\u0105c d\u0142ugoletni\u0105 przyjemno\u015b\u0107 z u\u017cytkowania.Specyfikacja kocyka bambus\/bawe\u0142na 80&#215;100 cm MakaszkaDedykowany Maluszkom w wieku od 0 do 36 miesi\u0119cy.wymiary: 80&#215;100 cm (+\/-2 cm)sk\u0142ad: 50% bawe\u0142na, 50% bambus.spos\u00f3b prania: pra\u0107 w pralce, w temp. 30\u00b0C,maksymalne obroty 800\/min. suszy\u0107 na p[\u0142asko, przed suszeniem uformowa\u0107. Nie suszy\u0107 w suszarce b\u0119bnowej.Naturalne tkaniny mog\u0105 si\u0119 pilingowa\u0107.<\/p>\n<h2>Kocyk Dziany Bambus Bawe\u0142na Makaszka 80X100 Cm Brudny R\u00f3\u017c Makaszka<\/h2>\n<p>bajki do czytania online, quizy online, \u017c\u0105rty na prima aprilis, zagadki logiczne dla dzieci, prezent dla 13 latki na \u015bwi\u0119ta, miriam imi\u0119, kolorowanka flamingi, zabawy z 7 latkiem, wzory zaprosze\u0144 zaproszenie na urodziny do druku pdf, pozytywne cytaty mama cytaty, kolorowanka pikachu, aurelia, ciasteczka na halloween dla dzieci, szablony do wyklejania plastelin\u0105, aurelia, wzory dyplom\u00f3w do pobrania<\/p>\n<p>yyyyy<\/p>\n<p>&nbsp;<\/p>\n","protected":false},"excerpt":{"rendered":"<p>Ciep\u0142y bambusowy kocyk niemowl\u0119cy marki MakaszkaPi\u0119kny i funkcjonalny dziany kocyk fantastycznie otuli Twojego Maluszka. Jest niezwykle mi\u0119sisty i ciep\u0142y, a zarazem delikatny i lej\u0105cy. Doskonale sprawdza si\u0119 ju\u017c od pierwszych chwil \u017cycia do \u0142\u00f3\u017ceczka, do w\u00f3zka, fotelika samochodowego i wsz\u0119dzie tam, gdzie przydaje si\u0119 kocyk. Kocyk dziany jest niezb\u0119dnym elementem ka\u017cdej wyprawki niemowl\u0119cej. Po zwini\u0119ciu [&hellip;]<\/p>\n","protected":false},"featured_media":12230,"comment_status":"closed","ping_status":"open","template":"","meta":[],"product_cat":[1006,1014],"product_tag":[697,723,605,678],"class_list":["post-12229","product","type-product","status-publish","has-post-thumbnail","hentry","product_cat-koce-i-narzuty-dzieciece","product_cat-makaszka","product_tag-krotkie-bajki-do-czytania","product_tag-krotkie-bajki-do-czytania-na-dobranoc","product_tag-milena","product_tag-prezent-na-roczek-dla-dziewczynki"],"_links":{"self":[{"href":"http:\/\/klubmamgdynia.pl\/index.php\/wp-json\/wp\/v2\/product\/12229","targetHints":{"allow":["GET"]}}],"collection":[{"href":"http:\/\/klubmamgdynia.pl\/index.php\/wp-json\/wp\/v2\/product"}],"about":[{"href":"http:\/\/klubmamgdynia.pl\/index.php\/wp-json\/wp\/v2\/types\/product"}],"replies":[{"embeddable":true,"href":"http:\/\/klubmamgdynia.pl\/index.php\/wp-json\/wp\/v2\/comments?post=12229"}],"wp:featuredmedia":[{"embeddable":true,"href":"http:\/\/klubmamgdynia.pl\/index.php\/wp-json\/wp\/v2\/media\/12230"}],"wp:attachment":[{"href":"http:\/\/klubmamgdynia.pl\/index.php\/wp-json\/wp\/v2\/media?parent=12229"}],"wp:term":[{"taxonomy":"product_cat","embeddable":true,"href":"http:\/\/klubmamgdynia.pl\/index.php\/wp-json\/wp\/v2\/product_cat?post=12229"},{"taxonomy":"product_tag","embeddable":true,"href":"http:\/\/klubmamgdynia.pl\/index.php\/wp-json\/wp\/v2\/product_tag?post=12229"}],"curies":[{"name":"wp","href":"https:\/\/api.w.org\/{rel}","templated":true}]}}