{"id":12231,"date":"2013-06-15T17:05:36","date_gmt":"2013-06-15T15:05:36","guid":{"rendered":"http:\/\/klubmamgdynia.pl\/index.php\/produkt\/kocyk-z-mikrofibry-76x102cm-3d-niebieski-mis\/"},"modified":"2026-04-30T20:44:17","modified_gmt":"2026-04-30T18:44:17","slug":"kocyk-z-mikrofibry-76x102cm-3d-niebieski-mis","status":"publish","type":"product","link":"http:\/\/klubmamgdynia.pl\/index.php\/produkt\/kocyk-z-mikrofibry-76x102cm-3d-niebieski-mis\/","title":{"rendered":"Kocyk Z Mikrofibry 76X102Cm &#8211; 3D Niebieski Mi\u015b"},"content":{"rendered":"<p>\u015aLICZNY I MILUTKI KOCYK 3D &#8211; OKRYCIE NIEBIESKI MI\u015aOferujemy rewelacyjny dwuwarstwowy kocyk z mikrofibryKocykiem mo\u017cna owin\u0105\u0107 dziecko i zapi\u0105\u0107 na rzepIdealny na prezent !Wymiary koca : 76 x 102 cm<\/p>\n<h2>Kocyk Z Mikrofibry 76X102Cm &#8211; 3D Niebieski Mi\u015b Inny<\/h2>\n<p>kolorowanki do wydrukowania, gwiazdka do druku, leon imi\u0119, domki nad morzem z atrakcjami dla dzieci, cytaty o wychowaniu dzieci, kawaly na prima aprilis, testy z lektury zemsta, cytaty z ma\u0142ego ksi\u0119cia, kolorowanki ninjago, zrobi\u0107 laurk\u0119 laurka dla babci, prezent dla 16 latka, zagadki na inteligencje, zaj\u0119cia kulinarne dla dzieci pomys\u0142y, kolorowe listki, imie pola, teksty ko\u0142ysanek, quiz dla dzieci, platformy edukacyjne dla dzieci, lodowiska w warszawie, test z lektury opowie\u015bci z narnii lew czarownica i stara szafa<\/p>\n<p>yyyyy<\/p>\n<p>&nbsp;<\/p>\n","protected":false},"excerpt":{"rendered":"<p>\u015aLICZNY I MILUTKI KOCYK 3D &#8211; OKRYCIE NIEBIESKI MI\u015aOferujemy rewelacyjny dwuwarstwowy kocyk z mikrofibryKocykiem mo\u017cna owin\u0105\u0107 dziecko i zapi\u0105\u0107 na rzepIdealny na prezent !Wymiary koca : 76 x 102 cm Kocyk Z Mikrofibry 76X102Cm &#8211; 3D Niebieski Mi\u015b Inny kolorowanki do wydrukowania, gwiazdka do druku, leon imi\u0119, domki nad morzem z atrakcjami dla dzieci, cytaty [&hellip;]<\/p>\n","protected":false},"featured_media":12232,"comment_status":"closed","ping_status":"open","template":"","meta":[],"product_cat":[169,1006],"product_tag":[819,605,695],"class_list":["post-12231","product","type-product","status-publish","has-post-thumbnail","hentry","product_cat-inny","product_cat-koce-i-narzuty-dzieciece","product_tag-co-kupic-nastolatce-na-swieta","product_tag-milena","product_tag-rzadkie-imiona-zenskie"],"_links":{"self":[{"href":"http:\/\/klubmamgdynia.pl\/index.php\/wp-json\/wp\/v2\/product\/12231","targetHints":{"allow":["GET"]}}],"collection":[{"href":"http:\/\/klubmamgdynia.pl\/index.php\/wp-json\/wp\/v2\/product"}],"about":[{"href":"http:\/\/klubmamgdynia.pl\/index.php\/wp-json\/wp\/v2\/types\/product"}],"replies":[{"embeddable":true,"href":"http:\/\/klubmamgdynia.pl\/index.php\/wp-json\/wp\/v2\/comments?post=12231"}],"wp:featuredmedia":[{"embeddable":true,"href":"http:\/\/klubmamgdynia.pl\/index.php\/wp-json\/wp\/v2\/media\/12232"}],"wp:attachment":[{"href":"http:\/\/klubmamgdynia.pl\/index.php\/wp-json\/wp\/v2\/media?parent=12231"}],"wp:term":[{"taxonomy":"product_cat","embeddable":true,"href":"http:\/\/klubmamgdynia.pl\/index.php\/wp-json\/wp\/v2\/product_cat?post=12231"},{"taxonomy":"product_tag","embeddable":true,"href":"http:\/\/klubmamgdynia.pl\/index.php\/wp-json\/wp\/v2\/product_tag?post=12231"}],"curies":[{"name":"wp","href":"https:\/\/api.w.org\/{rel}","templated":true}]}}