{"id":12233,"date":"2015-07-30T21:39:36","date_gmt":"2015-07-30T19:39:36","guid":{"rendered":"http:\/\/klubmamgdynia.pl\/index.php\/produkt\/simba-swinka-peppa-maskotka-plusz-george\/"},"modified":"2026-04-27T21:35:48","modified_gmt":"2026-04-27T19:35:48","slug":"simba-swinka-peppa-maskotka-plusz-george","status":"publish","type":"product","link":"http:\/\/klubmamgdynia.pl\/index.php\/produkt\/simba-swinka-peppa-maskotka-plusz-george\/","title":{"rendered":"Simba \u015awinka Peppa Maskotka plusz George"},"content":{"rendered":"<p>\u015awinka Peppa Maskotka pluszowaGeorge z dinozaurem, 46 cmMaskotka pluszowa z wizerunkiem brata \u015bwinki Peppy &#8211; Georges z pluszowym dinozaurem.Wysoko\u015b\u0107 46 cm, 0m+ NAZWA \u015aWINKA PEPPA MASKOTKA PLUSZ GEORGE PRODUCENT SIMBA WIEK 0M+ EAN 4006592057701 Znajd\u017a podobne wed\u0142ug klucza: SIMBA MASKOTKA (397909)<\/p>\n<h2>Simba \u015awinka Peppa Maskotka plusz George Simba<\/h2>\n<p>zagadki na logike, piosenki dla dzieci o jesieni, ksi\u0105\u017cka dla dzieci online, pola imi\u0119, prezenty dla rocznego dziecka, gabriela imie, milan imie, \u017carty na prima aprilis w domu, zimowe zagadki, milan imie, co na roczek, proste szczere \u017cyczenia bo\u017conarodzeniowe, quizy online<\/p>\n<p>yyyyy<\/p>\n<p>&nbsp;<\/p>\n","protected":false},"excerpt":{"rendered":"<p>\u015awinka Peppa Maskotka pluszowaGeorge z dinozaurem, 46 cmMaskotka pluszowa z wizerunkiem brata \u015bwinki Peppy &#8211; Georges z pluszowym dinozaurem.Wysoko\u015b\u0107 46 cm, 0m+ NAZWA \u015aWINKA PEPPA MASKOTKA PLUSZ GEORGE PRODUCENT SIMBA WIEK 0M+ EAN 4006592057701 Znajd\u017a podobne wed\u0142ug klucza: SIMBA MASKOTKA (397909) Simba \u015awinka Peppa Maskotka plusz George Simba zagadki na logike, piosenki dla dzieci o [&hellip;]<\/p>\n","protected":false},"featured_media":12234,"comment_status":"closed","ping_status":"open","template":"","meta":[],"product_cat":[42,279],"product_tag":[655,771,756],"class_list":["post-12233","product","type-product","status-publish","has-post-thumbnail","hentry","product_cat-maskotki","product_cat-simba","product_tag-najlepsze-zagadki","product_tag-stolice-europy-quiz","product_tag-zaproszenie-na-urodziny-do-druku"],"_links":{"self":[{"href":"http:\/\/klubmamgdynia.pl\/index.php\/wp-json\/wp\/v2\/product\/12233","targetHints":{"allow":["GET"]}}],"collection":[{"href":"http:\/\/klubmamgdynia.pl\/index.php\/wp-json\/wp\/v2\/product"}],"about":[{"href":"http:\/\/klubmamgdynia.pl\/index.php\/wp-json\/wp\/v2\/types\/product"}],"replies":[{"embeddable":true,"href":"http:\/\/klubmamgdynia.pl\/index.php\/wp-json\/wp\/v2\/comments?post=12233"}],"wp:featuredmedia":[{"embeddable":true,"href":"http:\/\/klubmamgdynia.pl\/index.php\/wp-json\/wp\/v2\/media\/12234"}],"wp:attachment":[{"href":"http:\/\/klubmamgdynia.pl\/index.php\/wp-json\/wp\/v2\/media?parent=12233"}],"wp:term":[{"taxonomy":"product_cat","embeddable":true,"href":"http:\/\/klubmamgdynia.pl\/index.php\/wp-json\/wp\/v2\/product_cat?post=12233"},{"taxonomy":"product_tag","embeddable":true,"href":"http:\/\/klubmamgdynia.pl\/index.php\/wp-json\/wp\/v2\/product_tag?post=12233"}],"curies":[{"name":"wp","href":"https:\/\/api.w.org\/{rel}","templated":true}]}}