{"id":12235,"date":"2022-02-19T14:43:26","date_gmt":"2022-02-19T13:43:26","guid":{"rendered":"http:\/\/klubmamgdynia.pl\/index.php\/produkt\/bildo-myszka-minnie-zestaw-kuchenny-naczynia-8414-zabawka\/"},"modified":"2026-04-06T18:01:09","modified_gmt":"2026-04-06T16:01:09","slug":"bildo-myszka-minnie-zestaw-kuchenny-naczynia-8414-zabawka","status":"publish","type":"product","link":"http:\/\/klubmamgdynia.pl\/index.php\/produkt\/bildo-myszka-minnie-zestaw-kuchenny-naczynia-8414-zabawka\/","title":{"rendered":"Bildo Myszka Minnie Zestaw kuchenny Naczynia 8414 &#8211; Zabawka"},"content":{"rendered":"<p>Zabawkowy zestaw kuchenny pozwoli dziewczynkom na przygotowanie udawanych \u015bniada\u0144, obiad\u00f3w i kolacji z kolorowymi przyborami kuchennymi.R\u00f3\u017cowe naczynia, sztu\u0107ce, kubeczek posiadaj\u0105 grafiki ze Myszk\u0105 Minnie, bohaterk\u0105 bajek dla dzieci.Sk\u0142ada si\u0119 on z 17 element\u00f3w, akcesori\u00f3w kuchennych, takich jak patelnia, garnek, talerz, sztu\u0107ce, kubek i inne. Ten uroczy zestaw z pewno\u015bci\u0105 zachwyci ka\u017cdego ma\u0142ego mi\u0142o\u015bnika przyg\u00f3d Myszki Minnie. Dziecko b\u0119dzie mog\u0142o przygotowywa\u0107 posi\u0142ki lalkom i misiom wsp\u00f3lnie ze swoj\u0105 ulubion\u0105 bohaterk\u0105. zabawka przeznaczona dla dzieci powy\u017cej 3 roku \u017cycia zawarto\u015b\u0107 zestawu: zabawkowe akcesoria kuchenne ilo\u015b\u0107 element\u00f3w: 17 wymiary opakowania: 33,5 x 22 x 8 cm kod producenta: 8414<\/p>\n<h2>Bildo Myszka Minnie Zestaw kuchenny Naczynia 8414 &#8211; Zabawka Bildo<\/h2>\n<p>prezent dla dwunastolatka, koty kolorowanki, ekskluzywny prezent na roczek, zagadki wielkanocne przedszkole, imi\u0119 miriam, flagi pa\u0144stw quiz, karaluchy pod poduchy a szczypawki, psi patrol kolorowanka do druku, imi\u0119 adriana, prezenty dla 16 latki, zaproszenie do druku<\/p>\n<p>yyyyy<\/p>\n<p>&nbsp;<\/p>\n","protected":false},"excerpt":{"rendered":"<p>Zabawkowy zestaw kuchenny pozwoli dziewczynkom na przygotowanie udawanych \u015bniada\u0144, obiad\u00f3w i kolacji z kolorowymi przyborami kuchennymi.R\u00f3\u017cowe naczynia, sztu\u0107ce, kubeczek posiadaj\u0105 grafiki ze Myszk\u0105 Minnie, bohaterk\u0105 bajek dla dzieci.Sk\u0142ada si\u0119 on z 17 element\u00f3w, akcesori\u00f3w kuchennych, takich jak patelnia, garnek, talerz, sztu\u0107ce, kubek i inne. Ten uroczy zestaw z pewno\u015bci\u0105 zachwyci ka\u017cdego ma\u0142ego mi\u0142o\u015bnika przyg\u00f3d Myszki [&hellip;]<\/p>\n","protected":false},"featured_media":12236,"comment_status":"closed","ping_status":"open","template":"","meta":[],"product_cat":[2108,53],"product_tag":[784,626,583,605],"class_list":["post-12235","product","type-product","status-publish","has-post-thumbnail","hentry","product_cat-bildo","product_cat-kaciki-zabaw","product_tag-hymn-gorniczy","product_tag-jacek","product_tag-kolysanki-dla-dzieci-tekst","product_tag-milena"],"_links":{"self":[{"href":"http:\/\/klubmamgdynia.pl\/index.php\/wp-json\/wp\/v2\/product\/12235","targetHints":{"allow":["GET"]}}],"collection":[{"href":"http:\/\/klubmamgdynia.pl\/index.php\/wp-json\/wp\/v2\/product"}],"about":[{"href":"http:\/\/klubmamgdynia.pl\/index.php\/wp-json\/wp\/v2\/types\/product"}],"replies":[{"embeddable":true,"href":"http:\/\/klubmamgdynia.pl\/index.php\/wp-json\/wp\/v2\/comments?post=12235"}],"wp:featuredmedia":[{"embeddable":true,"href":"http:\/\/klubmamgdynia.pl\/index.php\/wp-json\/wp\/v2\/media\/12236"}],"wp:attachment":[{"href":"http:\/\/klubmamgdynia.pl\/index.php\/wp-json\/wp\/v2\/media?parent=12235"}],"wp:term":[{"taxonomy":"product_cat","embeddable":true,"href":"http:\/\/klubmamgdynia.pl\/index.php\/wp-json\/wp\/v2\/product_cat?post=12235"},{"taxonomy":"product_tag","embeddable":true,"href":"http:\/\/klubmamgdynia.pl\/index.php\/wp-json\/wp\/v2\/product_tag?post=12235"}],"curies":[{"name":"wp","href":"https:\/\/api.w.org\/{rel}","templated":true}]}}