{"id":12237,"date":"2014-10-02T08:18:53","date_gmt":"2014-10-02T06:18:53","guid":{"rendered":"http:\/\/klubmamgdynia.pl\/index.php\/produkt\/triominos-classic\/"},"modified":"2026-04-29T17:17:39","modified_gmt":"2026-04-29T15:17:39","slug":"triominos-classic","status":"publish","type":"product","link":"http:\/\/klubmamgdynia.pl\/index.php\/produkt\/triominos-classic\/","title":{"rendered":"Triominos Classic"},"content":{"rendered":"<p>Triominos przypomina klasyczne domino, ale gwarantuje znacznie ciekawsz\u0119 rozgrywk\u0119.Uk\u0142adane elementy maj\u0105 kszta\u0142t r\u00f3wnobocznych tr\u00f3jk\u0105t\u00f3w z liczbami w naro\u017cnikach. Dostawiaj\u0105c kolejn\u0105 p\u0142ytk\u0119 do ju\u017c u\u0142o\u017conego uk\u0142adu, musimy zadba\u0107 o to, by numery w s\u0105siaduj\u0105cych naro\u017cnikach by\u0142y takie same.Nazwa: Gra logiczna Triominos ClassicProducent: GoliathPrzedzia\u0142 wiekowy: 5-7 lat, 8-11 latWiek: 5+P\u0142e\u0107: ch\u0142opiec \/ dziewczynkaData premiery: 2013-10-24Waga w opak [g]: 509Indeks: 13860929Nr katalogowy: 24309<\/p>\n<h2>Triominos Classic Goliath<\/h2>\n<p>kolorowanki lato, prezenty dla m\u0142odzie\u017cy, prezent dla 7 letniej dziewczynki, nadie\u017cda imi\u0119, zagadka matematyczna<\/p>\n<p>yyyyy<\/p>\n<p>&nbsp;<\/p>\n","protected":false},"excerpt":{"rendered":"<p>Triominos przypomina klasyczne domino, ale gwarantuje znacznie ciekawsz\u0119 rozgrywk\u0119.Uk\u0142adane elementy maj\u0105 kszta\u0142t r\u00f3wnobocznych tr\u00f3jk\u0105t\u00f3w z liczbami w naro\u017cnikach. Dostawiaj\u0105c kolejn\u0105 p\u0142ytk\u0119 do ju\u017c u\u0142o\u017conego uk\u0142adu, musimy zadba\u0107 o to, by numery w s\u0105siaduj\u0105cych naro\u017cnikach by\u0142y takie same.Nazwa: Gra logiczna Triominos ClassicProducent: GoliathPrzedzia\u0142 wiekowy: 5-7 lat, 8-11 latWiek: 5+P\u0142e\u0107: ch\u0142opiec \/ dziewczynkaData premiery: 2013-10-24Waga w opak [&hellip;]<\/p>\n","protected":false},"featured_media":12238,"comment_status":"closed","ping_status":"open","template":"","meta":[],"product_cat":[1173,373],"product_tag":[784,735,872],"class_list":["post-12237","product","type-product","status-publish","has-post-thumbnail","hentry","product_cat-goliath","product_cat-lamiglowki","product_tag-hymn-gorniczy","product_tag-prezent-na-roczek-dziewczynka","product_tag-zagadki-dla-dzieci-6-lat"],"_links":{"self":[{"href":"http:\/\/klubmamgdynia.pl\/index.php\/wp-json\/wp\/v2\/product\/12237","targetHints":{"allow":["GET"]}}],"collection":[{"href":"http:\/\/klubmamgdynia.pl\/index.php\/wp-json\/wp\/v2\/product"}],"about":[{"href":"http:\/\/klubmamgdynia.pl\/index.php\/wp-json\/wp\/v2\/types\/product"}],"replies":[{"embeddable":true,"href":"http:\/\/klubmamgdynia.pl\/index.php\/wp-json\/wp\/v2\/comments?post=12237"}],"wp:featuredmedia":[{"embeddable":true,"href":"http:\/\/klubmamgdynia.pl\/index.php\/wp-json\/wp\/v2\/media\/12238"}],"wp:attachment":[{"href":"http:\/\/klubmamgdynia.pl\/index.php\/wp-json\/wp\/v2\/media?parent=12237"}],"wp:term":[{"taxonomy":"product_cat","embeddable":true,"href":"http:\/\/klubmamgdynia.pl\/index.php\/wp-json\/wp\/v2\/product_cat?post=12237"},{"taxonomy":"product_tag","embeddable":true,"href":"http:\/\/klubmamgdynia.pl\/index.php\/wp-json\/wp\/v2\/product_tag?post=12237"}],"curies":[{"name":"wp","href":"https:\/\/api.w.org\/{rel}","templated":true}]}}