{"id":1224,"date":"2015-11-02T18:15:57","date_gmt":"2015-11-02T17:15:57","guid":{"rendered":"http:\/\/klubmamgdynia.pl\/index.php\/produkt\/gra-planszowa-winning-moves-number-1-spielkarten-mandalorian-wersja-niemiecka\/"},"modified":"2026-04-27T09:56:06","modified_gmt":"2026-04-27T07:56:06","slug":"gra-planszowa-winning-moves-number-1-spielkarten-mandalorian-wersja-niemiecka","status":"publish","type":"product","link":"http:\/\/klubmamgdynia.pl\/index.php\/produkt\/gra-planszowa-winning-moves-number-1-spielkarten-mandalorian-wersja-niemiecka\/","title":{"rendered":"Gra planszowa Winning Moves Number 1 Spielkarten Mandalorian (wersja niemiecka)"},"content":{"rendered":"<p>Es war einmal vor langer Zeit in einer weit, weit entfernten Galaxis&#8230;Folgen Sie dem Weg des einsamen mandalorianischen Revolverhelden in diesem brandneuen Kartenspiel.Mit dem Lieblingscharakter der TV-Serie, Baby Yoda, und den Nebencharakteren Cara Dune, Greef Karga, IG-11, Kuiil, den Sturmtruppen und vielen mehr.Dieses Kartenspiel ist perfekt f\u00fcr unterwegs und Kartenschlachten au\u00dferhalb der Galaxie.<\/p>\n<h2>Gra planszowa Winning Moves Number 1 Spielkarten Mandalorian (wersja niemiecka) WINNING MOVES<\/h2>\n<p>zagadki dla 4 latka, asiunia pytania do lektury, kolorowanki do druku dla doros\u0142ych, pytania zagadki, zagadki matematyczne z odpowiedziami, karty pracy polsko ukrai\u0144skie, jakie prezenty na roczek, bursztynek, kolorowanki jesie\u0144 do druku, quiz o usa, zaproszenia na urodziny do druku, zaproszenia na urodziny do druku, prezent dla nastolatki, pomys\u0142 na prezent dla 15 latki, wiersz o marzannie<\/p>\n<p>yyyyy<\/p>\n<p>&nbsp;<\/p>\n","protected":false},"excerpt":{"rendered":"<p>Es war einmal vor langer Zeit in einer weit, weit entfernten Galaxis&#8230;Folgen Sie dem Weg des einsamen mandalorianischen Revolverhelden in diesem brandneuen Kartenspiel.Mit dem Lieblingscharakter der TV-Serie, Baby Yoda, und den Nebencharakteren Cara Dune, Greef Karga, IG-11, Kuiil, den Sturmtruppen und vielen mehr.Dieses Kartenspiel ist perfekt f\u00fcr unterwegs und Kartenschlachten au\u00dferhalb der Galaxie. Gra planszowa [&hellip;]<\/p>\n","protected":false},"featured_media":1225,"comment_status":"closed","ping_status":"open","template":"","meta":[],"product_cat":[235,226],"product_tag":[728,792,738,714],"class_list":["post-1224","product","type-product","status-publish","has-post-thumbnail","hentry","product_cat-gry-planszowe","product_cat-winning-moves","product_tag-bezwarunkowa-milosc-do-dziecka-cytaty","product_tag-cytaty-o-mamie","product_tag-wroclaw-dla-dzieci","product_tag-zagadki-logiczne"],"_links":{"self":[{"href":"http:\/\/klubmamgdynia.pl\/index.php\/wp-json\/wp\/v2\/product\/1224","targetHints":{"allow":["GET"]}}],"collection":[{"href":"http:\/\/klubmamgdynia.pl\/index.php\/wp-json\/wp\/v2\/product"}],"about":[{"href":"http:\/\/klubmamgdynia.pl\/index.php\/wp-json\/wp\/v2\/types\/product"}],"replies":[{"embeddable":true,"href":"http:\/\/klubmamgdynia.pl\/index.php\/wp-json\/wp\/v2\/comments?post=1224"}],"wp:featuredmedia":[{"embeddable":true,"href":"http:\/\/klubmamgdynia.pl\/index.php\/wp-json\/wp\/v2\/media\/1225"}],"wp:attachment":[{"href":"http:\/\/klubmamgdynia.pl\/index.php\/wp-json\/wp\/v2\/media?parent=1224"}],"wp:term":[{"taxonomy":"product_cat","embeddable":true,"href":"http:\/\/klubmamgdynia.pl\/index.php\/wp-json\/wp\/v2\/product_cat?post=1224"},{"taxonomy":"product_tag","embeddable":true,"href":"http:\/\/klubmamgdynia.pl\/index.php\/wp-json\/wp\/v2\/product_tag?post=1224"}],"curies":[{"name":"wp","href":"https:\/\/api.w.org\/{rel}","templated":true}]}}