{"id":12241,"date":"2011-02-17T10:30:27","date_gmt":"2011-02-17T09:30:27","guid":{"rendered":"http:\/\/klubmamgdynia.pl\/index.php\/produkt\/czuczu-6607578-ksiazeczka-edukacyjna-zabawy-na-start-moj-rok\/"},"modified":"2026-05-17T22:29:51","modified_gmt":"2026-05-17T20:29:51","slug":"czuczu-6607578-ksiazeczka-edukacyjna-zabawy-na-start-moj-rok","status":"publish","type":"product","link":"http:\/\/klubmamgdynia.pl\/index.php\/produkt\/czuczu-6607578-ksiazeczka-edukacyjna-zabawy-na-start-moj-rok\/","title":{"rendered":"Czuczu 6607578 Ksi\u0105\u017ceczka Edukacyjna Zabawy Na Start. M\u00f3j Rok"},"content":{"rendered":"<p>Zestaw edukacyjny sk\u0142ada si\u0119 z ksi\u0105\u017ceczki harmonijki oraz pierwszej gry.Ksi\u0105\u017ceczka w przyst\u0119pny i przyjazny spos\u00f3b porusza tematyk\u0119 blisk\u0105 maluchom: to, co dzieje si\u0119 wok\u00f3\u0142 nich w ci\u0105gu roku.Naturaln\u0105 kontynuacj\u0105 lektury jest zabawa w dok\u0142adanie \u017ceton\u00f3w \u2013 to spos\u00f3b na \u0107wiczenie spostrzegawczo\u015bci i utrwalanie nowo poznanych s\u0142\u00f3w.Zabawy na start pomagaj\u0105 rozwija\u0107 umiej\u0119tno\u015b\u0107 komunikowania si\u0119 bez s\u0142\u00f3w. Poziom zabawy mo\u017cna \u0142atwo dostosowa\u0107 do wieku i rozwijaj\u0105cych si\u0119 umiej\u0119tno\u015bci dziecka.To \u015bwietny pomys\u0142 na prezent dla malucha.Zestaw zawiera:obserwacyjn\u0105 ksi\u0105\u017ceczk\u0119 harmonijk\u0119 (98 cm)pierwsz\u0105 gr\u0119: 4 plansze i 16 \u017ceton\u00f3wporadnik dla rodzic\u00f3w<\/p>\n<h2>Czuczu 6607578 Ksi\u0105\u017ceczka Edukacyjna Zabawy Na Start. M\u00f3j Rok <\/h2>\n<p>prezent dla 15 latka, m.i.a., mariola, quizy ortograficzne trudne, cytat dziecko, zagadki wielkanocne dla doros\u0142ych, lucjan imi\u0119, kolorowanki pikachu, nauka pisania wyraz\u00f3w dla dzieci do druku pdf, bajka psi patrol do czytania, sonia imi\u0119, wzruszaj\u0105ce s\u0142owa dla przyjaciela, znajd\u017a r\u00f3\u017cnice do druku, wroc\u0142aw dla dzieci, na wyspach bergamutach, test wiedzy z lektury przygody tomka sawyera z odpowiedziami, zagadki dla dzieci 7-8 lat online, zwierz\u0119ta z plasteliny, kolorowanka dla dziewczynki, karteczki wydruku wr\u00f3\u017cby andrzejkowe dla dzieci, pan twardowski na ksi\u0119\u017cycu wiersz<\/p>\n<p>yyyyy<\/p>\n<p>&nbsp;<\/p>\n","protected":false},"excerpt":{"rendered":"<p>Zestaw edukacyjny sk\u0142ada si\u0119 z ksi\u0105\u017ceczki harmonijki oraz pierwszej gry.Ksi\u0105\u017ceczka w przyst\u0119pny i przyjazny spos\u00f3b porusza tematyk\u0119 blisk\u0105 maluchom: to, co dzieje si\u0119 wok\u00f3\u0142 nich w ci\u0105gu roku.Naturaln\u0105 kontynuacj\u0105 lektury jest zabawa w dok\u0142adanie \u017ceton\u00f3w \u2013 to spos\u00f3b na \u0107wiczenie spostrzegawczo\u015bci i utrwalanie nowo poznanych s\u0142\u00f3w.Zabawy na start pomagaj\u0105 rozwija\u0107 umiej\u0119tno\u015b\u0107 komunikowania si\u0119 bez s\u0142\u00f3w. [&hellip;]<\/p>\n","protected":false},"featured_media":12242,"comment_status":"closed","ping_status":"open","template":"","meta":[],"product_cat":[537],"product_tag":[775,624,835,741,733],"class_list":["post-12241","product","type-product","status-publish","has-post-thumbnail","hentry","product_cat-pozostale-zabawki-edukacyjne","product_tag-kolorowanki-do-druku-pokemon","product_tag-krotkie-zagadki","product_tag-radosc-dziecka-cytaty","product_tag-wlochy","product_tag-zarty-na-prima-aprilis"],"_links":{"self":[{"href":"http:\/\/klubmamgdynia.pl\/index.php\/wp-json\/wp\/v2\/product\/12241","targetHints":{"allow":["GET"]}}],"collection":[{"href":"http:\/\/klubmamgdynia.pl\/index.php\/wp-json\/wp\/v2\/product"}],"about":[{"href":"http:\/\/klubmamgdynia.pl\/index.php\/wp-json\/wp\/v2\/types\/product"}],"replies":[{"embeddable":true,"href":"http:\/\/klubmamgdynia.pl\/index.php\/wp-json\/wp\/v2\/comments?post=12241"}],"wp:featuredmedia":[{"embeddable":true,"href":"http:\/\/klubmamgdynia.pl\/index.php\/wp-json\/wp\/v2\/media\/12242"}],"wp:attachment":[{"href":"http:\/\/klubmamgdynia.pl\/index.php\/wp-json\/wp\/v2\/media?parent=12241"}],"wp:term":[{"taxonomy":"product_cat","embeddable":true,"href":"http:\/\/klubmamgdynia.pl\/index.php\/wp-json\/wp\/v2\/product_cat?post=12241"},{"taxonomy":"product_tag","embeddable":true,"href":"http:\/\/klubmamgdynia.pl\/index.php\/wp-json\/wp\/v2\/product_tag?post=12241"}],"curies":[{"name":"wp","href":"https:\/\/api.w.org\/{rel}","templated":true}]}}