{"id":12243,"date":"2011-03-01T09:36:47","date_gmt":"2011-03-01T08:36:47","guid":{"rendered":"http:\/\/klubmamgdynia.pl\/index.php\/produkt\/ses-creative-duzy-zestaw-1-farby-do-malowania-palcami-zyrafa\/"},"modified":"2026-04-20T12:00:57","modified_gmt":"2026-04-20T10:00:57","slug":"ses-creative-duzy-zestaw-1-farby-do-malowania-palcami-zyrafa","status":"publish","type":"product","link":"http:\/\/klubmamgdynia.pl\/index.php\/produkt\/ses-creative-duzy-zestaw-1-farby-do-malowania-palcami-zyrafa\/","title":{"rendered":"Ses Creative Du\u017cy Zestaw 1 Farby Do Malowania Palcami \u017byrafa"},"content":{"rendered":"<p>Odkrywasz kreatywno\u015b\u0107 za pomoc\u0105 farb do malowania palcami? Dzi\u0119ki temu zestawowi z SES Creativ e i &#8222;Sophie la girafe&#8221; jest to mo\u017cliwe r\u00f3wnie\u017c dla najm\u0142odszych dzieci od 12 miesi\u0105ca \u017cycia! W\u015blizgnij si\u0119 do \u0142adnego fartucha, przygotuj papier, otw\u00f3rz garnki z farb\u0105 i zabawa w malowanie mo\u017ce si\u0119 rozpocz\u0105\u0107. Po prostu pozw\u00f3l dzieciom kreatywnie odpocz\u0105\u0107 z czterema kolorami: czerwonym, niebieskim, \u017c\u00f3\u0142tym i zielonym na bia\u0142ych li\u015bciach. Nast\u0119pnie po\u0142\u00f3\u017c jeden ze s\u0142odkich szablon\u00f3w na jeszcze mokrej farbie. W ten spos\u00f3b mo\u017cna w mgnieniu oka stworzy\u0107 \u0142adne motywy obrazkowe &#8222;Sophie la girafe&#8221; za pomoc\u0105 samodzielnie pomalowanego wzoru.szczeg\u00f3\u0142y dotycz\u0105ce produktu:Wymiary: (d\u0142ugo\u015b\u0107 x wysoko\u015b\u0107 x szeroko\u015b\u0107) ok. 20 x 4 x 20 cmZawarto\u015b\u0107: 4 garnki z farb\u0105 palcow\u0105, fartuch dzieci\u0119cy, 8 kartek podtrzymuj\u0105cych, 8 kartek bia\u0142ego papieruFartuszek dzieci\u0119cy mo\u017cna \u0142atwo za\u0142o\u017cy\u0107 i zdj\u0105\u0107Fartuszek dzieci\u0119cy z zapi\u0119ciem na rzepFartuch nie przeciekaDu\u017ce opakowanie (prezent)Namaluj swoje pierwsze kreatywne zdj\u0119cie\u015awietna zabawa dla rodzic\u00f3w z ma\u0142ymi dzie\u0107miHipoalergiczny i bezglutenowyPromuje drobne umiej\u0119tno\u015bci motoryczneWiek: od 12 miesi\u0119cyUwaga:Zawiera drobne cz\u0119\u015bci!<\/p>\n<h2>Ses Creative Du\u017cy Zestaw 1 Farby Do Malowania Palcami \u017byrafa Ses Creative<\/h2>\n<p>origami dla dzieci, wystawy dla dzieci warszawa, zagadki dla dzieci 6 lat, opisy do zdj\u0119\u0107 z dzieckiem, literki do druku, zagadki przyrodnicze, zagadki \u015bwi\u0105teczne dla dzieci, co mo\u017cna zrobi\u0107 z rolek po papierze toaletowym, jak narysowa\u0107 nos, ciekawe zagadki, historia pluszowego misia dla dzieci, prezenty dla m\u0142odzie\u017cy, opis o dziecku, czasdzieci krak\u00f3w, cytaty na dzie\u0144 nauczyciela, kr\u00f3tkie bajki dla dzieci, park so\u0142acki, by\u0142 sobie kr\u00f3l<\/p>\n<p>yyyyy<\/p>\n<p>&nbsp;<\/p>\n","protected":false},"excerpt":{"rendered":"<p>Odkrywasz kreatywno\u015b\u0107 za pomoc\u0105 farb do malowania palcami? Dzi\u0119ki temu zestawowi z SES Creativ e i &#8222;Sophie la girafe&#8221; jest to mo\u017cliwe r\u00f3wnie\u017c dla najm\u0142odszych dzieci od 12 miesi\u0105ca \u017cycia! W\u015blizgnij si\u0119 do \u0142adnego fartucha, przygotuj papier, otw\u00f3rz garnki z farb\u0105 i zabawa w malowanie mo\u017ce si\u0119 rozpocz\u0105\u0107. Po prostu pozw\u00f3l dzieciom kreatywnie odpocz\u0105\u0107 z [&hellip;]<\/p>\n","protected":false},"featured_media":12244,"comment_status":"closed","ping_status":"open","template":"","meta":[],"product_cat":[1072,297],"product_tag":[700,752,703,651],"class_list":["post-12243","product","type-product","status-publish","has-post-thumbnail","hentry","product_cat-ses-creative","product_cat-szkolne-artykuly-plastyczne","product_tag-bajki-do-czytania-dla-dzieci","product_tag-kuba-imie","product_tag-prezent-dla-nastolatki","product_tag-quizy-online"],"_links":{"self":[{"href":"http:\/\/klubmamgdynia.pl\/index.php\/wp-json\/wp\/v2\/product\/12243","targetHints":{"allow":["GET"]}}],"collection":[{"href":"http:\/\/klubmamgdynia.pl\/index.php\/wp-json\/wp\/v2\/product"}],"about":[{"href":"http:\/\/klubmamgdynia.pl\/index.php\/wp-json\/wp\/v2\/types\/product"}],"replies":[{"embeddable":true,"href":"http:\/\/klubmamgdynia.pl\/index.php\/wp-json\/wp\/v2\/comments?post=12243"}],"wp:featuredmedia":[{"embeddable":true,"href":"http:\/\/klubmamgdynia.pl\/index.php\/wp-json\/wp\/v2\/media\/12244"}],"wp:attachment":[{"href":"http:\/\/klubmamgdynia.pl\/index.php\/wp-json\/wp\/v2\/media?parent=12243"}],"wp:term":[{"taxonomy":"product_cat","embeddable":true,"href":"http:\/\/klubmamgdynia.pl\/index.php\/wp-json\/wp\/v2\/product_cat?post=12243"},{"taxonomy":"product_tag","embeddable":true,"href":"http:\/\/klubmamgdynia.pl\/index.php\/wp-json\/wp\/v2\/product_tag?post=12243"}],"curies":[{"name":"wp","href":"https:\/\/api.w.org\/{rel}","templated":true}]}}