{"id":12245,"date":"2017-10-19T16:19:58","date_gmt":"2017-10-19T14:19:58","guid":{"rendered":"http:\/\/klubmamgdynia.pl\/index.php\/produkt\/anekke-plecak-z-dwiema-komorami-voice-respect\/"},"modified":"2026-05-17T22:28:59","modified_gmt":"2026-05-17T20:28:59","slug":"anekke-plecak-z-dwiema-komorami-voice-respect","status":"publish","type":"product","link":"http:\/\/klubmamgdynia.pl\/index.php\/produkt\/anekke-plecak-z-dwiema-komorami-voice-respect\/","title":{"rendered":"Anekke Plecak Z Dwiema Komorami Voice Respect"},"content":{"rendered":"<p>Idealny plecak z kolekcji Anekke Rescpect do codziennego u\u017cytku, kt\u00f3ry ma nowoczesny design i odpowiedni\u0105 ilo\u015b\u0107 elegancji, kt\u00f3rej szuka\u0142a\u015b. Ten design i funkcjonalno\u015b\u0107 przyci\u0105gnie ka\u017cd\u0105 fank\u0119 stylu Anekke i nie tylko! \u2661 \u2661 \u2661 Ca\u0142o\u015b\u0107 to ma\u0142e arcydzie\u0142o! Torby, plecaki, portfele i akcesoria marki Anekke doskonale sprawdzaj\u0105 si\u0119 w casualowych i sportowych stylizacjach i bez problemu sprawdz\u0105 si\u0119 zar\u00f3wno w pracy, jak iw podr\u00f3\u017cy.Je\u015bli lubisz eksperymentowa\u0107 z nieszablonowym stylem, kochasz nowe kombinacje, je\u015bli chcesz stworzy\u0107 mod\u0119 odpowiadaj\u0105c\u0105 Twoim gustom, to produkty marki Anekke stan\u0105 si\u0119 Twoim ulubionym dodatkiem. Anekke Voice Respect &#8211; we all a born equal czyli wszyscy urodzili\u015bmy si\u0119 r\u00f3wni! Ka\u017cda torebka, plecak, saszetka Anekke Respect jest sam\u0105 w sobie deklaracj\u0105 pokoju, mi\u0142o\u015bci i r\u00f3wno\u015bci. Kupuj\u0105c produkty z tej kolekcji przekazujesz swoj\u0105 wiadomo\u015b\u0107 z Anekke: wszyscy urodzili\u015bmy si\u0119 r\u00f3wni! Nadruk Anekke Respect jest pe\u0142en przes\u0142a\u0144, s\u0142\u00f3w, symboli pokoju&#8230; Ka\u017cdy kawa\u0142ek b\u0119dzie Ci codziennie przypomina\u0142, \u017ce Tw\u00f3j g\u0142os ma znaczenie! Jedn\u0105 z ciekawostek Anekke Respect jest to, \u017ce niekt\u00f3re modele maj\u0105 oryginalny materia\u0142 wykrojnikowy, w kt\u00f3rym odkryjesz oryginaln\u0105 szarad\u0119 alfabetyczn\u0105: znajdziesz s\u0142owa takie jak RIGHTS (prawa), CHANGE (zmiana), RESPECT (szacunek). Znajd\u017a je wszystkie! Jedna z g\u0142\u00f3wnych przypinek &#8211; broszek przy Anekke Respect w kszta\u0142cie kolorowych serc, reprezentuje ponad 200 grup etnicznych w Kanadzie. Odkryj wszystkie sekrety Anekke Respect!<\/p>\n<h2>Anekke Plecak Z Dwiema Komorami Voice Respect <\/h2>\n<p>zgadywanki dla dzieci, opowie\u015bci z narni lew czarownica i stara szafa test, a \u015bpij kochanie, wiersz o marzannie, zagadki dla 4 latka, rainbow dash kolorowanka, cytaty o przyja\u017ani ma\u0142y ksi\u0105\u017c\u0119<\/p>\n<p>yyyyy<\/p>\n<p>&nbsp;<\/p>\n","protected":false},"excerpt":{"rendered":"<p>Idealny plecak z kolekcji Anekke Rescpect do codziennego u\u017cytku, kt\u00f3ry ma nowoczesny design i odpowiedni\u0105 ilo\u015b\u0107 elegancji, kt\u00f3rej szuka\u0142a\u015b. Ten design i funkcjonalno\u015b\u0107 przyci\u0105gnie ka\u017cd\u0105 fank\u0119 stylu Anekke i nie tylko! \u2661 \u2661 \u2661 Ca\u0142o\u015b\u0107 to ma\u0142e arcydzie\u0142o! Torby, plecaki, portfele i akcesoria marki Anekke doskonale sprawdzaj\u0105 si\u0119 w casualowych i sportowych stylizacjach i bez [&hellip;]<\/p>\n","protected":false},"featured_media":12246,"comment_status":"closed","ping_status":"open","template":"","meta":[],"product_cat":[127],"product_tag":[681,596,783,628,597,633],"class_list":["post-12245","product","type-product","status-publish","has-post-thumbnail","hentry","product_cat-akcesoria-do-wozkow","product_tag-flagi-europy-quiz","product_tag-pomysly-na-prima-aprilis","product_tag-prezenty-na-roczek-dla-chlopca","product_tag-zagadka","product_tag-zagadki-o-zimie","product_tag-zagadki-z-odpowiedziami"],"_links":{"self":[{"href":"http:\/\/klubmamgdynia.pl\/index.php\/wp-json\/wp\/v2\/product\/12245","targetHints":{"allow":["GET"]}}],"collection":[{"href":"http:\/\/klubmamgdynia.pl\/index.php\/wp-json\/wp\/v2\/product"}],"about":[{"href":"http:\/\/klubmamgdynia.pl\/index.php\/wp-json\/wp\/v2\/types\/product"}],"replies":[{"embeddable":true,"href":"http:\/\/klubmamgdynia.pl\/index.php\/wp-json\/wp\/v2\/comments?post=12245"}],"wp:featuredmedia":[{"embeddable":true,"href":"http:\/\/klubmamgdynia.pl\/index.php\/wp-json\/wp\/v2\/media\/12246"}],"wp:attachment":[{"href":"http:\/\/klubmamgdynia.pl\/index.php\/wp-json\/wp\/v2\/media?parent=12245"}],"wp:term":[{"taxonomy":"product_cat","embeddable":true,"href":"http:\/\/klubmamgdynia.pl\/index.php\/wp-json\/wp\/v2\/product_cat?post=12245"},{"taxonomy":"product_tag","embeddable":true,"href":"http:\/\/klubmamgdynia.pl\/index.php\/wp-json\/wp\/v2\/product_tag?post=12245"}],"curies":[{"name":"wp","href":"https:\/\/api.w.org\/{rel}","templated":true}]}}