{"id":12251,"date":"2013-05-06T04:04:53","date_gmt":"2013-05-06T02:04:53","guid":{"rendered":"http:\/\/klubmamgdynia.pl\/index.php\/produkt\/zaffiro-spiworek-do-wozka-grow-up-2-0-plusz-flori-blue\/"},"modified":"2026-04-21T02:32:56","modified_gmt":"2026-04-21T00:32:56","slug":"zaffiro-spiworek-do-wozka-grow-up-2-0-plusz-flori-blue","status":"publish","type":"product","link":"http:\/\/klubmamgdynia.pl\/index.php\/produkt\/zaffiro-spiworek-do-wozka-grow-up-2-0-plusz-flori-blue\/","title":{"rendered":"Zaffiro \u015apiworek do w\u00f3zka Grow Up 2.0 Plusz Flori Blue"},"content":{"rendered":"<p>&#8211; wodoodporny i wiatroszczelny &#8211; pasuje do gondoli, spacer\u00f3wki i fotelika &#8211; wn\u0119trze wykonane z mi\u0119ciutkiego pluszu &#8211; 3 d\u0142ugo\u015bci: 81\/92\/110 cm &#8211; certyfikowane materia\u0142y<\/p>\n<h2>Zaffiro \u015apiworek do w\u00f3zka Grow Up 2.0 Plusz Flori Blue Zaffiro<\/h2>\n<p>kolorowanka dla dzieci, znane misie z film\u00f3w animowanych, rzadkie imiona, myszka minnie kolorowanka, koty do druku, zagadki do rozwi\u0105zania, zaproszenia urodzinowe do wydruku chomikuj, bajka do czytania o piesku, listy do \u015bwi\u0119tego miko\u0142aja, miko\u0142ajki dla dzieci warszawa 2021, \u015bmigus dyngus lany poniedzia\u0142ek zyczenia, jak narysowa\u0107 oko, bajki na dobranoc, gabriela, krzy\u017c\u00f3wki dla dzieci do druku, znaczenie imiona alan<\/p>\n<p>yyyyy<\/p>\n<p>&nbsp;<\/p>\n","protected":false},"excerpt":{"rendered":"<p>&#8211; wodoodporny i wiatroszczelny &#8211; pasuje do gondoli, spacer\u00f3wki i fotelika &#8211; wn\u0119trze wykonane z mi\u0119ciutkiego pluszu &#8211; 3 d\u0142ugo\u015bci: 81\/92\/110 cm &#8211; certyfikowane materia\u0142y Zaffiro \u015apiworek do w\u00f3zka Grow Up 2.0 Plusz Flori Blue Zaffiro kolorowanka dla dzieci, znane misie z film\u00f3w animowanych, rzadkie imiona, myszka minnie kolorowanka, koty do druku, zagadki do rozwi\u0105zania, [&hellip;]<\/p>\n","protected":false},"featured_media":12252,"comment_status":"closed","ping_status":"open","template":"","meta":[],"product_cat":[395,1500],"product_tag":[731,672,869],"class_list":["post-12251","product","type-product","status-publish","has-post-thumbnail","hentry","product_cat-spiworki","product_cat-zaffiro","product_tag-maly-ksiaze-cytaty","product_tag-trudne-zagadki-z-odpowiedziami","product_tag-zagadki-na-logike"],"_links":{"self":[{"href":"http:\/\/klubmamgdynia.pl\/index.php\/wp-json\/wp\/v2\/product\/12251","targetHints":{"allow":["GET"]}}],"collection":[{"href":"http:\/\/klubmamgdynia.pl\/index.php\/wp-json\/wp\/v2\/product"}],"about":[{"href":"http:\/\/klubmamgdynia.pl\/index.php\/wp-json\/wp\/v2\/types\/product"}],"replies":[{"embeddable":true,"href":"http:\/\/klubmamgdynia.pl\/index.php\/wp-json\/wp\/v2\/comments?post=12251"}],"wp:featuredmedia":[{"embeddable":true,"href":"http:\/\/klubmamgdynia.pl\/index.php\/wp-json\/wp\/v2\/media\/12252"}],"wp:attachment":[{"href":"http:\/\/klubmamgdynia.pl\/index.php\/wp-json\/wp\/v2\/media?parent=12251"}],"wp:term":[{"taxonomy":"product_cat","embeddable":true,"href":"http:\/\/klubmamgdynia.pl\/index.php\/wp-json\/wp\/v2\/product_cat?post=12251"},{"taxonomy":"product_tag","embeddable":true,"href":"http:\/\/klubmamgdynia.pl\/index.php\/wp-json\/wp\/v2\/product_tag?post=12251"}],"curies":[{"name":"wp","href":"https:\/\/api.w.org\/{rel}","templated":true}]}}