{"id":12253,"date":"2012-03-12T00:22:03","date_gmt":"2012-03-11T23:22:03","guid":{"rendered":"http:\/\/klubmamgdynia.pl\/index.php\/produkt\/woodyland-woody-przystanek-kolejowy-wd92106\/"},"modified":"2026-04-19T11:22:01","modified_gmt":"2026-04-19T09:22:01","slug":"woodyland-woody-przystanek-kolejowy-wd92106","status":"publish","type":"product","link":"http:\/\/klubmamgdynia.pl\/index.php\/produkt\/woodyland-woody-przystanek-kolejowy-wd92106\/","title":{"rendered":"Woodyland Woody Przystanek Kolejowy (Wd92106)"},"content":{"rendered":"<p>Kolejna propozycja do rozbudowy zestawu kolejkowego. Tym razem Woodyland zaprojektowa\u0142 nowoczesny przystanek kolejowy. Ta ma\u0142a stacja przyda si\u0119, aby poci\u0105gi osobowe mia\u0142y gdzie si\u0119 zatrzyma\u0107. Pasa\u017cerowie proszenie odsun\u0105\u0107 si\u0119 od tor\u00f3w, poci\u0105g ju\u017c nadje\u017cd\u017ca!Stacja jest wykonana z drewna z ciekawym przezroczystym zadaszeniem z tworzywa. Drewnaiana podstawa umo\u017cliwia do\u0142\u0105czenie tor\u00f3w po obu stronach tak, aby ca\u0142o\u015b\u0107 mo\u017cna by\u0142o \u0142atwo po\u0142\u0105czy\u0107 z Waszymi torami.Zabawka zaprojektowana zosta\u0142a przez znanego czeskiego projektanta Josefa Zaruba.Wymiary: 17 x 12 x 11cmWiek: 3+Referencja: WD92106Deklaracja zgodno\u015bci:CE<\/p>\n<h2>Woodyland Woody Przystanek Kolejowy (Wd92106) Woodyland<\/h2>\n<p>imi\u0119 kuba, my little pony kolorowanki, milan imie, buziak gify na dobranoc smieszne, list do sw mikolaja, krecik bajka, cytaty dziecko, prezenty na roczek dla dziewczynki<\/p>\n<p>yyyyy<\/p>\n<p>&nbsp;<\/p>\n","protected":false},"excerpt":{"rendered":"<p>Kolejna propozycja do rozbudowy zestawu kolejkowego. Tym razem Woodyland zaprojektowa\u0142 nowoczesny przystanek kolejowy. Ta ma\u0142a stacja przyda si\u0119, aby poci\u0105gi osobowe mia\u0142y gdzie si\u0119 zatrzyma\u0107. Pasa\u017cerowie proszenie odsun\u0105\u0107 si\u0119 od tor\u00f3w, poci\u0105g ju\u017c nadje\u017cd\u017ca!Stacja jest wykonana z drewna z ciekawym przezroczystym zadaszeniem z tworzywa. Drewnaiana podstawa umo\u017cliwia do\u0142\u0105czenie tor\u00f3w po obu stronach tak, aby ca\u0142o\u015b\u0107 [&hellip;]<\/p>\n","protected":false},"featured_media":12254,"comment_status":"closed","ping_status":"open","template":"","meta":[],"product_cat":[56,1652],"product_tag":[578,620,741,714],"class_list":["post-12253","product","type-product","status-publish","has-post-thumbnail","hentry","product_cat-kolejki","product_cat-woodyland","product_tag-fajne-zarty-na-prima-aprilis","product_tag-quiz-opowiesci-z-narnii","product_tag-wlochy","product_tag-zagadki-logiczne"],"_links":{"self":[{"href":"http:\/\/klubmamgdynia.pl\/index.php\/wp-json\/wp\/v2\/product\/12253","targetHints":{"allow":["GET"]}}],"collection":[{"href":"http:\/\/klubmamgdynia.pl\/index.php\/wp-json\/wp\/v2\/product"}],"about":[{"href":"http:\/\/klubmamgdynia.pl\/index.php\/wp-json\/wp\/v2\/types\/product"}],"replies":[{"embeddable":true,"href":"http:\/\/klubmamgdynia.pl\/index.php\/wp-json\/wp\/v2\/comments?post=12253"}],"wp:featuredmedia":[{"embeddable":true,"href":"http:\/\/klubmamgdynia.pl\/index.php\/wp-json\/wp\/v2\/media\/12254"}],"wp:attachment":[{"href":"http:\/\/klubmamgdynia.pl\/index.php\/wp-json\/wp\/v2\/media?parent=12253"}],"wp:term":[{"taxonomy":"product_cat","embeddable":true,"href":"http:\/\/klubmamgdynia.pl\/index.php\/wp-json\/wp\/v2\/product_cat?post=12253"},{"taxonomy":"product_tag","embeddable":true,"href":"http:\/\/klubmamgdynia.pl\/index.php\/wp-json\/wp\/v2\/product_tag?post=12253"}],"curies":[{"name":"wp","href":"https:\/\/api.w.org\/{rel}","templated":true}]}}