{"id":12257,"date":"2018-05-01T04:29:25","date_gmt":"2018-05-01T02:29:25","guid":{"rendered":"http:\/\/klubmamgdynia.pl\/index.php\/produkt\/tuner-cyfrowy-usb-dvb-t2-h-265-hevc-rebel-dla-komputerow-pc\/"},"modified":"2026-05-17T22:05:17","modified_gmt":"2026-05-17T20:05:17","slug":"tuner-cyfrowy-usb-dvb-t2-h-265-hevc-rebel-dla-komputerow-pc","status":"publish","type":"product","link":"http:\/\/klubmamgdynia.pl\/index.php\/produkt\/tuner-cyfrowy-usb-dvb-t2-h-265-hevc-rebel-dla-komputerow-pc\/","title":{"rendered":"Tuner cyfrowy USB DVB-T2 H.265 HEVC REBEL dla komputer\u00f3w PC"},"content":{"rendered":"<p>Tuner DVB-T2 HEVC<br \/>\nRebel Comp                            <\/p>\n<p>Planujesz d\u0142u\u017cszy<br \/>\npobyt na dzia\u0142ce albo kempingu? Zabierz ze sob\u0105 swoje ulubione programy<br \/>\ntelewizyjne i b\u0105d\u017a na bie\u017c\u0105co! Tuner cyfrowy Rebel to niewielkich rozmiar\u00f3w<br \/>\nurz\u0105dzenie, kt\u00f3re zapewnia doskona\u0142\u0105 jako\u015b\u0107 cyfrowego odbioru naziemnej<br \/>\ntelewizji w standardzie DVB-T, DVB-T2 HEVC oraz DVB-C na notebookach i<br \/>\nkomputerach klasy PC. Dzi\u0119ki intuicyjnemu oprogramowaniu instalacja tunera jest<br \/>\nniezwykle \u0142atwa i szybka.                            <\/p>\n<p>Rozbudowana funkcjonalno\u015b\u0107Tuner DVB-T do laptopa Rebel charakteryzuj\u0105ce si\u0119 du\u017c\u0105 czu\u0142o\u015bci\u0105 na sygna\u0142 oraz umo\u017cliwia dostosowanie jasno\u015bci, kontrastu, nasycenia obrazu. Urz\u0105dzenie posiada tak\u017ce wiele rozbudowanych funkcji m.in. obs\u0142ug\u0119 napis\u00f3w, teletekstu, zatrzymanie kana\u0142u transmitowanego na \u017cywo (Time Shift), obs\u0142ug\u0119 nagrywania i przechwytywanie wideo w czasie rzeczywistym. Dodatkowo tuner odtwarza d\u017awi\u0119k stereo oraz umo\u017cliwia s\u0142uchanie radia w standardzie FM, DAB, VHF i UHF.<\/p>\n<h2>Tuner cyfrowy USB DVB-T2 H.265 HEVC REBEL dla komputer\u00f3w PC Rebel<\/h2>\n<p>znaczenie imiona pola, kolorowanki na dzie\u0144 babci, kwiaty polne nazwy i zdj\u0119cia, cytaty o dzieciach i rodzinie, malowanki do wydruku, quiz konie, gry dla nastolatk\u00f3w, zagadka<\/p>\n<p>yyyyy<\/p>\n<p>&nbsp;<\/p>\n","protected":false},"excerpt":{"rendered":"<p>Tuner DVB-T2 HEVC Rebel Comp Planujesz d\u0142u\u017cszy pobyt na dzia\u0142ce albo kempingu? Zabierz ze sob\u0105 swoje ulubione programy telewizyjne i b\u0105d\u017a na bie\u017c\u0105co! Tuner cyfrowy Rebel to niewielkich rozmiar\u00f3w urz\u0105dzenie, kt\u00f3re zapewnia doskona\u0142\u0105 jako\u015b\u0107 cyfrowego odbioru naziemnej telewizji w standardzie DVB-T, DVB-T2 HEVC oraz DVB-C na notebookach i komputerach klasy PC. Dzi\u0119ki intuicyjnemu oprogramowaniu instalacja [&hellip;]<\/p>\n","protected":false},"featured_media":12258,"comment_status":"closed","ping_status":"open","template":"","meta":[],"product_cat":[219,2110],"product_tag":[832,654,614,646,811],"class_list":["post-12257","product","type-product","status-publish","has-post-thumbnail","hentry","product_cat-rebel","product_cat-tunery-naziemne","product_tag-desery-dla-dzieci","product_tag-krotkie-bajki-dla-dzieci-do-czytania","product_tag-pia","product_tag-prezent-na-pierwsze-urodziny","product_tag-zagadki-logiczne-dla-dzieci"],"_links":{"self":[{"href":"http:\/\/klubmamgdynia.pl\/index.php\/wp-json\/wp\/v2\/product\/12257","targetHints":{"allow":["GET"]}}],"collection":[{"href":"http:\/\/klubmamgdynia.pl\/index.php\/wp-json\/wp\/v2\/product"}],"about":[{"href":"http:\/\/klubmamgdynia.pl\/index.php\/wp-json\/wp\/v2\/types\/product"}],"replies":[{"embeddable":true,"href":"http:\/\/klubmamgdynia.pl\/index.php\/wp-json\/wp\/v2\/comments?post=12257"}],"wp:featuredmedia":[{"embeddable":true,"href":"http:\/\/klubmamgdynia.pl\/index.php\/wp-json\/wp\/v2\/media\/12258"}],"wp:attachment":[{"href":"http:\/\/klubmamgdynia.pl\/index.php\/wp-json\/wp\/v2\/media?parent=12257"}],"wp:term":[{"taxonomy":"product_cat","embeddable":true,"href":"http:\/\/klubmamgdynia.pl\/index.php\/wp-json\/wp\/v2\/product_cat?post=12257"},{"taxonomy":"product_tag","embeddable":true,"href":"http:\/\/klubmamgdynia.pl\/index.php\/wp-json\/wp\/v2\/product_tag?post=12257"}],"curies":[{"name":"wp","href":"https:\/\/api.w.org\/{rel}","templated":true}]}}